{"id":9749,"date":"2022-06-08T11:29:44","date_gmt":"2022-06-08T09:29:44","guid":{"rendered":"https:\/\/hugas.lt\/?post_type=product&#038;p=9749"},"modified":"2023-01-21T12:49:55","modified_gmt":"2023-01-21T10:49:55","slug":"spinta-stiklinemis-durimis-1950x600x500","status":"publish","type":"product","link":"https:\/\/hugas.lt\/en\/product\/spinta-stiklinemis-durimis-1950x600x500\/","title":{"rendered":"Spinta stiklin\u0117mis durimis 1950x600x500"},"content":{"rendered":"<h2>Spinta stiklin\u0117mis durimis 1950x600x500<\/h2>\n<p>&nbsp;<\/p>\n<p>Metalin\u0117 daikt\u0173 saugojimo spinta stiklin\u0117mis durimis. 12 dureli\u0173. Durel\u0117s rakinamos. Spinta su kojel\u0117mis. Spalva RAL 7035.<\/p>\n<p>&nbsp;<\/p>\n<p><img decoding=\"async\" class=\"alignnone size-medium wp-image-9751\" src=\"https:\/\/hugas.lt\/wp-content\/uploads\/2022\/06\/spinta-stiklinemis-durimis-2-300x169.jpg\" alt=\"\" width=\"300\" height=\"169\" srcset=\"https:\/\/hugas.lt\/wp-content\/uploads\/2022\/06\/spinta-stiklinemis-durimis-2-300x169.jpg 300w, https:\/\/hugas.lt\/wp-content\/uploads\/2022\/06\/spinta-stiklinemis-durimis-2-1024x576.jpg 1024w, https:\/\/hugas.lt\/wp-content\/uploads\/2022\/06\/spinta-stiklinemis-durimis-2-768x432.jpg 768w, https:\/\/hugas.lt\/wp-content\/uploads\/2022\/06\/spinta-stiklinemis-durimis-2-1536x864.jpg 1536w, https:\/\/hugas.lt\/wp-content\/uploads\/2022\/06\/spinta-stiklinemis-durimis-2-510x287.jpg 510w, https:\/\/hugas.lt\/wp-content\/uploads\/2022\/06\/spinta-stiklinemis-durimis-2-64x36.jpg 64w, https:\/\/hugas.lt\/wp-content\/uploads\/2022\/06\/spinta-stiklinemis-durimis-2.jpg 1920w\" sizes=\"(max-width: 300px) 100vw, 300px\" \/> <img decoding=\"async\" class=\"alignnone size-medium wp-image-9750\" src=\"https:\/\/hugas.lt\/wp-content\/uploads\/2022\/06\/spinta-stiklinemis-durimis-3-300x169.jpg\" alt=\"spinta stiklinemis durimis 3\" width=\"300\" height=\"169\" srcset=\"https:\/\/hugas.lt\/wp-content\/uploads\/2022\/06\/spinta-stiklinemis-durimis-3-300x169.jpg 300w, https:\/\/hugas.lt\/wp-content\/uploads\/2022\/06\/spinta-stiklinemis-durimis-3-1024x576.jpg 1024w, https:\/\/hugas.lt\/wp-content\/uploads\/2022\/06\/spinta-stiklinemis-durimis-3-768x432.jpg 768w, https:\/\/hugas.lt\/wp-content\/uploads\/2022\/06\/spinta-stiklinemis-durimis-3-1536x864.jpg 1536w, https:\/\/hugas.lt\/wp-content\/uploads\/2022\/06\/spinta-stiklinemis-durimis-3-510x287.jpg 510w, https:\/\/hugas.lt\/wp-content\/uploads\/2022\/06\/spinta-stiklinemis-durimis-3-64x36.jpg 64w, https:\/\/hugas.lt\/wp-content\/uploads\/2022\/06\/spinta-stiklinemis-durimis-3.jpg 1920w\" sizes=\"(max-width: 300px) 100vw, 300px\" \/><\/p>","protected":false},"excerpt":{"rendered":"<p>Auk\u0161ta kokyb\u0117 | Gera kaina | Greitas pristatymas |<\/p>","protected":false},"featured_media":9753,"comment_status":"open","ping_status":"closed","template":"","meta":[],"product_cat":[19,36],"product_tag":[],"_links":{"self":[{"href":"https:\/\/hugas.lt\/en\/wp-json\/wp\/v2\/product\/9749"}],"collection":[{"href":"https:\/\/hugas.lt\/en\/wp-json\/wp\/v2\/product"}],"about":[{"href":"https:\/\/hugas.lt\/en\/wp-json\/wp\/v2\/types\/product"}],"replies":[{"embeddable":true,"href":"https:\/\/hugas.lt\/en\/wp-json\/wp\/v2\/comments?post=9749"}],"wp:featuredmedia":[{"embeddable":true,"href":"https:\/\/hugas.lt\/en\/wp-json\/wp\/v2\/media\/9753"}],"wp:attachment":[{"href":"https:\/\/hugas.lt\/en\/wp-json\/wp\/v2\/media?parent=9749"}],"wp:term":[{"taxonomy":"product_cat","embeddable":true,"href":"https:\/\/hugas.lt\/en\/wp-json\/wp\/v2\/product_cat?post=9749"},{"taxonomy":"product_tag","embeddable":true,"href":"https:\/\/hugas.lt\/en\/wp-json\/wp\/v2\/product_tag?post=9749"}],"curies":[{"name":"wp","href":"https:\/\/api.w.org\/{rel}","templated":true}]}}