{"id":9732,"date":"2022-06-07T12:03:18","date_gmt":"2022-06-07T10:03:18","guid":{"rendered":"https:\/\/hugas.lt\/?post_type=product&#038;p=9732"},"modified":"2022-06-07T12:13:19","modified_gmt":"2022-06-07T10:13:19","slug":"nedegi-kartoteku-spinta-1124x675x528-mm","status":"publish","type":"product","link":"https:\/\/hugas.lt\/en\/product\/nedegi-kartoteku-spinta-1124x675x528-mm\/","title":{"rendered":"Nedegi kartotek\u0173 spinta 1124x675x528 mm"},"content":{"rendered":"<h2>Nedegi kartotek\u0173 spinta 1124x675x528 mm<\/h2>\n<p>Spintel\u0117se sumontuoti stal\u010diai su laikymo sistema \u012fvairi\u0173 format\u0173 aplankams pakabinti. D\u0117\u017e\u0117se taip pat yra \u012frengtos papildomos pertvaros, kurios leid\u017eia \u012f byl\u0105 sud\u0117ti A5, A6 formato dokumentus. Ant kiekvienos d\u0117\u017eut\u0117s fasado yra r\u0117melio identifikatorius, leid\u017eiantis tvarkyti archyv\u0105 pagal temas, ab\u0117c\u0117l\u0117s tvarka, pagal svarb\u0105 ir t.t. Sertifikuotos Europos S\u0105jungoje. DFC serijos kartotek\u0173 spintos turi 60B apsaugos klas\u0119, o tai rei\u0161kia patikim\u0105 apsaug\u0105 nuo atviros liepsnos 60 minu\u010di\u0173.<\/p>\n<h3>Daugiau informacijos apie produkt\u0105<\/h3>\n<div class=\"productPage_info_description product_Information_Update\">Optimizuokite popieri\u0173 ir dokument\u0173 saugojim\u0105 \u012fsigydami \u0161i\u0105 prakti\u0161k\u0105 kartotek\u0173 spint\u0105.<\/div>\n<div class=\"productPage_info_description product_Information_Update\">Tai auk\u0161tos kokyb\u0117s spinta, kuri savo dizaino d\u0117ka tinka daugelyje biur\u0173.<\/div>\n<div class=\"productPage_info_description product_Information_Update\">Stal\u010diai yra pilnai i\u0161traukiami.<\/div>\n<div class=\"productPage_info_description product_Information_Update\">Stabilum\u0105 u\u017etikrinanti funkcija garantuoja, kad spinta nevirs \u012f priek\u012f kuomet stal\u010diai bus i\u0161traukti.<\/div>\n<div class=\"productPage_info_description product_Information_Update\">U\u017eraktas rakina visus stal\u010dius vienu metu ir maksimaliai apsaugo turin\u012f.<\/div>\n<div class=\"productPage_info_description product_Information_Update\">Kartotek\u0173 spinta\/aplank\u0173 spinta pagaminta i\u0161 lak\u0161tinio plieno, kuris da\u017eytas RAL7035 spalvos milteline emale.<\/div>\n<div><\/div>\n<div><\/div>","protected":false},"excerpt":{"rendered":"<p>Tvirta, patikima ir ilgaam\u017e\u0117 kartotek\u0173 spinta puikiai tinka naudoti biure.<\/p>\n<p>&nbsp;<\/p>","protected":false},"featured_media":9736,"comment_status":"open","ping_status":"closed","template":"","meta":[],"product_cat":[19,33,32],"product_tag":[],"_links":{"self":[{"href":"https:\/\/hugas.lt\/en\/wp-json\/wp\/v2\/product\/9732"}],"collection":[{"href":"https:\/\/hugas.lt\/en\/wp-json\/wp\/v2\/product"}],"about":[{"href":"https:\/\/hugas.lt\/en\/wp-json\/wp\/v2\/types\/product"}],"replies":[{"embeddable":true,"href":"https:\/\/hugas.lt\/en\/wp-json\/wp\/v2\/comments?post=9732"}],"wp:featuredmedia":[{"embeddable":true,"href":"https:\/\/hugas.lt\/en\/wp-json\/wp\/v2\/media\/9736"}],"wp:attachment":[{"href":"https:\/\/hugas.lt\/en\/wp-json\/wp\/v2\/media?parent=9732"}],"wp:term":[{"taxonomy":"product_cat","embeddable":true,"href":"https:\/\/hugas.lt\/en\/wp-json\/wp\/v2\/product_cat?post=9732"},{"taxonomy":"product_tag","embeddable":true,"href":"https:\/\/hugas.lt\/en\/wp-json\/wp\/v2\/product_tag?post=9732"}],"curies":[{"name":"wp","href":"https:\/\/api.w.org\/{rel}","templated":true}]}}