{"id":9712,"date":"2022-04-26T10:25:19","date_gmt":"2022-04-26T08:25:19","guid":{"rendered":"https:\/\/hugas.lt\/?post_type=product&#038;p=9712"},"modified":"2025-03-27T12:57:13","modified_gmt":"2025-03-27T10:57:13","slug":"persirengimo-spintele-vaikams-1300x600x350","status":"publish","type":"product","link":"https:\/\/hugas.lt\/en\/product\/persirengimo-spintele-vaikams-1300x600x350\/","title":{"rendered":"Persirengimo spintel\u0117 vaikams 1300x600x350"},"content":{"rendered":"<h2>Metalin\u0117 persirengimo spintel\u0117 vaikams 1300x600x350 dviej\u0173 dur\u0173<\/h2>\n<p>Mokyklin\u0117 persirengimo spintel\u0117<\/p>\n<p>Metalin\u0117 persirengimo spintel\u0117 SOD-300\/2 pagaminta i\u0161 storasienio 0,8mm lak\u0161tinio plieno ir nuda\u017eyta korozijai atsparia milteline emale. Tvirta ir patikima korpuso ir dureli\u0173 konstrukcija. Durel\u0117s suvirintos konstrukcijos ir papildomai sustiprintos standumo briaunomis. Unikalaus dizaino ventiliacin\u0117s angos dureli\u0173 vir\u0161uje ir apa\u010dioje. Sumontuoti guminiai amortizatoriai tyliam dureli\u0173 u\u017edarymui. Guminiai padeliai po spintos cokoliu. Centrinis u\u017eraktas (2 raktai). Kiekvienas spintel\u0117s skyrius turi lentyn\u0117l\u0119 daiktams bei batams ir skersin\u012f pakaboms. Spintel\u0117s dugnas perforuotas, kad b\u016bt\u0173 u\u017etikrinama nepriekai\u0161tinga ventiliacija. Spintel\u0117 gali b\u016bti statoma ant kojeli\u0173 (kojeli\u0173 ie\u0161koti skiltyje priedai spintoms). Spint\u0173 vir\u0161uje pritvirtintos ausel\u0117s spintos tvirtinimui prie sienos, kad b\u016bt\u0173 garantuotas saugumas, ir spintos nevirst\u0173 jei vaikai sugalvot\u0173 jas judinti ar suptis ant dureli\u0173. Kiekvienose durel\u0117se \u012fmontuotas laikiklis vardo kortelei. Durys su ranken\u0117l\u0117mis. Dur\u0173 vidin\u0117je pus\u0117je magnetai, kurie u\u017etikrins, kad durys b\u016bt\u0173 tvirtai u\u017esidariusios nors nebus u\u017erakintos. Spintel\u0117 puikiai tiks tiek dar\u017eeliams, tiek ir pradinukams mokykloje. Korpuso spalva m\u0117lyna, dureli\u0173 geltona.<\/p>\n<p><img decoding=\"async\" class=\"alignnone wp-image-11219\" src=\"https:\/\/hugas.lt\/wp-content\/uploads\/2022\/04\/Subject-3.png\" alt=\"\" width=\"509\" height=\"893\" srcset=\"https:\/\/hugas.lt\/wp-content\/uploads\/2022\/04\/Subject-3.png 1701w, https:\/\/hugas.lt\/wp-content\/uploads\/2022\/04\/Subject-3-171x300.png 171w, https:\/\/hugas.lt\/wp-content\/uploads\/2022\/04\/Subject-3-584x1024.png 584w, https:\/\/hugas.lt\/wp-content\/uploads\/2022\/04\/Subject-3-768x1347.png 768w, https:\/\/hugas.lt\/wp-content\/uploads\/2022\/04\/Subject-3-876x1536.png 876w, https:\/\/hugas.lt\/wp-content\/uploads\/2022\/04\/Subject-3-1167x2048.png 1167w, https:\/\/hugas.lt\/wp-content\/uploads\/2022\/04\/Subject-3-7x12.png 7w, https:\/\/hugas.lt\/wp-content\/uploads\/2022\/04\/Subject-3-510x895.png 510w, https:\/\/hugas.lt\/wp-content\/uploads\/2022\/04\/Subject-3-64x112.png 64w\" sizes=\"(max-width: 509px) 100vw, 509px\" \/><\/p>\n<p><img decoding=\"async\" class=\"alignnone wp-image-9715\" src=\"https:\/\/hugas.lt\/wp-content\/uploads\/2022\/04\/persirengimo-spintele-vaikams-2-300x169.jpg\" alt=\"persirengimo spintele\" width=\"451\" height=\"254\" srcset=\"https:\/\/hugas.lt\/wp-content\/uploads\/2022\/04\/persirengimo-spintele-vaikams-2-300x169.jpg 300w, https:\/\/hugas.lt\/wp-content\/uploads\/2022\/04\/persirengimo-spintele-vaikams-2-1024x576.jpg 1024w, https:\/\/hugas.lt\/wp-content\/uploads\/2022\/04\/persirengimo-spintele-vaikams-2-768x432.jpg 768w, https:\/\/hugas.lt\/wp-content\/uploads\/2022\/04\/persirengimo-spintele-vaikams-2-1536x864.jpg 1536w, https:\/\/hugas.lt\/wp-content\/uploads\/2022\/04\/persirengimo-spintele-vaikams-2-510x287.jpg 510w, https:\/\/hugas.lt\/wp-content\/uploads\/2022\/04\/persirengimo-spintele-vaikams-2-64x36.jpg 64w, https:\/\/hugas.lt\/wp-content\/uploads\/2022\/04\/persirengimo-spintele-vaikams-2.jpg 1920w\" sizes=\"(max-width: 451px) 100vw, 451px\" \/> <img decoding=\"async\" class=\"alignnone wp-image-9714\" src=\"https:\/\/hugas.lt\/wp-content\/uploads\/2022\/04\/persirengimo-spintele-vaikams-1-300x169.jpg\" alt=\"persirengimo spintele\" width=\"451\" height=\"255\" srcset=\"https:\/\/hugas.lt\/wp-content\/uploads\/2022\/04\/persirengimo-spintele-vaikams-1-300x169.jpg 300w, https:\/\/hugas.lt\/wp-content\/uploads\/2022\/04\/persirengimo-spintele-vaikams-1-1024x576.jpg 1024w, https:\/\/hugas.lt\/wp-content\/uploads\/2022\/04\/persirengimo-spintele-vaikams-1-768x432.jpg 768w, https:\/\/hugas.lt\/wp-content\/uploads\/2022\/04\/persirengimo-spintele-vaikams-1-1536x864.jpg 1536w, https:\/\/hugas.lt\/wp-content\/uploads\/2022\/04\/persirengimo-spintele-vaikams-1-510x287.jpg 510w, https:\/\/hugas.lt\/wp-content\/uploads\/2022\/04\/persirengimo-spintele-vaikams-1-64x36.jpg 64w, https:\/\/hugas.lt\/wp-content\/uploads\/2022\/04\/persirengimo-spintele-vaikams-1.jpg 1920w\" sizes=\"(max-width: 451px) 100vw, 451px\" \/><\/p>\n<p>Metaliniai baldai \u2013 vienas populiariausi\u0173 m\u016bs\u0173 si\u016blom\u0173 produkt\u0173. Persirengimo spintos naudojamos r\u016bbin\u0117se darbuotoj\u0173 r\u016bbams ir asmeniniams daiktams laikyti. \u0160ias persirengimo spinteles naudoja \u012fvairi\u0173 sri\u010di\u0173 m\u016bs\u0173 klientai, tai maisto pramon\u0117s, sand\u0117li\u0173, gamybini\u0173, prekybini\u0173 \u012fmoni\u0173 patalpose. \u0160ios r\u016bb\u0173 spintel\u0117s yra tvirtos, lengvai valomos ir eksploatuojamos. Durel\u0117se \u012fmontuotos angos ventiliacijai u\u017etikrina oro cirkuliacij\u0105, Jei tenka persirengimo spintel\u0117je vienu metu kabinti darbinius ir \u0161varius kasdienius drabu\u017eius, o pergyvenate, kad nepageidaujami kvapai ar purvas gali persiduoti, rekomenduojame rinktis <a href=\"https:\/\/hugas.lt\/en\/product\/persirengimo-spintele-1800x800x500\/\">https:\/\/hugas.lt\/produktas\/persirengimo-spintele-1800x800x500\/<\/a> Vienoje persirengimo spintel\u0117s sekcijoje tur\u0117site dvi ertmes, \u0161variems ir darbiniams drabu\u017eiams laikyti.<\/p>\n<p>&nbsp;<\/p>","protected":false},"excerpt":{"rendered":"<p>Auk\u0161tis &#8211; 1300mm;<\/p>\n<p>Gylis &#8211; 350mm;<\/p>\n<p>Plotis &#8211; 600mm;<\/p>\n<p>Med\u017eiaga &#8211; 0,8 mm. plienas;<\/p>\n<p>Padengimas &#8211; miltelinis.<\/p>\n<p>Svoris &#8211; 21,55 kg.<\/p>\n<p>U\u017eraktas &#8211; cilindrinis, 2 raktai komplekte.<\/p>","protected":false},"featured_media":9713,"comment_status":"open","ping_status":"closed","template":"","meta":[],"product_cat":[74],"product_tag":[],"_links":{"self":[{"href":"https:\/\/hugas.lt\/en\/wp-json\/wp\/v2\/product\/9712"}],"collection":[{"href":"https:\/\/hugas.lt\/en\/wp-json\/wp\/v2\/product"}],"about":[{"href":"https:\/\/hugas.lt\/en\/wp-json\/wp\/v2\/types\/product"}],"replies":[{"embeddable":true,"href":"https:\/\/hugas.lt\/en\/wp-json\/wp\/v2\/comments?post=9712"}],"wp:featuredmedia":[{"embeddable":true,"href":"https:\/\/hugas.lt\/en\/wp-json\/wp\/v2\/media\/9713"}],"wp:attachment":[{"href":"https:\/\/hugas.lt\/en\/wp-json\/wp\/v2\/media?parent=9712"}],"wp:term":[{"taxonomy":"product_cat","embeddable":true,"href":"https:\/\/hugas.lt\/en\/wp-json\/wp\/v2\/product_cat?post=9712"},{"taxonomy":"product_tag","embeddable":true,"href":"https:\/\/hugas.lt\/en\/wp-json\/wp\/v2\/product_tag?post=9712"}],"curies":[{"name":"wp","href":"https:\/\/api.w.org\/{rel}","templated":true}]}}