{"id":9684,"date":"2022-04-25T10:58:41","date_gmt":"2022-04-25T08:58:41","guid":{"rendered":"https:\/\/hugas.lt\/?post_type=product&#038;p=9684"},"modified":"2023-01-22T13:29:14","modified_gmt":"2023-01-22T11:29:14","slug":"spintele-mobiliuju-irenginiu-ikrovimui-1900x600x600-rakinama","status":"publish","type":"product","link":"https:\/\/hugas.lt\/en\/product\/spintele-mobiliuju-irenginiu-ikrovimui-1900x600x600-rakinama\/","title":{"rendered":"Spintel\u0117 mobili\u0173j\u0173 \u012frengini\u0173 \u012fkrovimui 1900x600x600 rakinama"},"content":{"rendered":"<h2>Spintel\u0117 mobili\u0173j\u0173 \u012frengini\u0173 \u012fkrovimui 1900x600x600 rakinama, metalin\u0117<\/h2>\n<p>Spintel\u0117 skirta mobili\u0173j\u0173 \u012frengini\u0173 pakrovimui bei saugojimui vienu metu. Kiekvienas skyrelis turi po 2 raktus komplekte.<\/p>\n<p><img decoding=\"async\" class=\"alignnone size-medium wp-image-9686\" src=\"https:\/\/hugas.lt\/wp-content\/uploads\/2022\/04\/sekcine-spinta-su-rozetemis-2-300x169.jpg\" alt=\"sekcin\u0117 spinta\" width=\"300\" height=\"169\" srcset=\"https:\/\/hugas.lt\/wp-content\/uploads\/2022\/04\/sekcine-spinta-su-rozetemis-2-300x169.jpg 300w, https:\/\/hugas.lt\/wp-content\/uploads\/2022\/04\/sekcine-spinta-su-rozetemis-2-1024x576.jpg 1024w, https:\/\/hugas.lt\/wp-content\/uploads\/2022\/04\/sekcine-spinta-su-rozetemis-2-768x432.jpg 768w, https:\/\/hugas.lt\/wp-content\/uploads\/2022\/04\/sekcine-spinta-su-rozetemis-2-1536x864.jpg 1536w, https:\/\/hugas.lt\/wp-content\/uploads\/2022\/04\/sekcine-spinta-su-rozetemis-2-510x287.jpg 510w, https:\/\/hugas.lt\/wp-content\/uploads\/2022\/04\/sekcine-spinta-su-rozetemis-2-64x36.jpg 64w, https:\/\/hugas.lt\/wp-content\/uploads\/2022\/04\/sekcine-spinta-su-rozetemis-2.jpg 1920w\" sizes=\"(max-width: 300px) 100vw, 300px\" \/> <img decoding=\"async\" class=\"alignnone size-medium wp-image-9685\" src=\"https:\/\/hugas.lt\/wp-content\/uploads\/2022\/04\/sekcine-spinta-su-rozetemis-1-300x169.jpg\" alt=\"sekcin\u0117 spinta\" width=\"300\" height=\"169\" srcset=\"https:\/\/hugas.lt\/wp-content\/uploads\/2022\/04\/sekcine-spinta-su-rozetemis-1-300x169.jpg 300w, https:\/\/hugas.lt\/wp-content\/uploads\/2022\/04\/sekcine-spinta-su-rozetemis-1-1024x576.jpg 1024w, https:\/\/hugas.lt\/wp-content\/uploads\/2022\/04\/sekcine-spinta-su-rozetemis-1-768x432.jpg 768w, https:\/\/hugas.lt\/wp-content\/uploads\/2022\/04\/sekcine-spinta-su-rozetemis-1-1536x864.jpg 1536w, https:\/\/hugas.lt\/wp-content\/uploads\/2022\/04\/sekcine-spinta-su-rozetemis-1-510x287.jpg 510w, https:\/\/hugas.lt\/wp-content\/uploads\/2022\/04\/sekcine-spinta-su-rozetemis-1-64x36.jpg 64w, https:\/\/hugas.lt\/wp-content\/uploads\/2022\/04\/sekcine-spinta-su-rozetemis-1.jpg 1920w\" sizes=\"(max-width: 300px) 100vw, 300px\" \/><\/p>","protected":false},"excerpt":{"rendered":"<p>Auk\u0161tis &#8211; 1900 mm.<\/p>\n<p>Plotis &#8211; 600 mm.<\/p>\n<p>Gylis &#8211; 600 mm.<\/p>\n<p>Padengimas &#8211; miltelinis RAL 7035.<\/p>\n<p>10 skyreli\u0173.<\/p>","protected":false},"featured_media":9688,"comment_status":"open","ping_status":"closed","template":"","meta":[],"product_cat":[19,36],"product_tag":[],"_links":{"self":[{"href":"https:\/\/hugas.lt\/en\/wp-json\/wp\/v2\/product\/9684"}],"collection":[{"href":"https:\/\/hugas.lt\/en\/wp-json\/wp\/v2\/product"}],"about":[{"href":"https:\/\/hugas.lt\/en\/wp-json\/wp\/v2\/types\/product"}],"replies":[{"embeddable":true,"href":"https:\/\/hugas.lt\/en\/wp-json\/wp\/v2\/comments?post=9684"}],"wp:featuredmedia":[{"embeddable":true,"href":"https:\/\/hugas.lt\/en\/wp-json\/wp\/v2\/media\/9688"}],"wp:attachment":[{"href":"https:\/\/hugas.lt\/en\/wp-json\/wp\/v2\/media?parent=9684"}],"wp:term":[{"taxonomy":"product_cat","embeddable":true,"href":"https:\/\/hugas.lt\/en\/wp-json\/wp\/v2\/product_cat?post=9684"},{"taxonomy":"product_tag","embeddable":true,"href":"https:\/\/hugas.lt\/en\/wp-json\/wp\/v2\/product_tag?post=9684"}],"curies":[{"name":"wp","href":"https:\/\/api.w.org\/{rel}","templated":true}]}}