{"id":9659,"date":"2022-04-25T09:46:36","date_gmt":"2022-04-25T07:46:36","guid":{"rendered":"https:\/\/hugas.lt\/?post_type=product&#038;p=9659"},"modified":"2023-01-21T12:50:44","modified_gmt":"2023-01-21T10:50:44","slug":"sekcine-spinta-1800x500x300-3-dureliu","status":"publish","type":"product","link":"https:\/\/hugas.lt\/en\/product\/sekcine-spinta-1800x500x300-3-dureliu\/","title":{"rendered":"Sekcin\u0117 spinta 1800x500x300 3 dureli\u0173"},"content":{"rendered":"<h2>Sekcin\u0117 spinta 1800x500x300 3 dureli\u0173 metalin\u0117, rakinama.<\/h2>\n<div>Sekcin\u0117 spinta tinkama sporto klubams, mokykloms, gamybini\u0173 \u012fmoni\u0173 darbuotoj\u0173 r\u016bbams laikyti<\/div>\n<div><\/div>\n<div>Durel\u0117s rakinamos cilindriniu vienpusiu u\u017eraktu, komplekte dveji raktai. U\u017eraktas \u2013 raktinis.<\/div>\n<div><\/div>\n<div>Sekcin\u0117 spinta gali b\u016bti su kojel\u0117mis. Kojeles galite \u012fsigyti atskirai kataloge PRIEDAI SPINTOMS.<\/div>\n<div><\/div>\n<div>Durel\u0117s sustiprintos i\u0161tisin\u0117mis standumo briaunomis. Spintos pagamintos i\u0161 0,8 mm storio plieno, padengti polimerine milteline emale. Spintel\u0117 pilkos (RAL 7035) spalvos.<\/div>\n<div>Jei pageidaujate r\u016bbin\u0117s spintel\u0119 \u012fsigyti kitos spalvos, kreipkit\u0117s info@hugas.lt<\/div>\n<div>Metalin\u0117 persirengimo spinta lengvai valoma dr\u0117gnu b\u016bdu. Sand\u0117lyje turimas kiekis pristatomas per 3 \u2013 5 darbo dienas. U\u017esakant, r\u016bbin\u0117s drabu\u017ei\u0173 spintel\u0117 pristatoma per 6 \u2013 8 savaites.<\/div>\n<div><\/div>\n<div>Sekcinei spintai suteikiama 2 met\u0173 garantija.<\/div>\n<div>Metaliniai baldai \u2013 vienas populiariausi\u0173 m\u016bs\u0173 si\u016blom\u0173 produkt\u0173. Persirengimo spintos naudojamos r\u016bbin\u0117se darbuotoj\u0173 r\u016bbams ir asmeniniams daiktams laikyti.<\/div>\n<div>\u0160ias persirengimo spinteles naudoja \u012fvairi\u0173 sri\u010di\u0173 m\u016bs\u0173 klientai, tai maisto pramon\u0117s, sand\u0117li\u0173, gamybini\u0173, prekybini\u0173, ugdymo, sveikatos \u012fmoni\u0173 patalpose.<\/div>\n<div>\u0160ios r\u016bb\u0173 spintel\u0117s yra tvirtos, lengvai valomos ir eksploatuojamos.<\/div>\n<div>\u0160ios drabu\u017ei\u0173 spintel\u0117s taip pat populiarios ugdymo \u012fstaigose, universitetuose, mokyklose, vaik\u0173 dar\u017eeliuose ir pan. Mokyklin\u0117s spintel\u0117s itin patogios moksleivi\u0173 knygoms, sporto aprangai, r\u016bbams laikyti. Da\u017enu atveju mokymo \u012fstaigos \u012fsigyja trij\u0173 ar keturi\u0173 skyri\u0173 metalines drabu\u017ei\u0173 spinteles arba to paties stiliaus a\u0161tuoni\u0173 dur\u0173 persirengimo spinteles.<\/div>\n<div>Tai spintel\u0117s sporto klubams. Jos tinkamos telefon\u0173, pinigini\u0173 ar kit\u0173 smulkesni\u0173 verting\u0173 daikt\u0173 laikymui.<\/div>\n<div>Metaliniai baldai greitai internetu.<\/div>\n<div><\/div>\n<div><img decoding=\"async\" class=\"alignnone size-medium wp-image-9649\" src=\"https:\/\/hugas.lt\/wp-content\/uploads\/2022\/04\/cilindrinis-uzraktas-euro-lock-233x300.jpeg\" alt=\"\" width=\"233\" height=\"300\" srcset=\"https:\/\/hugas.lt\/wp-content\/uploads\/2022\/04\/cilindrinis-uzraktas-euro-lock-233x300.jpeg 233w, https:\/\/hugas.lt\/wp-content\/uploads\/2022\/04\/cilindrinis-uzraktas-euro-lock-64x82.jpeg 64w, https:\/\/hugas.lt\/wp-content\/uploads\/2022\/04\/cilindrinis-uzraktas-euro-lock.jpeg 466w\" sizes=\"(max-width: 233px) 100vw, 233px\" \/> <img decoding=\"async\" class=\"alignnone size-medium wp-image-9662\" src=\"https:\/\/hugas.lt\/wp-content\/uploads\/2022\/04\/sekcijine-spinta-3-dureliu-pagrindine-3-257x300.jpg\" alt=\"sekcijin\u0117 spinta\" width=\"257\" height=\"300\" srcset=\"https:\/\/hugas.lt\/wp-content\/uploads\/2022\/04\/sekcijine-spinta-3-dureliu-pagrindine-3-257x300.jpg 257w, https:\/\/hugas.lt\/wp-content\/uploads\/2022\/04\/sekcijine-spinta-3-dureliu-pagrindine-3-877x1024.jpg 877w, https:\/\/hugas.lt\/wp-content\/uploads\/2022\/04\/sekcijine-spinta-3-dureliu-pagrindine-3-768x897.jpg 768w, https:\/\/hugas.lt\/wp-content\/uploads\/2022\/04\/sekcijine-spinta-3-dureliu-pagrindine-3-510x595.jpg 510w, https:\/\/hugas.lt\/wp-content\/uploads\/2022\/04\/sekcijine-spinta-3-dureliu-pagrindine-3-64x75.jpg 64w, https:\/\/hugas.lt\/wp-content\/uploads\/2022\/04\/sekcijine-spinta-3-dureliu-pagrindine-3.jpg 925w\" sizes=\"(max-width: 257px) 100vw, 257px\" \/><\/div>","protected":false},"excerpt":{"rendered":"<p>Sekcin\u0117s spintos techniniai duomenys:<\/p>\n<p>Auk\u0161tis &#8211; 1800 mm.<\/p>\n<p>Plotis &#8211; 300 mm.<\/p>\n<p>Gylis &#8211; 500 mm.<\/p>\n<p>Med\u017eiaga &#8211; metalas.<\/p>\n<p>Spalva &#8211; RAL7035.<\/p>\n<p>Svoris &#8211; 19,6 kg.<\/p>","protected":false},"featured_media":9660,"comment_status":"open","ping_status":"closed","template":"","meta":[],"product_cat":[19,36],"product_tag":[],"_links":{"self":[{"href":"https:\/\/hugas.lt\/en\/wp-json\/wp\/v2\/product\/9659"}],"collection":[{"href":"https:\/\/hugas.lt\/en\/wp-json\/wp\/v2\/product"}],"about":[{"href":"https:\/\/hugas.lt\/en\/wp-json\/wp\/v2\/types\/product"}],"replies":[{"embeddable":true,"href":"https:\/\/hugas.lt\/en\/wp-json\/wp\/v2\/comments?post=9659"}],"wp:featuredmedia":[{"embeddable":true,"href":"https:\/\/hugas.lt\/en\/wp-json\/wp\/v2\/media\/9660"}],"wp:attachment":[{"href":"https:\/\/hugas.lt\/en\/wp-json\/wp\/v2\/media?parent=9659"}],"wp:term":[{"taxonomy":"product_cat","embeddable":true,"href":"https:\/\/hugas.lt\/en\/wp-json\/wp\/v2\/product_cat?post=9659"},{"taxonomy":"product_tag","embeddable":true,"href":"https:\/\/hugas.lt\/en\/wp-json\/wp\/v2\/product_tag?post=9659"}],"curies":[{"name":"wp","href":"https:\/\/api.w.org\/{rel}","templated":true}]}}