{"id":9556,"date":"2022-03-02T11:44:41","date_gmt":"2022-03-02T09:44:41","guid":{"rendered":"https:\/\/hugas.lt\/?post_type=product&#038;p=9556"},"modified":"2022-03-02T11:44:41","modified_gmt":"2022-03-02T09:44:41","slug":"metalsistem-stelazu-montavimo-paslauga","status":"publish","type":"product","link":"https:\/\/hugas.lt\/en\/product\/metalsistem-stelazu-montavimo-paslauga\/","title":{"rendered":"METALSISTEM stela\u017e\u0173 montavimo paslauga"},"content":{"rendered":"<h2>METALSISTEM stela\u017e\u0173 montavimo paslauga<\/h2>\n<p>&nbsp;<\/p>\n<p>&nbsp;<\/p>","protected":false},"excerpt":{"rendered":"<p>Jeigu jums reikalinga stela\u017e\u0173 montavimo paslauga, pasirinkite sum\u0105 u\u017e kuri\u0105 \u012fsigijote preki\u0173, taip su\u017einosite montavimo kain\u0105.<\/p>","protected":false},"featured_media":9557,"comment_status":"open","ping_status":"closed","template":"","meta":[],"product_cat":[26],"product_tag":[],"_links":{"self":[{"href":"https:\/\/hugas.lt\/en\/wp-json\/wp\/v2\/product\/9556"}],"collection":[{"href":"https:\/\/hugas.lt\/en\/wp-json\/wp\/v2\/product"}],"about":[{"href":"https:\/\/hugas.lt\/en\/wp-json\/wp\/v2\/types\/product"}],"replies":[{"embeddable":true,"href":"https:\/\/hugas.lt\/en\/wp-json\/wp\/v2\/comments?post=9556"}],"wp:featuredmedia":[{"embeddable":true,"href":"https:\/\/hugas.lt\/en\/wp-json\/wp\/v2\/media\/9557"}],"wp:attachment":[{"href":"https:\/\/hugas.lt\/en\/wp-json\/wp\/v2\/media?parent=9556"}],"wp:term":[{"taxonomy":"product_cat","embeddable":true,"href":"https:\/\/hugas.lt\/en\/wp-json\/wp\/v2\/product_cat?post=9556"},{"taxonomy":"product_tag","embeddable":true,"href":"https:\/\/hugas.lt\/en\/wp-json\/wp\/v2\/product_tag?post=9556"}],"curies":[{"name":"wp","href":"https:\/\/api.w.org\/{rel}","templated":true}]}}