{"id":9537,"date":"2022-02-14T16:31:42","date_gmt":"2022-02-14T14:31:42","guid":{"rendered":"https:\/\/hugas.lt\/?post_type=product&#038;p=9537"},"modified":"2022-05-27T09:53:44","modified_gmt":"2022-05-27T07:53:44","slug":"kojeles-spintai","status":"publish","type":"product","link":"https:\/\/hugas.lt\/en\/product\/kojeles-spintai\/","title":{"rendered":"Kojel\u0117s spintai"},"content":{"rendered":"<h2>Kojel\u0117s spintai<\/h2>\n<p>Kojel\u0117s metalin\u0117s, da\u017eytos milteline emale. Komplekte 4 kojel\u0117s su var\u017etukais jas pritvirtinti. Kojeli\u0173 auk\u0161tis 150 mm.<\/p>","protected":false},"excerpt":{"rendered":"<p>Kojel\u0117s spintai.<\/p>\n<p>Auk\u0161tis &#8211; 150 mm<\/p>\n<p>Med\u017eiaga &#8211; plienas<\/p>\n<p>Padengimas &#8211; miltelinis.<\/p>","protected":false},"featured_media":9538,"comment_status":"open","ping_status":"closed","template":"","meta":[],"product_cat":[62],"product_tag":[],"_links":{"self":[{"href":"https:\/\/hugas.lt\/en\/wp-json\/wp\/v2\/product\/9537"}],"collection":[{"href":"https:\/\/hugas.lt\/en\/wp-json\/wp\/v2\/product"}],"about":[{"href":"https:\/\/hugas.lt\/en\/wp-json\/wp\/v2\/types\/product"}],"replies":[{"embeddable":true,"href":"https:\/\/hugas.lt\/en\/wp-json\/wp\/v2\/comments?post=9537"}],"wp:featuredmedia":[{"embeddable":true,"href":"https:\/\/hugas.lt\/en\/wp-json\/wp\/v2\/media\/9538"}],"wp:attachment":[{"href":"https:\/\/hugas.lt\/en\/wp-json\/wp\/v2\/media?parent=9537"}],"wp:term":[{"taxonomy":"product_cat","embeddable":true,"href":"https:\/\/hugas.lt\/en\/wp-json\/wp\/v2\/product_cat?post=9537"},{"taxonomy":"product_tag","embeddable":true,"href":"https:\/\/hugas.lt\/en\/wp-json\/wp\/v2\/product_tag?post=9537"}],"curies":[{"name":"wp","href":"https:\/\/api.w.org\/{rel}","templated":true}]}}