{"id":9536,"date":"2022-02-14T16:25:04","date_gmt":"2022-02-14T14:25:04","guid":{"rendered":"https:\/\/hugas.lt\/?post_type=product&#038;p=9536"},"modified":"2024-11-10T02:09:10","modified_gmt":"2024-11-10T00:09:10","slug":"nuolaidus-stogelis-800-mm-spintai","status":"publish","type":"product","link":"https:\/\/hugas.lt\/en\/product\/nuolaidus-stogelis-800-mm-spintai\/","title":{"rendered":"Nuolaidus stogelis 800 mm spintai"},"content":{"rendered":"<h2>Nuolaidus stogelis 800 mm spintai<\/h2>\n<p>Nuolaidus stogelis spintoms pagamintas i\u0161 plieno, da\u017eytas atsparia milteline emale. Stogelio plotis 800mm. gylis 500mm. auk\u0161tis 200mm.<\/p>","protected":false},"excerpt":{"rendered":"<p>Nuolaidus stogelis 800mm spintai.<\/p>\n<p>Auk\u0161tis &#8211; 200 mm<\/p>\n<p>Plotis &#8211; 800 mm<\/p>\n<p>Gylis &#8211; 500 mm<\/p>\n<p>Med\u017eiaga &#8211; metalas<\/p>\n<p>Padengimas &#8211; miltelinis<\/p>","protected":false},"featured_media":9535,"comment_status":"open","ping_status":"closed","template":"","meta":[],"product_cat":[19,62],"product_tag":[],"_links":{"self":[{"href":"https:\/\/hugas.lt\/en\/wp-json\/wp\/v2\/product\/9536"}],"collection":[{"href":"https:\/\/hugas.lt\/en\/wp-json\/wp\/v2\/product"}],"about":[{"href":"https:\/\/hugas.lt\/en\/wp-json\/wp\/v2\/types\/product"}],"replies":[{"embeddable":true,"href":"https:\/\/hugas.lt\/en\/wp-json\/wp\/v2\/comments?post=9536"}],"wp:featuredmedia":[{"embeddable":true,"href":"https:\/\/hugas.lt\/en\/wp-json\/wp\/v2\/media\/9535"}],"wp:attachment":[{"href":"https:\/\/hugas.lt\/en\/wp-json\/wp\/v2\/media?parent=9536"}],"wp:term":[{"taxonomy":"product_cat","embeddable":true,"href":"https:\/\/hugas.lt\/en\/wp-json\/wp\/v2\/product_cat?post=9536"},{"taxonomy":"product_tag","embeddable":true,"href":"https:\/\/hugas.lt\/en\/wp-json\/wp\/v2\/product_tag?post=9536"}],"curies":[{"name":"wp","href":"https:\/\/api.w.org\/{rel}","templated":true}]}}