{"id":9533,"date":"2022-02-14T16:11:51","date_gmt":"2022-02-14T14:11:51","guid":{"rendered":"https:\/\/hugas.lt\/?post_type=product&#038;p=9533"},"modified":"2026-01-13T15:44:40","modified_gmt":"2026-01-13T13:44:40","slug":"suoliukas-800mm-plocio-spintoms","status":"publish","type":"product","link":"https:\/\/hugas.lt\/en\/product\/suoliukas-800mm-plocio-spintoms\/","title":{"rendered":"Suoliukas 800mm plo\u010dio spintoms"},"content":{"rendered":"<h2>Suoliukas 800mm plo\u010dio spintoms<\/h2>\n<p>Suoliuk\u0173 po spintele. S\u0117dimoji dalis pagaminta i\u0161 lakuot\u0173 nat\u016brali\u0173 med\u017eio ta\u0161\u0173. Suoliuko r\u0117mas metalinis, nuda\u017eytas korozijai atsparia milteline emale. Suoliuko plotis 800 mm, auk\u0161tis 370 mm. Gylis 800mm.<\/p>\n<p>&nbsp;<\/p>","protected":false},"excerpt":{"rendered":"<p>Suoliukas po 600mm spintomis. Suoliuko plotis 800 mm, auk\u0161tis 370 mm. Gylis 800mm. Svoris 7 kg.<\/p>","protected":false},"featured_media":13454,"comment_status":"open","ping_status":"closed","template":"","meta":[],"product_cat":[19,62,80],"product_tag":[],"_links":{"self":[{"href":"https:\/\/hugas.lt\/en\/wp-json\/wp\/v2\/product\/9533"}],"collection":[{"href":"https:\/\/hugas.lt\/en\/wp-json\/wp\/v2\/product"}],"about":[{"href":"https:\/\/hugas.lt\/en\/wp-json\/wp\/v2\/types\/product"}],"replies":[{"embeddable":true,"href":"https:\/\/hugas.lt\/en\/wp-json\/wp\/v2\/comments?post=9533"}],"wp:featuredmedia":[{"embeddable":true,"href":"https:\/\/hugas.lt\/en\/wp-json\/wp\/v2\/media\/13454"}],"wp:attachment":[{"href":"https:\/\/hugas.lt\/en\/wp-json\/wp\/v2\/media?parent=9533"}],"wp:term":[{"taxonomy":"product_cat","embeddable":true,"href":"https:\/\/hugas.lt\/en\/wp-json\/wp\/v2\/product_cat?post=9533"},{"taxonomy":"product_tag","embeddable":true,"href":"https:\/\/hugas.lt\/en\/wp-json\/wp\/v2\/product_tag?post=9533"}],"curies":[{"name":"wp","href":"https:\/\/api.w.org\/{rel}","templated":true}]}}