{"id":9474,"date":"2022-02-08T21:36:50","date_gmt":"2022-02-08T19:36:50","guid":{"rendered":"https:\/\/hugas.lt\/?post_type=product&#038;p=9474"},"modified":"2022-04-24T11:02:56","modified_gmt":"2022-04-24T09:02:56","slug":"apsvietimo-lempa","status":"publish","type":"product","link":"https:\/\/hugas.lt\/en\/product\/apsvietimo-lempa\/","title":{"rendered":"Ap\u0161vietimo lempa"},"content":{"rendered":"<p>Lempos tvirtinimui b\u016btina kartu \u012fsigyti <a href=\"https:\/\/hugas.lt\/en\/product\/remas-sieneles-tvirtinimui\/\">r\u0117m\u0105 sienel\u0117s tvirtinimui<\/a>.<\/p>","protected":false},"excerpt":{"rendered":"<p>Lempos tvirtinimui b\u016btina kartu \u012fsigyti r\u0117m\u0105 sienel\u0117s tvirtinimui.<\/p>","protected":false},"featured_media":9476,"comment_status":"open","ping_status":"closed","template":"","meta":[],"product_cat":[68],"product_tag":[],"_links":{"self":[{"href":"https:\/\/hugas.lt\/en\/wp-json\/wp\/v2\/product\/9474"}],"collection":[{"href":"https:\/\/hugas.lt\/en\/wp-json\/wp\/v2\/product"}],"about":[{"href":"https:\/\/hugas.lt\/en\/wp-json\/wp\/v2\/types\/product"}],"replies":[{"embeddable":true,"href":"https:\/\/hugas.lt\/en\/wp-json\/wp\/v2\/comments?post=9474"}],"wp:featuredmedia":[{"embeddable":true,"href":"https:\/\/hugas.lt\/en\/wp-json\/wp\/v2\/media\/9476"}],"wp:attachment":[{"href":"https:\/\/hugas.lt\/en\/wp-json\/wp\/v2\/media?parent=9474"}],"wp:term":[{"taxonomy":"product_cat","embeddable":true,"href":"https:\/\/hugas.lt\/en\/wp-json\/wp\/v2\/product_cat?post=9474"},{"taxonomy":"product_tag","embeddable":true,"href":"https:\/\/hugas.lt\/en\/wp-json\/wp\/v2\/product_tag?post=9474"}],"curies":[{"name":"wp","href":"https:\/\/api.w.org\/{rel}","templated":true}]}}