{"id":9468,"date":"2022-02-08T21:32:28","date_gmt":"2022-02-08T19:32:28","guid":{"rendered":"https:\/\/hugas.lt\/?post_type=product&#038;p=9468"},"modified":"2023-04-13T08:59:51","modified_gmt":"2023-04-13T06:59:51","slug":"perforuota-sienele-1200-mm","status":"publish","type":"product","link":"https:\/\/hugas.lt\/en\/product\/perforuota-sienele-1200-mm\/","title":{"rendered":"Perforuota sienel\u0117 1200 mm"},"content":{"rendered":"<p>Perforuota sienel\u0117 1200 mm ilgio darbastaliui. Sienel\u0117 tvirtinama su laikikliais prie m\u016bs\u0173 parduodam\u0173 darbastali\u0173.<\/p>\n<p>sienel\u0117s matmuo 930\u0445400 mm<\/p>","protected":false},"excerpt":{"rendered":"<p>Perforuota sienel\u0117 1200 mm ilgio darbastaliui. Sienel\u0117 tvirtinama su laikikliais prie m\u016bs\u0173 parduodam\u0173 darbastali\u0173. sienel\u0117s matmuo 930\u0445400 mm<\/p>","protected":false},"featured_media":9445,"comment_status":"open","ping_status":"closed","template":"","meta":[],"product_cat":[68],"product_tag":[],"_links":{"self":[{"href":"https:\/\/hugas.lt\/en\/wp-json\/wp\/v2\/product\/9468"}],"collection":[{"href":"https:\/\/hugas.lt\/en\/wp-json\/wp\/v2\/product"}],"about":[{"href":"https:\/\/hugas.lt\/en\/wp-json\/wp\/v2\/types\/product"}],"replies":[{"embeddable":true,"href":"https:\/\/hugas.lt\/en\/wp-json\/wp\/v2\/comments?post=9468"}],"wp:featuredmedia":[{"embeddable":true,"href":"https:\/\/hugas.lt\/en\/wp-json\/wp\/v2\/media\/9445"}],"wp:attachment":[{"href":"https:\/\/hugas.lt\/en\/wp-json\/wp\/v2\/media?parent=9468"}],"wp:term":[{"taxonomy":"product_cat","embeddable":true,"href":"https:\/\/hugas.lt\/en\/wp-json\/wp\/v2\/product_cat?post=9468"},{"taxonomy":"product_tag","embeddable":true,"href":"https:\/\/hugas.lt\/en\/wp-json\/wp\/v2\/product_tag?post=9468"}],"curies":[{"name":"wp","href":"https:\/\/api.w.org\/{rel}","templated":true}]}}