{"id":9465,"date":"2022-02-08T21:29:09","date_gmt":"2022-02-08T19:29:09","guid":{"rendered":"https:\/\/hugas.lt\/?post_type=product&#038;p=9465"},"modified":"2024-03-27T09:51:53","modified_gmt":"2024-03-27T07:51:53","slug":"horizontali-lentyna-1500mm","status":"publish","type":"product","link":"https:\/\/hugas.lt\/en\/product\/horizontali-lentyna-1500mm\/","title":{"rendered":"Horizontali lentyna 1500mm darbastaliui"},"content":{"rendered":"<p>Tvirtinimui b\u016btina kartu \u012fsigyti <a href=\"https:\/\/hugas.lt\/en\/product\/remas-sieneles-tvirtinimui\/\">r\u0117m\u0105 sienel\u0117s tvirtinimui<\/a>.<\/p>\n<p>Lentynos dydis: 1155\u0445250 \u043c\u043c<\/p>","protected":false},"excerpt":{"rendered":"<p>Tvirtinimui b\u016btina kartu \u012fsigyti r\u0117m\u0105 sienel\u0117s tvirtinimui. Lentynos dydis: 1155\u0445250 \u043c\u043c<\/p>","protected":false},"featured_media":9464,"comment_status":"open","ping_status":"closed","template":"","meta":[],"product_cat":[68],"product_tag":[],"_links":{"self":[{"href":"https:\/\/hugas.lt\/en\/wp-json\/wp\/v2\/product\/9465"}],"collection":[{"href":"https:\/\/hugas.lt\/en\/wp-json\/wp\/v2\/product"}],"about":[{"href":"https:\/\/hugas.lt\/en\/wp-json\/wp\/v2\/types\/product"}],"replies":[{"embeddable":true,"href":"https:\/\/hugas.lt\/en\/wp-json\/wp\/v2\/comments?post=9465"}],"wp:featuredmedia":[{"embeddable":true,"href":"https:\/\/hugas.lt\/en\/wp-json\/wp\/v2\/media\/9464"}],"wp:attachment":[{"href":"https:\/\/hugas.lt\/en\/wp-json\/wp\/v2\/media?parent=9465"}],"wp:term":[{"taxonomy":"product_cat","embeddable":true,"href":"https:\/\/hugas.lt\/en\/wp-json\/wp\/v2\/product_cat?post=9465"},{"taxonomy":"product_tag","embeddable":true,"href":"https:\/\/hugas.lt\/en\/wp-json\/wp\/v2\/product_tag?post=9465"}],"curies":[{"name":"wp","href":"https:\/\/api.w.org\/{rel}","templated":true}]}}