{"id":9457,"date":"2022-02-08T21:20:00","date_gmt":"2022-02-08T19:20:00","guid":{"rendered":"https:\/\/hugas.lt\/?post_type=product&#038;p=9457"},"modified":"2022-02-08T21:20:00","modified_gmt":"2022-02-08T19:20:00","slug":"dezute-perforuotai-sienelei","status":"publish","type":"product","link":"https:\/\/hugas.lt\/en\/product\/dezute-perforuotai-sienelei\/","title":{"rendered":"D\u0117\u017eut\u0117 perforuotai sienelei"},"content":{"rendered":"","protected":false},"excerpt":{"rendered":"","protected":false},"featured_media":9434,"comment_status":"open","ping_status":"closed","template":"","meta":[],"product_cat":[68],"product_tag":[],"_links":{"self":[{"href":"https:\/\/hugas.lt\/en\/wp-json\/wp\/v2\/product\/9457"}],"collection":[{"href":"https:\/\/hugas.lt\/en\/wp-json\/wp\/v2\/product"}],"about":[{"href":"https:\/\/hugas.lt\/en\/wp-json\/wp\/v2\/types\/product"}],"replies":[{"embeddable":true,"href":"https:\/\/hugas.lt\/en\/wp-json\/wp\/v2\/comments?post=9457"}],"wp:featuredmedia":[{"embeddable":true,"href":"https:\/\/hugas.lt\/en\/wp-json\/wp\/v2\/media\/9434"}],"wp:attachment":[{"href":"https:\/\/hugas.lt\/en\/wp-json\/wp\/v2\/media?parent=9457"}],"wp:term":[{"taxonomy":"product_cat","embeddable":true,"href":"https:\/\/hugas.lt\/en\/wp-json\/wp\/v2\/product_cat?post=9457"},{"taxonomy":"product_tag","embeddable":true,"href":"https:\/\/hugas.lt\/en\/wp-json\/wp\/v2\/product_tag?post=9457"}],"curies":[{"name":"wp","href":"https:\/\/api.w.org\/{rel}","templated":true}]}}