{"id":9452,"date":"2022-02-08T21:16:34","date_gmt":"2022-02-08T19:16:34","guid":{"rendered":"https:\/\/hugas.lt\/?post_type=product&#038;p=9452"},"modified":"2022-02-08T21:16:34","modified_gmt":"2022-02-08T19:16:34","slug":"graztu-laikiklis","status":"publish","type":"product","link":"https:\/\/hugas.lt\/en\/product\/graztu-laikiklis\/","title":{"rendered":"Gr\u0105\u017et\u0173 laikiklis"},"content":{"rendered":"","protected":false},"excerpt":{"rendered":"","protected":false},"featured_media":9437,"comment_status":"open","ping_status":"closed","template":"","meta":[],"product_cat":[68],"product_tag":[],"_links":{"self":[{"href":"https:\/\/hugas.lt\/en\/wp-json\/wp\/v2\/product\/9452"}],"collection":[{"href":"https:\/\/hugas.lt\/en\/wp-json\/wp\/v2\/product"}],"about":[{"href":"https:\/\/hugas.lt\/en\/wp-json\/wp\/v2\/types\/product"}],"replies":[{"embeddable":true,"href":"https:\/\/hugas.lt\/en\/wp-json\/wp\/v2\/comments?post=9452"}],"wp:featuredmedia":[{"embeddable":true,"href":"https:\/\/hugas.lt\/en\/wp-json\/wp\/v2\/media\/9437"}],"wp:attachment":[{"href":"https:\/\/hugas.lt\/en\/wp-json\/wp\/v2\/media?parent=9452"}],"wp:term":[{"taxonomy":"product_cat","embeddable":true,"href":"https:\/\/hugas.lt\/en\/wp-json\/wp\/v2\/product_cat?post=9452"},{"taxonomy":"product_tag","embeddable":true,"href":"https:\/\/hugas.lt\/en\/wp-json\/wp\/v2\/product_tag?post=9452"}],"curies":[{"name":"wp","href":"https:\/\/api.w.org\/{rel}","templated":true}]}}