{"id":9450,"date":"2022-02-08T21:15:44","date_gmt":"2022-02-08T19:15:44","guid":{"rendered":"https:\/\/hugas.lt\/?post_type=product&#038;p=9450"},"modified":"2024-11-10T04:11:57","modified_gmt":"2024-11-10T02:11:57","slug":"dezuciu-kabinimo-profilis","status":"publish","type":"product","link":"https:\/\/hugas.lt\/en\/product\/dezuciu-kabinimo-profilis\/","title":{"rendered":"Pakabinamas laikiklis d\u0117\u017eut\u0117ms"},"content":{"rendered":"<p>Laikiklio matmenys: 50\u0445500\u04455mm<\/p>","protected":false},"excerpt":{"rendered":"<p>Laikiklio matmenys: 50\u0445500\u04455mm<\/p>","protected":false},"featured_media":9440,"comment_status":"open","ping_status":"closed","template":"","meta":[],"product_cat":[68],"product_tag":[],"_links":{"self":[{"href":"https:\/\/hugas.lt\/en\/wp-json\/wp\/v2\/product\/9450"}],"collection":[{"href":"https:\/\/hugas.lt\/en\/wp-json\/wp\/v2\/product"}],"about":[{"href":"https:\/\/hugas.lt\/en\/wp-json\/wp\/v2\/types\/product"}],"replies":[{"embeddable":true,"href":"https:\/\/hugas.lt\/en\/wp-json\/wp\/v2\/comments?post=9450"}],"wp:featuredmedia":[{"embeddable":true,"href":"https:\/\/hugas.lt\/en\/wp-json\/wp\/v2\/media\/9440"}],"wp:attachment":[{"href":"https:\/\/hugas.lt\/en\/wp-json\/wp\/v2\/media?parent=9450"}],"wp:term":[{"taxonomy":"product_cat","embeddable":true,"href":"https:\/\/hugas.lt\/en\/wp-json\/wp\/v2\/product_cat?post=9450"},{"taxonomy":"product_tag","embeddable":true,"href":"https:\/\/hugas.lt\/en\/wp-json\/wp\/v2\/product_tag?post=9450"}],"curies":[{"name":"wp","href":"https:\/\/api.w.org\/{rel}","templated":true}]}}