{"id":9409,"date":"2022-02-08T13:09:24","date_gmt":"2022-02-08T11:09:24","guid":{"rendered":"https:\/\/hugas.lt\/?post_type=product&#038;p=9409"},"modified":"2024-09-26T09:20:42","modified_gmt":"2024-09-26T07:20:42","slug":"penkiu-lentynu-stelazas-2000x1000x600","status":"publish","type":"product","link":"https:\/\/hugas.lt\/en\/product\/penkiu-lentynu-stelazas-2000x1000x600\/","title":{"rendered":"Penki\u0173 lentyn\u0173 stela\u017eas 2000x1000x600"},"content":{"rendered":"<h2>Penki\u0173 lentyn\u0173 stela\u017eas 2000x1000x600<\/h2>\n<p>Stela\u017eas pagamintas plieno, da\u017eytas atsparia milteline emale RAL7035 spalva (\u0161viesi pilka).<\/p>\n<p>Kiekviena lentyna turi papildomas standumo briaunas lentyn\u0173 apa\u010dioje (300\/400mm gylio stela\u017eai turi po vien\u0105 briaun\u0105, o 500\/600 mm stela\u017eai turi po dvi briaunas). Stela\u017eai lengvai montuojami, nesunkiai jungiami tarpusavyje iki reikalingo ilgio. Visi\u0161kai atitinka archyvo baldams keliamus reikalavimus. Trumpas gamybos terminas. Suteikiama 24 m\u0117n. garantija.<\/p>\n<p>Visi stela\u017eai komplektuojami su 4 kojomis. Rinkoje \u012fprasta jungti stela\u017eus t\u0119stin\u0117mis dalimis, kurios turi tik dvi kojas, taip daroma norint suma\u017einti s\u0105mat\u0105 ir pagerinti kain\u0105, ta\u010diau n\u0117ra \u012fsp\u0117jama, kad taip prarandamas stabilumas bei leistina apkrova t\u0119stinei sekcijai suma\u017e\u0117ja apie 40 proc.<\/p>\n<p>Archyvo stela\u017eai b\u016bna tokio gylio &#8211; 300\/400\/500\/600 mm.<\/p>\n<p>Kiekvienas stela\u017eas turi kampukus, kurie garantuoja stabilum\u0105. Visi stabilumo elementai \u012fskai\u010diuoti, nereikia papildomai nieko pirkti.<\/p>\n<p>Papildomai galima u\u017esisakyti reguliuojamas p\u0117deles stovams, arba metalines p\u0117deles, kurios tvirtinamos \u012f pagrind\u0105. Tai galite padaryti atsiunt\u0119 u\u017eklaus\u0105 vadybininkams pa\u0161tu info@hugas.lt<\/p>\n<p>Stela\u017eai pristatomi nesurinkti. Pridedama instrukcija.<\/p>\n<p>Stela\u017eai patogiai supakuoti ir paruo\u0161ti saugiam transportavimui.<\/p>\n<p>Montavimo darbus galima u\u017esisakyti atskirai, susisiekus su vadybininkais pa\u0161tu info@hugas.lt<\/p>\n<p>Stabilum\u0105 u\u017etikrinantys kampukai (komplekte):<\/p>\n<p><img decoding=\"async\" class=\"alignnone wp-image-9368\" src=\"https:\/\/hugas.lt\/wp-content\/uploads\/2022\/02\/kampukai-stelazams-2-300x200.jpg\" alt=\"\" width=\"401\" height=\"267\" srcset=\"https:\/\/hugas.lt\/wp-content\/uploads\/2022\/02\/kampukai-stelazams-2-300x200.jpg 300w, https:\/\/hugas.lt\/wp-content\/uploads\/2022\/02\/kampukai-stelazams-2-768x512.jpg 768w, https:\/\/hugas.lt\/wp-content\/uploads\/2022\/02\/kampukai-stelazams-2-510x340.jpg 510w, https:\/\/hugas.lt\/wp-content\/uploads\/2022\/02\/kampukai-stelazams-2-64x43.jpg 64w, https:\/\/hugas.lt\/wp-content\/uploads\/2022\/02\/kampukai-stelazams-2.jpg 900w\" sizes=\"(max-width: 401px) 100vw, 401px\" \/> <img decoding=\"async\" class=\"alignnone wp-image-9369\" src=\"https:\/\/hugas.lt\/wp-content\/uploads\/2022\/02\/kampukai-stelazams-257x300.jpg\" alt=\"\" width=\"238\" height=\"277\" srcset=\"https:\/\/hugas.lt\/wp-content\/uploads\/2022\/02\/kampukai-stelazams-257x300.jpg 257w, https:\/\/hugas.lt\/wp-content\/uploads\/2022\/02\/kampukai-stelazams-510x595.jpg 510w, https:\/\/hugas.lt\/wp-content\/uploads\/2022\/02\/kampukai-stelazams-64x75.jpg 64w, https:\/\/hugas.lt\/wp-content\/uploads\/2022\/02\/kampukai-stelazams.jpg 600w\" sizes=\"(max-width: 238px) 100vw, 238px\" \/><\/p>\n<p>Standartin\u0117s p\u0117del\u0117s, kurios b\u016bna komplekte:<\/p>\n<p><img decoding=\"async\" class=\"alignnone size-full wp-image-9370\" src=\"https:\/\/hugas.lt\/wp-content\/uploads\/2022\/02\/plastikine-pedele.jpg\" alt=\"plastikin\u0117 pedele\" width=\"246\" height=\"228\" srcset=\"https:\/\/hugas.lt\/wp-content\/uploads\/2022\/02\/plastikine-pedele.jpg 246w, https:\/\/hugas.lt\/wp-content\/uploads\/2022\/02\/plastikine-pedele-64x59.jpg 64w\" sizes=\"(max-width: 246px) 100vw, 246px\" \/><img decoding=\"async\" class=\"alignnone size-medium wp-image-9378\" src=\"https:\/\/hugas.lt\/wp-content\/uploads\/2022\/02\/pedele-ant-stovo-300x169.jpeg\" alt=\"\" width=\"300\" height=\"169\" srcset=\"https:\/\/hugas.lt\/wp-content\/uploads\/2022\/02\/pedele-ant-stovo-300x169.jpeg 300w, https:\/\/hugas.lt\/wp-content\/uploads\/2022\/02\/pedele-ant-stovo-1024x576.jpeg 1024w, https:\/\/hugas.lt\/wp-content\/uploads\/2022\/02\/pedele-ant-stovo-768x432.jpeg 768w, https:\/\/hugas.lt\/wp-content\/uploads\/2022\/02\/pedele-ant-stovo-1536x864.jpeg 1536w, https:\/\/hugas.lt\/wp-content\/uploads\/2022\/02\/pedele-ant-stovo-2048x1152.jpeg 2048w, https:\/\/hugas.lt\/wp-content\/uploads\/2022\/02\/pedele-ant-stovo-510x287.jpeg 510w, https:\/\/hugas.lt\/wp-content\/uploads\/2022\/02\/pedele-ant-stovo-64x36.jpeg 64w\" sizes=\"(max-width: 300px) 100vw, 300px\" \/><\/p>\n<p>Vietoje standartini\u0173 p\u0117deli\u0173 galima u\u017esisakyti reguliuojamas, arba p\u0117deles, kurias galima tvirtinti prie grind\u0173:<\/p>\n<p><img decoding=\"async\" class=\"alignnone wp-image-9372\" src=\"https:\/\/hugas.lt\/wp-content\/uploads\/2022\/02\/metaline-pedele-tvirtinimui-i-grindis.jpg\" alt=\"\" width=\"223\" height=\"193\" srcset=\"https:\/\/hugas.lt\/wp-content\/uploads\/2022\/02\/metaline-pedele-tvirtinimui-i-grindis.jpg 279w, https:\/\/hugas.lt\/wp-content\/uploads\/2022\/02\/metaline-pedele-tvirtinimui-i-grindis-64x56.jpg 64w\" sizes=\"(max-width: 223px) 100vw, 223px\" \/><img decoding=\"async\" class=\"alignnone wp-image-9371\" src=\"https:\/\/hugas.lt\/wp-content\/uploads\/2022\/02\/metaline-pedele-tvirtinimui-i-grindis-reguliuojama-300x288.jpg\" alt=\"\" width=\"181\" height=\"174\" srcset=\"https:\/\/hugas.lt\/wp-content\/uploads\/2022\/02\/metaline-pedele-tvirtinimui-i-grindis-reguliuojama-300x288.jpg 300w, https:\/\/hugas.lt\/wp-content\/uploads\/2022\/02\/metaline-pedele-tvirtinimui-i-grindis-reguliuojama-64x62.jpg 64w, https:\/\/hugas.lt\/wp-content\/uploads\/2022\/02\/metaline-pedele-tvirtinimui-i-grindis-reguliuojama.jpg 310w\" sizes=\"(max-width: 181px) 100vw, 181px\" \/><\/p>\n<p>Papildomai galima u\u017esisakyti pertvar\u0117les stela\u017e\u0173 \u0161onuose bei i\u0161ilgai:<\/p>\n<p><img decoding=\"async\" class=\"alignnone size-medium wp-image-9373\" src=\"https:\/\/hugas.lt\/wp-content\/uploads\/2022\/02\/metaline-pertvara-300x288.jpg\" alt=\"\" width=\"300\" height=\"288\" srcset=\"https:\/\/hugas.lt\/wp-content\/uploads\/2022\/02\/metaline-pertvara-300x288.jpg 300w, https:\/\/hugas.lt\/wp-content\/uploads\/2022\/02\/metaline-pertvara-510x489.jpg 510w, https:\/\/hugas.lt\/wp-content\/uploads\/2022\/02\/metaline-pertvara-64x61.jpg 64w, https:\/\/hugas.lt\/wp-content\/uploads\/2022\/02\/metaline-pertvara.jpg 737w\" sizes=\"(max-width: 300px) 100vw, 300px\" \/><\/p>\n<p>Stela\u017e\u0173 pavyzdys:<\/p>\n<p><img decoding=\"async\" class=\"alignnone wp-image-9374\" src=\"https:\/\/hugas.lt\/wp-content\/uploads\/2022\/02\/archyvo-stelazas-2-300x225.jpg\" alt=\"\" width=\"539\" height=\"404\" srcset=\"https:\/\/hugas.lt\/wp-content\/uploads\/2022\/02\/archyvo-stelazas-2-300x225.jpg 300w, https:\/\/hugas.lt\/wp-content\/uploads\/2022\/02\/archyvo-stelazas-2-768x576.jpg 768w, https:\/\/hugas.lt\/wp-content\/uploads\/2022\/02\/archyvo-stelazas-2-510x383.jpg 510w, https:\/\/hugas.lt\/wp-content\/uploads\/2022\/02\/archyvo-stelazas-2-64x48.jpg 64w, https:\/\/hugas.lt\/wp-content\/uploads\/2022\/02\/archyvo-stelazas-2.jpg 960w\" sizes=\"(max-width: 539px) 100vw, 539px\" \/> <img decoding=\"async\" class=\"alignnone wp-image-9375\" src=\"https:\/\/hugas.lt\/wp-content\/uploads\/2022\/02\/archyvo-stelazas-300x225.jpg\" alt=\"\" width=\"538\" height=\"403\" srcset=\"https:\/\/hugas.lt\/wp-content\/uploads\/2022\/02\/archyvo-stelazas-300x225.jpg 300w, https:\/\/hugas.lt\/wp-content\/uploads\/2022\/02\/archyvo-stelazas-768x576.jpg 768w, https:\/\/hugas.lt\/wp-content\/uploads\/2022\/02\/archyvo-stelazas-510x383.jpg 510w, https:\/\/hugas.lt\/wp-content\/uploads\/2022\/02\/archyvo-stelazas-64x48.jpg 64w, https:\/\/hugas.lt\/wp-content\/uploads\/2022\/02\/archyvo-stelazas.jpg 960w\" sizes=\"(max-width: 538px) 100vw, 538px\" \/><\/p>\n<p>&nbsp;<\/p>\n<p>&nbsp;<\/p>","protected":false},"excerpt":{"rendered":"<p>Penki\u0173 lentyn\u0173 stela\u017eas 2000x1000x600. Galime paruo\u0161ti stela\u017e\u0173 i\u0161d\u0117stymo projekt\u0105 pagal J\u016bs\u0173 turim\u0105 patalp\u0105. Konsultacija &#8211; nemokama.<\/p>","protected":false},"featured_media":9405,"comment_status":"open","ping_status":"closed","template":"","meta":[],"product_cat":[21],"product_tag":[],"_links":{"self":[{"href":"https:\/\/hugas.lt\/en\/wp-json\/wp\/v2\/product\/9409"}],"collection":[{"href":"https:\/\/hugas.lt\/en\/wp-json\/wp\/v2\/product"}],"about":[{"href":"https:\/\/hugas.lt\/en\/wp-json\/wp\/v2\/types\/product"}],"replies":[{"embeddable":true,"href":"https:\/\/hugas.lt\/en\/wp-json\/wp\/v2\/comments?post=9409"}],"wp:featuredmedia":[{"embeddable":true,"href":"https:\/\/hugas.lt\/en\/wp-json\/wp\/v2\/media\/9405"}],"wp:attachment":[{"href":"https:\/\/hugas.lt\/en\/wp-json\/wp\/v2\/media?parent=9409"}],"wp:term":[{"taxonomy":"product_cat","embeddable":true,"href":"https:\/\/hugas.lt\/en\/wp-json\/wp\/v2\/product_cat?post=9409"},{"taxonomy":"product_tag","embeddable":true,"href":"https:\/\/hugas.lt\/en\/wp-json\/wp\/v2\/product_tag?post=9409"}],"curies":[{"name":"wp","href":"https:\/\/api.w.org\/{rel}","templated":true}]}}