{"id":9326,"date":"2022-02-03T14:27:32","date_gmt":"2022-02-03T12:27:32","guid":{"rendered":"https:\/\/hugas.lt\/?post_type=product&#038;p=9326"},"modified":"2022-06-01T14:24:49","modified_gmt":"2022-06-01T12:24:49","slug":"istraukiamu-stalciuku-blokas-120-3-204x370x160","status":"publish","type":"product","link":"https:\/\/hugas.lt\/en\/product\/istraukiamu-stalciuku-blokas-120-3-204x370x160\/","title":{"rendered":"I\u0161traukiam\u0173 stal\u010diuk\u0173 blokas 120-3 204x370x160"},"content":{"rendered":"","protected":false},"excerpt":{"rendered":"<p>I\u0161traukiamas stal\u010di\u0173 blokas smulkiems daigtams. Gali b\u016bti jungiamas su kitaip tos pa\u010dios serijos stal\u010di\u0173 blokais.<\/p>","protected":false},"featured_media":9343,"comment_status":"open","ping_status":"closed","template":"","meta":[],"product_cat":[67],"product_tag":[],"_links":{"self":[{"href":"https:\/\/hugas.lt\/en\/wp-json\/wp\/v2\/product\/9326"}],"collection":[{"href":"https:\/\/hugas.lt\/en\/wp-json\/wp\/v2\/product"}],"about":[{"href":"https:\/\/hugas.lt\/en\/wp-json\/wp\/v2\/types\/product"}],"replies":[{"embeddable":true,"href":"https:\/\/hugas.lt\/en\/wp-json\/wp\/v2\/comments?post=9326"}],"wp:featuredmedia":[{"embeddable":true,"href":"https:\/\/hugas.lt\/en\/wp-json\/wp\/v2\/media\/9343"}],"wp:attachment":[{"href":"https:\/\/hugas.lt\/en\/wp-json\/wp\/v2\/media?parent=9326"}],"wp:term":[{"taxonomy":"product_cat","embeddable":true,"href":"https:\/\/hugas.lt\/en\/wp-json\/wp\/v2\/product_cat?post=9326"},{"taxonomy":"product_tag","embeddable":true,"href":"https:\/\/hugas.lt\/en\/wp-json\/wp\/v2\/product_tag?post=9326"}],"curies":[{"name":"wp","href":"https:\/\/api.w.org\/{rel}","templated":true}]}}