{"id":9325,"date":"2022-02-03T14:25:03","date_gmt":"2022-02-03T12:25:03","guid":{"rendered":"https:\/\/hugas.lt\/?post_type=product&#038;p=9325"},"modified":"2024-11-10T01:10:53","modified_gmt":"2024-11-09T23:10:53","slug":"istraukiamas-stalcius-y-110-155x111x95","status":"publish","type":"product","link":"https:\/\/hugas.lt\/en\/product\/istraukiamas-stalcius-y-110-155x111x95\/","title":{"rendered":"I\u0161traukiamas stal\u010dius Y-110 155x111x95"},"content":{"rendered":"","protected":false},"excerpt":{"rendered":"<p>I\u0161traukiamas stal\u010di\u0173 blokas smulkiems daigtams. Gali b\u016bti jungiamas su kitaip tos pa\u010dios serijos stal\u010di\u0173 blokais.<\/p>","protected":false},"featured_media":9339,"comment_status":"open","ping_status":"closed","template":"","meta":[],"product_cat":[67],"product_tag":[],"_links":{"self":[{"href":"https:\/\/hugas.lt\/en\/wp-json\/wp\/v2\/product\/9325"}],"collection":[{"href":"https:\/\/hugas.lt\/en\/wp-json\/wp\/v2\/product"}],"about":[{"href":"https:\/\/hugas.lt\/en\/wp-json\/wp\/v2\/types\/product"}],"replies":[{"embeddable":true,"href":"https:\/\/hugas.lt\/en\/wp-json\/wp\/v2\/comments?post=9325"}],"wp:featuredmedia":[{"embeddable":true,"href":"https:\/\/hugas.lt\/en\/wp-json\/wp\/v2\/media\/9339"}],"wp:attachment":[{"href":"https:\/\/hugas.lt\/en\/wp-json\/wp\/v2\/media?parent=9325"}],"wp:term":[{"taxonomy":"product_cat","embeddable":true,"href":"https:\/\/hugas.lt\/en\/wp-json\/wp\/v2\/product_cat?post=9325"},{"taxonomy":"product_tag","embeddable":true,"href":"https:\/\/hugas.lt\/en\/wp-json\/wp\/v2\/product_tag?post=9325"}],"curies":[{"name":"wp","href":"https:\/\/api.w.org\/{rel}","templated":true}]}}