{"id":9322,"date":"2022-02-03T14:12:10","date_gmt":"2022-02-03T12:12:10","guid":{"rendered":"https:\/\/hugas.lt\/?post_type=product&#038;p=9322"},"modified":"2022-06-01T14:27:56","modified_gmt":"2022-06-01T12:27:56","slug":"istraukiamu-stalciuku-blokas-y-93","status":"publish","type":"product","link":"https:\/\/hugas.lt\/en\/product\/istraukiamu-stalciuku-blokas-y-93\/","title":{"rendered":"I\u0161traukiam\u0173 stal\u010diuk\u0173 blokas Y-93 155x95x111"},"content":{"rendered":"","protected":false},"excerpt":{"rendered":"<p>I\u0161traukiamas stal\u010di\u0173 blokas smulkiems daigtams. Gali b\u016bti jungiamas su kitaip tos pa\u010dios serijos stal\u010di\u0173 blokais.<\/p>","protected":false},"featured_media":9341,"comment_status":"open","ping_status":"closed","template":"","meta":[],"product_cat":[67],"product_tag":[],"_links":{"self":[{"href":"https:\/\/hugas.lt\/en\/wp-json\/wp\/v2\/product\/9322"}],"collection":[{"href":"https:\/\/hugas.lt\/en\/wp-json\/wp\/v2\/product"}],"about":[{"href":"https:\/\/hugas.lt\/en\/wp-json\/wp\/v2\/types\/product"}],"replies":[{"embeddable":true,"href":"https:\/\/hugas.lt\/en\/wp-json\/wp\/v2\/comments?post=9322"}],"wp:featuredmedia":[{"embeddable":true,"href":"https:\/\/hugas.lt\/en\/wp-json\/wp\/v2\/media\/9341"}],"wp:attachment":[{"href":"https:\/\/hugas.lt\/en\/wp-json\/wp\/v2\/media?parent=9322"}],"wp:term":[{"taxonomy":"product_cat","embeddable":true,"href":"https:\/\/hugas.lt\/en\/wp-json\/wp\/v2\/product_cat?post=9322"},{"taxonomy":"product_tag","embeddable":true,"href":"https:\/\/hugas.lt\/en\/wp-json\/wp\/v2\/product_tag?post=9322"}],"curies":[{"name":"wp","href":"https:\/\/api.w.org\/{rel}","templated":true}]}}