{"id":9314,"date":"2022-02-03T13:54:51","date_gmt":"2022-02-03T11:54:51","guid":{"rendered":"https:\/\/hugas.lt\/?post_type=product&#038;p=9314"},"modified":"2023-01-22T13:12:14","modified_gmt":"2023-01-22T11:12:14","slug":"plastikine-dezute-a400-505x314x191","status":"publish","type":"product","link":"https:\/\/hugas.lt\/en\/product\/plastikine-dezute-a400-505x314x191\/","title":{"rendered":"Plastikin\u0117 d\u0117\u017eut\u0117 A400 505x314x191"},"content":{"rendered":"","protected":false},"excerpt":{"rendered":"<p>Plastikin\u0117 d\u0117\u017eut\u0117 505x314x191<\/p>\n<p>Tvirtos plastikin\u0117s d\u0117\u017eut\u0117s smulkiems daigtams.<\/p>","protected":false},"featured_media":9358,"comment_status":"open","ping_status":"closed","template":"","meta":[],"product_cat":[66,88],"product_tag":[],"_links":{"self":[{"href":"https:\/\/hugas.lt\/en\/wp-json\/wp\/v2\/product\/9314"}],"collection":[{"href":"https:\/\/hugas.lt\/en\/wp-json\/wp\/v2\/product"}],"about":[{"href":"https:\/\/hugas.lt\/en\/wp-json\/wp\/v2\/types\/product"}],"replies":[{"embeddable":true,"href":"https:\/\/hugas.lt\/en\/wp-json\/wp\/v2\/comments?post=9314"}],"wp:featuredmedia":[{"embeddable":true,"href":"https:\/\/hugas.lt\/en\/wp-json\/wp\/v2\/media\/9358"}],"wp:attachment":[{"href":"https:\/\/hugas.lt\/en\/wp-json\/wp\/v2\/media?parent=9314"}],"wp:term":[{"taxonomy":"product_cat","embeddable":true,"href":"https:\/\/hugas.lt\/en\/wp-json\/wp\/v2\/product_cat?post=9314"},{"taxonomy":"product_tag","embeddable":true,"href":"https:\/\/hugas.lt\/en\/wp-json\/wp\/v2\/product_tag?post=9314"}],"curies":[{"name":"wp","href":"https:\/\/api.w.org\/{rel}","templated":true}]}}