{"id":9309,"date":"2022-02-03T13:50:25","date_gmt":"2022-02-03T11:50:25","guid":{"rendered":"https:\/\/hugas.lt\/?post_type=product&#038;p=9309"},"modified":"2024-12-17T14:41:20","modified_gmt":"2024-12-17T12:41:20","slug":"plastikine-dezute-a350-410x267x175","status":"publish","type":"product","link":"https:\/\/hugas.lt\/en\/product\/plastikine-dezute-a350-410x267x175\/","title":{"rendered":"Plastikin\u0117 d\u0117\u017eut\u0117 KPA35 410x267x175"},"content":{"rendered":"","protected":false},"excerpt":{"rendered":"<p>Plastikin\u0117 d\u0117\u017eut\u0117 410x267x175.<\/p>\n<p>Tvirtos plastikin\u0117s d\u0117\u017eut\u0117s smulkiems daigtams.<\/p>","protected":false},"featured_media":12536,"comment_status":"open","ping_status":"closed","template":"","meta":[],"product_cat":[66,88],"product_tag":[],"_links":{"self":[{"href":"https:\/\/hugas.lt\/en\/wp-json\/wp\/v2\/product\/9309"}],"collection":[{"href":"https:\/\/hugas.lt\/en\/wp-json\/wp\/v2\/product"}],"about":[{"href":"https:\/\/hugas.lt\/en\/wp-json\/wp\/v2\/types\/product"}],"replies":[{"embeddable":true,"href":"https:\/\/hugas.lt\/en\/wp-json\/wp\/v2\/comments?post=9309"}],"wp:featuredmedia":[{"embeddable":true,"href":"https:\/\/hugas.lt\/en\/wp-json\/wp\/v2\/media\/12536"}],"wp:attachment":[{"href":"https:\/\/hugas.lt\/en\/wp-json\/wp\/v2\/media?parent=9309"}],"wp:term":[{"taxonomy":"product_cat","embeddable":true,"href":"https:\/\/hugas.lt\/en\/wp-json\/wp\/v2\/product_cat?post=9309"},{"taxonomy":"product_tag","embeddable":true,"href":"https:\/\/hugas.lt\/en\/wp-json\/wp\/v2\/product_tag?post=9309"}],"curies":[{"name":"wp","href":"https:\/\/api.w.org\/{rel}","templated":true}]}}