{"id":9304,"date":"2022-02-03T13:45:57","date_gmt":"2022-02-03T11:45:57","guid":{"rendered":"https:\/\/hugas.lt\/?post_type=product&#038;p=9304"},"modified":"2024-12-17T14:44:34","modified_gmt":"2024-12-17T12:44:34","slug":"plastikine-dezute-a300-368x219x148","status":"publish","type":"product","link":"https:\/\/hugas.lt\/en\/product\/plastikine-dezute-a300-368x219x148\/","title":{"rendered":"Plastikin\u0117 d\u0117\u017eut\u0117 A300 368x219x148"},"content":{"rendered":"","protected":false},"excerpt":{"rendered":"<p>Plastikin\u0117 d\u0117\u017eut\u0117 368x219x148<\/p>\n<p>Tvirta plastikin\u0117 d\u0117\u017eut\u0117 \u012fvairiems daiktams.<\/p>","protected":false},"featured_media":9361,"comment_status":"open","ping_status":"closed","template":"","meta":[],"product_cat":[66,88],"product_tag":[],"_links":{"self":[{"href":"https:\/\/hugas.lt\/en\/wp-json\/wp\/v2\/product\/9304"}],"collection":[{"href":"https:\/\/hugas.lt\/en\/wp-json\/wp\/v2\/product"}],"about":[{"href":"https:\/\/hugas.lt\/en\/wp-json\/wp\/v2\/types\/product"}],"replies":[{"embeddable":true,"href":"https:\/\/hugas.lt\/en\/wp-json\/wp\/v2\/comments?post=9304"}],"wp:featuredmedia":[{"embeddable":true,"href":"https:\/\/hugas.lt\/en\/wp-json\/wp\/v2\/media\/9361"}],"wp:attachment":[{"href":"https:\/\/hugas.lt\/en\/wp-json\/wp\/v2\/media?parent=9304"}],"wp:term":[{"taxonomy":"product_cat","embeddable":true,"href":"https:\/\/hugas.lt\/en\/wp-json\/wp\/v2\/product_cat?post=9304"},{"taxonomy":"product_tag","embeddable":true,"href":"https:\/\/hugas.lt\/en\/wp-json\/wp\/v2\/product_tag?post=9304"}],"curies":[{"name":"wp","href":"https:\/\/api.w.org\/{rel}","templated":true}]}}