{"id":9299,"date":"2022-02-03T13:42:02","date_gmt":"2022-02-03T11:42:02","guid":{"rendered":"https:\/\/hugas.lt\/?post_type=product&#038;p=9299"},"modified":"2026-03-11T11:24:46","modified_gmt":"2026-03-11T09:24:46","slug":"plastikine-dezute-a250-304x184x129","status":"publish","type":"product","link":"https:\/\/hugas.lt\/en\/product\/plastikine-dezute-a250-304x184x129\/","title":{"rendered":"Plastikin\u0117 d\u0117\u017eut\u0117 A250 304x184x129"},"content":{"rendered":"","protected":false},"excerpt":{"rendered":"<p>Plastikin\u0117 d\u0117\u017eut\u0117 304x184x129.<\/p>\n<p>Tvirta plastikin\u0117 d\u0117\u017eut\u0117 \u012fvairiems daiktams.<\/p>","protected":false},"featured_media":9359,"comment_status":"open","ping_status":"closed","template":"","meta":[],"product_cat":[66,88],"product_tag":[],"_links":{"self":[{"href":"https:\/\/hugas.lt\/en\/wp-json\/wp\/v2\/product\/9299"}],"collection":[{"href":"https:\/\/hugas.lt\/en\/wp-json\/wp\/v2\/product"}],"about":[{"href":"https:\/\/hugas.lt\/en\/wp-json\/wp\/v2\/types\/product"}],"replies":[{"embeddable":true,"href":"https:\/\/hugas.lt\/en\/wp-json\/wp\/v2\/comments?post=9299"}],"wp:featuredmedia":[{"embeddable":true,"href":"https:\/\/hugas.lt\/en\/wp-json\/wp\/v2\/media\/9359"}],"wp:attachment":[{"href":"https:\/\/hugas.lt\/en\/wp-json\/wp\/v2\/media?parent=9299"}],"wp:term":[{"taxonomy":"product_cat","embeddable":true,"href":"https:\/\/hugas.lt\/en\/wp-json\/wp\/v2\/product_cat?post=9299"},{"taxonomy":"product_tag","embeddable":true,"href":"https:\/\/hugas.lt\/en\/wp-json\/wp\/v2\/product_tag?post=9299"}],"curies":[{"name":"wp","href":"https:\/\/api.w.org\/{rel}","templated":true}]}}