{"id":9294,"date":"2022-02-03T13:37:52","date_gmt":"2022-02-03T11:37:52","guid":{"rendered":"https:\/\/hugas.lt\/?post_type=product&#038;p=9294"},"modified":"2024-12-17T14:30:14","modified_gmt":"2024-12-17T12:30:14","slug":"plastikine-dezute-kpa20-243x163x121","status":"publish","type":"product","link":"https:\/\/hugas.lt\/en\/product\/plastikine-dezute-kpa20-243x163x121\/","title":{"rendered":"Plastikin\u0117 d\u0117\u017eut\u0117 KPA20 243x163x121"},"content":{"rendered":"","protected":false},"excerpt":{"rendered":"<p>Plastikin\u0117 d\u0117\u017eut\u0117 243x163x121<\/p>\n<p>Tvirtos plastikin\u0117s d\u0117\u017eut\u0117s smulkiems daigtams.<\/p>","protected":false},"featured_media":12512,"comment_status":"open","ping_status":"closed","template":"","meta":[],"product_cat":[66,88],"product_tag":[],"_links":{"self":[{"href":"https:\/\/hugas.lt\/en\/wp-json\/wp\/v2\/product\/9294"}],"collection":[{"href":"https:\/\/hugas.lt\/en\/wp-json\/wp\/v2\/product"}],"about":[{"href":"https:\/\/hugas.lt\/en\/wp-json\/wp\/v2\/types\/product"}],"replies":[{"embeddable":true,"href":"https:\/\/hugas.lt\/en\/wp-json\/wp\/v2\/comments?post=9294"}],"wp:featuredmedia":[{"embeddable":true,"href":"https:\/\/hugas.lt\/en\/wp-json\/wp\/v2\/media\/12512"}],"wp:attachment":[{"href":"https:\/\/hugas.lt\/en\/wp-json\/wp\/v2\/media?parent=9294"}],"wp:term":[{"taxonomy":"product_cat","embeddable":true,"href":"https:\/\/hugas.lt\/en\/wp-json\/wp\/v2\/product_cat?post=9294"},{"taxonomy":"product_tag","embeddable":true,"href":"https:\/\/hugas.lt\/en\/wp-json\/wp\/v2\/product_tag?post=9294"}],"curies":[{"name":"wp","href":"https:\/\/api.w.org\/{rel}","templated":true}]}}