{"id":9267,"date":"2022-02-03T13:11:46","date_gmt":"2022-02-03T11:11:46","guid":{"rendered":"https:\/\/hugas.lt\/?post_type=product&#038;p=9267"},"modified":"2024-12-17T14:28:29","modified_gmt":"2024-12-17T12:28:29","slug":"plastikine-dezute-a100-163x100x72","status":"publish","type":"product","link":"https:\/\/hugas.lt\/en\/product\/plastikine-dezute-a100-163x100x72\/","title":{"rendered":"Plastikin\u0117 d\u0117\u017eut\u0117 A100 163x100x72"},"content":{"rendered":"","protected":false},"excerpt":{"rendered":"<p>Plastikin\u0117 d\u0117\u017eut\u0117 163x100x72<\/p>\n<p>Tvirtos plastikin\u0117s d\u0117\u017eut\u0117s smulkiems daigtams.<\/p>","protected":false},"featured_media":9363,"comment_status":"open","ping_status":"closed","template":"","meta":[],"product_cat":[66,88],"product_tag":[],"_links":{"self":[{"href":"https:\/\/hugas.lt\/en\/wp-json\/wp\/v2\/product\/9267"}],"collection":[{"href":"https:\/\/hugas.lt\/en\/wp-json\/wp\/v2\/product"}],"about":[{"href":"https:\/\/hugas.lt\/en\/wp-json\/wp\/v2\/types\/product"}],"replies":[{"embeddable":true,"href":"https:\/\/hugas.lt\/en\/wp-json\/wp\/v2\/comments?post=9267"}],"wp:featuredmedia":[{"embeddable":true,"href":"https:\/\/hugas.lt\/en\/wp-json\/wp\/v2\/media\/9363"}],"wp:attachment":[{"href":"https:\/\/hugas.lt\/en\/wp-json\/wp\/v2\/media?parent=9267"}],"wp:term":[{"taxonomy":"product_cat","embeddable":true,"href":"https:\/\/hugas.lt\/en\/wp-json\/wp\/v2\/product_cat?post=9267"},{"taxonomy":"product_tag","embeddable":true,"href":"https:\/\/hugas.lt\/en\/wp-json\/wp\/v2\/product_tag?post=9267"}],"curies":[{"name":"wp","href":"https:\/\/api.w.org\/{rel}","templated":true}]}}