{"id":9189,"date":"2021-10-31T13:56:39","date_gmt":"2021-10-31T11:56:39","guid":{"rendered":"https:\/\/hugas.lt\/?post_type=product&#038;p=9189"},"modified":"2023-01-21T12:46:00","modified_gmt":"2023-01-21T10:46:00","slug":"dvipusis-suoliukas-kabykla-su-medzio-tasais-2000x685x1660","status":"publish","type":"product","link":"https:\/\/hugas.lt\/en\/product\/dvipusis-suoliukas-kabykla-su-medzio-tasais-2000x685x1660\/","title":{"rendered":"Dvipusis suoliukas \u2013 kabykla su med\u017eio ta\u0161ais 2000x685x1660"},"content":{"rendered":"<h2>Dvipusis suoliukas \u2013 kabykla su med\u017eio ta\u0161ais 2000x685x1660<\/h2>\n<p>&nbsp;<\/p>\n<p>Suoliukas puikiai tinka naudoti persirengimo kambariuose. S\u0117dimoji dalis pagaminta i\u0161 \u012fvairaus ilgio lakuot\u0173 med\u017eio ta\u0161\u0173. R\u0117mas ir kojos metaliniai, spalva &#8211; pilka.<\/p>\n<p><img decoding=\"async\" class=\"alignnone size-medium wp-image-9190 aligncenter\" src=\"https:\/\/hugas.lt\/wp-content\/uploads\/2021\/10\/Dvipusis-suoliukas-\u2013-kabykla-su-medzio-tasais-2000x685x1660-300x296.jpg\" alt=\"Dvipusis suoliukas \u2013 kabykla su med\u017eio ta\u0161ais 2000x685x1660\" width=\"300\" height=\"296\" srcset=\"https:\/\/hugas.lt\/wp-content\/uploads\/2021\/10\/Dvipusis-suoliukas-\u2013-kabykla-su-medzio-tasais-2000x685x1660-300x296.jpg 300w, https:\/\/hugas.lt\/wp-content\/uploads\/2021\/10\/Dvipusis-suoliukas-\u2013-kabykla-su-medzio-tasais-2000x685x1660-768x757.jpg 768w, https:\/\/hugas.lt\/wp-content\/uploads\/2021\/10\/Dvipusis-suoliukas-\u2013-kabykla-su-medzio-tasais-2000x685x1660-12x12.jpg 12w, https:\/\/hugas.lt\/wp-content\/uploads\/2021\/10\/Dvipusis-suoliukas-\u2013-kabykla-su-medzio-tasais-2000x685x1660-510x503.jpg 510w, https:\/\/hugas.lt\/wp-content\/uploads\/2021\/10\/Dvipusis-suoliukas-\u2013-kabykla-su-medzio-tasais-2000x685x1660-100x100.jpg 100w, https:\/\/hugas.lt\/wp-content\/uploads\/2021\/10\/Dvipusis-suoliukas-\u2013-kabykla-su-medzio-tasais-2000x685x1660-64x63.jpg 64w, https:\/\/hugas.lt\/wp-content\/uploads\/2021\/10\/Dvipusis-suoliukas-\u2013-kabykla-su-medzio-tasais-2000x685x1660.jpg 850w\" sizes=\"(max-width: 300px) 100vw, 300px\" \/><\/p>","protected":false},"excerpt":{"rendered":"<p>Tvirtas, patikimas ir ilgaam\u017eis dvipusis suoliukas su kabykla r\u016bbams puikiai tinka naudoti sporto klubo ir baseino persirengimo patalpose.<\/p>","protected":false},"featured_media":9190,"comment_status":"open","ping_status":"closed","template":"","meta":[],"product_cat":[19,43,82],"product_tag":[],"_links":{"self":[{"href":"https:\/\/hugas.lt\/en\/wp-json\/wp\/v2\/product\/9189"}],"collection":[{"href":"https:\/\/hugas.lt\/en\/wp-json\/wp\/v2\/product"}],"about":[{"href":"https:\/\/hugas.lt\/en\/wp-json\/wp\/v2\/types\/product"}],"replies":[{"embeddable":true,"href":"https:\/\/hugas.lt\/en\/wp-json\/wp\/v2\/comments?post=9189"}],"wp:featuredmedia":[{"embeddable":true,"href":"https:\/\/hugas.lt\/en\/wp-json\/wp\/v2\/media\/9190"}],"wp:attachment":[{"href":"https:\/\/hugas.lt\/en\/wp-json\/wp\/v2\/media?parent=9189"}],"wp:term":[{"taxonomy":"product_cat","embeddable":true,"href":"https:\/\/hugas.lt\/en\/wp-json\/wp\/v2\/product_cat?post=9189"},{"taxonomy":"product_tag","embeddable":true,"href":"https:\/\/hugas.lt\/en\/wp-json\/wp\/v2\/product_tag?post=9189"}],"curies":[{"name":"wp","href":"https:\/\/api.w.org\/{rel}","templated":true}]}}