{"id":9187,"date":"2021-10-31T13:54:02","date_gmt":"2021-10-31T11:54:02","guid":{"rendered":"https:\/\/hugas.lt\/?post_type=product&#038;p=9187"},"modified":"2023-01-21T12:46:02","modified_gmt":"2023-01-21T10:46:02","slug":"dvipusis-suoliukas-kabykla-su-medzio-tasais-1500x685x1660","status":"publish","type":"product","link":"https:\/\/hugas.lt\/en\/product\/dvipusis-suoliukas-kabykla-su-medzio-tasais-1500x685x1660\/","title":{"rendered":"Dvipusis suoliukas \u2013 kabykla su med\u017eio ta\u0161ais 1500x685x1660"},"content":{"rendered":"<h2>Dvipusis suoliukas \u2013 kabykla su med\u017eio ta\u0161ais 1500x685x1660<\/h2>\n<p>&nbsp;<\/p>\n<p>Suoliukas puikiai tinka naudoti persirengimo kambariuose. S\u0117dimoji dalis pagaminta i\u0161 \u012fvairaus ilgio lakuot\u0173 med\u017eio ta\u0161\u0173. R\u0117mas ir kojos metaliniai, spalva &#8211; pilka.<\/p>\n<p><img decoding=\"async\" class=\"alignnone size-medium wp-image-9188 aligncenter\" src=\"https:\/\/hugas.lt\/wp-content\/uploads\/2021\/10\/Dvipusis-suoliukas-\u2013-kabykla-su-medzio-tasais-1500x685x1660-272x300.jpg\" alt=\"Dvipusis-suoliukas-\u2013-kabykla-su-medzio-tasais-1500x685x1660\" width=\"272\" height=\"300\" srcset=\"https:\/\/hugas.lt\/wp-content\/uploads\/2021\/10\/Dvipusis-suoliukas-\u2013-kabykla-su-medzio-tasais-1500x685x1660-272x300.jpg 272w, https:\/\/hugas.lt\/wp-content\/uploads\/2021\/10\/Dvipusis-suoliukas-\u2013-kabykla-su-medzio-tasais-1500x685x1660-768x846.jpg 768w, https:\/\/hugas.lt\/wp-content\/uploads\/2021\/10\/Dvipusis-suoliukas-\u2013-kabykla-su-medzio-tasais-1500x685x1660-11x12.jpg 11w, https:\/\/hugas.lt\/wp-content\/uploads\/2021\/10\/Dvipusis-suoliukas-\u2013-kabykla-su-medzio-tasais-1500x685x1660-510x562.jpg 510w, https:\/\/hugas.lt\/wp-content\/uploads\/2021\/10\/Dvipusis-suoliukas-\u2013-kabykla-su-medzio-tasais-1500x685x1660-64x71.jpg 64w, https:\/\/hugas.lt\/wp-content\/uploads\/2021\/10\/Dvipusis-suoliukas-\u2013-kabykla-su-medzio-tasais-1500x685x1660.jpg 844w\" sizes=\"(max-width: 272px) 100vw, 272px\" \/><\/p>","protected":false},"excerpt":{"rendered":"<p>Tvirtas, patikimas ir ilgaam\u017eis dvipusis suoliukas su kabykla r\u016bbams puikiai tinka naudoti sporto klubo ir baseino persirengimo patalpose.<\/p>","protected":false},"featured_media":9188,"comment_status":"open","ping_status":"closed","template":"","meta":[],"product_cat":[19,43,82],"product_tag":[],"_links":{"self":[{"href":"https:\/\/hugas.lt\/en\/wp-json\/wp\/v2\/product\/9187"}],"collection":[{"href":"https:\/\/hugas.lt\/en\/wp-json\/wp\/v2\/product"}],"about":[{"href":"https:\/\/hugas.lt\/en\/wp-json\/wp\/v2\/types\/product"}],"replies":[{"embeddable":true,"href":"https:\/\/hugas.lt\/en\/wp-json\/wp\/v2\/comments?post=9187"}],"wp:featuredmedia":[{"embeddable":true,"href":"https:\/\/hugas.lt\/en\/wp-json\/wp\/v2\/media\/9188"}],"wp:attachment":[{"href":"https:\/\/hugas.lt\/en\/wp-json\/wp\/v2\/media?parent=9187"}],"wp:term":[{"taxonomy":"product_cat","embeddable":true,"href":"https:\/\/hugas.lt\/en\/wp-json\/wp\/v2\/product_cat?post=9187"},{"taxonomy":"product_tag","embeddable":true,"href":"https:\/\/hugas.lt\/en\/wp-json\/wp\/v2\/product_tag?post=9187"}],"curies":[{"name":"wp","href":"https:\/\/api.w.org\/{rel}","templated":true}]}}