{"id":9178,"date":"2021-10-31T13:43:36","date_gmt":"2021-10-31T11:43:36","guid":{"rendered":"https:\/\/hugas.lt\/?post_type=product&#038;p=9178"},"modified":"2023-01-21T12:46:08","modified_gmt":"2023-01-21T10:46:08","slug":"suoliukas-kabykla-su-medzio-tasais-1500x355x1660","status":"publish","type":"product","link":"https:\/\/hugas.lt\/en\/product\/suoliukas-kabykla-su-medzio-tasais-1500x355x1660\/","title":{"rendered":"Suoliukas \u2013 kabykla su med\u017eio ta\u0161ais 1500x355x1660"},"content":{"rendered":"<h2>Suoliukas \u2013 kabykla su med\u017eio ta\u0161ais 1500x355x1660<\/h2>\n<p>&nbsp;<\/p>\n<p>Suoliukas su kabykla puikiai tinka naudoti persirengimo kambariuose. S\u0117dimoji dalis pagaminta i\u0161 \u012fvairaus ilgio lakuot\u0173 med\u017eio ta\u0161\u0173. R\u0117mas ir kojos metaliniai, spalva &#8211; pilka.<\/p>\n<p><img decoding=\"async\" class=\"alignnone size-medium wp-image-9179 aligncenter\" src=\"https:\/\/hugas.lt\/wp-content\/uploads\/2021\/10\/Suoliukas-\u2013-kabykla-su-medzio-tasais-1500x355x1660-256x300.jpg\" alt=\"Suoliukas \u2013 kabykla su med\u017eio ta\u0161ais 1500x355x1660 \" width=\"256\" height=\"300\" srcset=\"https:\/\/hugas.lt\/wp-content\/uploads\/2021\/10\/Suoliukas-\u2013-kabykla-su-medzio-tasais-1500x355x1660-256x300.jpg 256w, https:\/\/hugas.lt\/wp-content\/uploads\/2021\/10\/Suoliukas-\u2013-kabykla-su-medzio-tasais-1500x355x1660-768x900.jpg 768w, https:\/\/hugas.lt\/wp-content\/uploads\/2021\/10\/Suoliukas-\u2013-kabykla-su-medzio-tasais-1500x355x1660-10x12.jpg 10w, https:\/\/hugas.lt\/wp-content\/uploads\/2021\/10\/Suoliukas-\u2013-kabykla-su-medzio-tasais-1500x355x1660-510x598.jpg 510w, https:\/\/hugas.lt\/wp-content\/uploads\/2021\/10\/Suoliukas-\u2013-kabykla-su-medzio-tasais-1500x355x1660-64x75.jpg 64w, https:\/\/hugas.lt\/wp-content\/uploads\/2021\/10\/Suoliukas-\u2013-kabykla-su-medzio-tasais-1500x355x1660.jpg 874w\" sizes=\"(max-width: 256px) 100vw, 256px\" \/><\/p>","protected":false},"excerpt":{"rendered":"<p>Tvirtas, patikimas ir ilgaam\u017eis suoliukas su kabykla r\u016bbams puikiai tinka naudoti sporto klubo ir baseino persirengimo patalpose.<\/p>","protected":false},"featured_media":9179,"comment_status":"open","ping_status":"closed","template":"","meta":[],"product_cat":[19,43,82],"product_tag":[],"_links":{"self":[{"href":"https:\/\/hugas.lt\/en\/wp-json\/wp\/v2\/product\/9178"}],"collection":[{"href":"https:\/\/hugas.lt\/en\/wp-json\/wp\/v2\/product"}],"about":[{"href":"https:\/\/hugas.lt\/en\/wp-json\/wp\/v2\/types\/product"}],"replies":[{"embeddable":true,"href":"https:\/\/hugas.lt\/en\/wp-json\/wp\/v2\/comments?post=9178"}],"wp:featuredmedia":[{"embeddable":true,"href":"https:\/\/hugas.lt\/en\/wp-json\/wp\/v2\/media\/9179"}],"wp:attachment":[{"href":"https:\/\/hugas.lt\/en\/wp-json\/wp\/v2\/media?parent=9178"}],"wp:term":[{"taxonomy":"product_cat","embeddable":true,"href":"https:\/\/hugas.lt\/en\/wp-json\/wp\/v2\/product_cat?post=9178"},{"taxonomy":"product_tag","embeddable":true,"href":"https:\/\/hugas.lt\/en\/wp-json\/wp\/v2\/product_tag?post=9178"}],"curies":[{"name":"wp","href":"https:\/\/api.w.org\/{rel}","templated":true}]}}