{"id":9167,"date":"2021-10-31T13:17:47","date_gmt":"2021-10-31T11:17:47","guid":{"rendered":"https:\/\/hugas.lt\/?post_type=product&#038;p=9167"},"modified":"2024-04-29T12:29:15","modified_gmt":"2024-04-29T10:29:15","slug":"suoliukas-su-medzio-tasais-2000x330x400","status":"publish","type":"product","link":"https:\/\/hugas.lt\/en\/product\/suoliukas-su-medzio-tasais-2000x330x400\/","title":{"rendered":"Suoliukas su med\u017eio ta\u0161ais 2000x330x400"},"content":{"rendered":"<h1 class=\"product_title entry-title\">Suoliukas su med\u017eio ta\u0161ais 2000x330x400<\/h1>\n<p>&nbsp;<\/p>\n<p>Suoliukas puikiai tinka naudoti persirengimo kambariuose ar kabinose. S\u0117dimoji dalis pagaminta i\u0161 \u012fvairaus ilgio lakuot\u0173 med\u017eio ta\u0161\u0173. R\u0117mas ir kojos metaliniai, spalva &#8211; pilka.<\/p>\n<p><img decoding=\"async\" class=\"size-medium wp-image-7765 aligncenter\" src=\"https:\/\/hugas.lt\/wp-content\/uploads\/2020\/08\/IMG_0405-copy-300x225.png\" alt=\"Suoliukas\" width=\"300\" height=\"225\" srcset=\"https:\/\/hugas.lt\/wp-content\/uploads\/2020\/08\/IMG_0405-copy-300x225.png 300w, https:\/\/hugas.lt\/wp-content\/uploads\/2020\/08\/IMG_0405-copy-1024x768.png 1024w, https:\/\/hugas.lt\/wp-content\/uploads\/2020\/08\/IMG_0405-copy-768x576.png 768w, https:\/\/hugas.lt\/wp-content\/uploads\/2020\/08\/IMG_0405-copy-1536x1152.png 1536w, https:\/\/hugas.lt\/wp-content\/uploads\/2020\/08\/IMG_0405-copy-16x12.png 16w, https:\/\/hugas.lt\/wp-content\/uploads\/2020\/08\/IMG_0405-copy-510x383.png 510w, https:\/\/hugas.lt\/wp-content\/uploads\/2020\/08\/IMG_0405-copy-64x48.png 64w, https:\/\/hugas.lt\/wp-content\/uploads\/2020\/08\/IMG_0405-copy.png 2048w\" sizes=\"(max-width: 300px) 100vw, 300px\" \/><\/p>","protected":false},"excerpt":{"rendered":"<p>Tvirtas, patikimas ir ilgaam\u017eis suoliukas puikiai tinka naudoti sporto klubo ir baseino persirengimo patalpose.<\/p>","protected":false},"featured_media":7765,"comment_status":"open","ping_status":"closed","template":"","meta":[],"product_cat":[19,43,81],"product_tag":[],"_links":{"self":[{"href":"https:\/\/hugas.lt\/en\/wp-json\/wp\/v2\/product\/9167"}],"collection":[{"href":"https:\/\/hugas.lt\/en\/wp-json\/wp\/v2\/product"}],"about":[{"href":"https:\/\/hugas.lt\/en\/wp-json\/wp\/v2\/types\/product"}],"replies":[{"embeddable":true,"href":"https:\/\/hugas.lt\/en\/wp-json\/wp\/v2\/comments?post=9167"}],"wp:featuredmedia":[{"embeddable":true,"href":"https:\/\/hugas.lt\/en\/wp-json\/wp\/v2\/media\/7765"}],"wp:attachment":[{"href":"https:\/\/hugas.lt\/en\/wp-json\/wp\/v2\/media?parent=9167"}],"wp:term":[{"taxonomy":"product_cat","embeddable":true,"href":"https:\/\/hugas.lt\/en\/wp-json\/wp\/v2\/product_cat?post=9167"},{"taxonomy":"product_tag","embeddable":true,"href":"https:\/\/hugas.lt\/en\/wp-json\/wp\/v2\/product_tag?post=9167"}],"curies":[{"name":"wp","href":"https:\/\/api.w.org\/{rel}","templated":true}]}}