{"id":9053,"date":"2021-08-13T09:18:45","date_gmt":"2021-08-13T07:18:45","guid":{"rendered":"https:\/\/hugas.lt\/?post_type=product&#038;p=9053"},"modified":"2023-01-21T13:58:24","modified_gmt":"2023-01-21T11:58:24","slug":"biuro-spinta-1970x1000x455-su-lentynomis-ir-kartele-pakaboms","status":"publish","type":"product","link":"https:\/\/hugas.lt\/en\/product\/biuro-spinta-1970x1000x455-su-lentynomis-ir-kartele-pakaboms\/","title":{"rendered":"Biuro spinta 1970x1000x455 su lentynomis ir kartele pakaboms"},"content":{"rendered":"<h3>Biuro spinta 1970x1000x455 su lentynomis ir kartele pakaboms<\/h3>\n<p>Matmenys:<\/p>\n<p>Auk\u0161tis &#8211; 1970mm;<\/p>\n<p>Plotis &#8211; 1000mm;<\/p>\n<p>Gylis &#8211; 450mm;<\/p>\n<p>Svoris &#8211; 71,65kg;<\/p>\n<p>Padengimas &#8211; miltelinis, RAL7035.<\/p>\n<p>Spinta &#8211; biuro spintel\u0117, skirta drabu\u017eiams ir aplankams su dokumentais ar kitomis ra\u0161tin\u0117s reikmenimis laikyti. Spintel\u0119 sudaro du skyriai: Skyrius dokumentams turi 4 + 1 lentynas, kurias kliento pageidavimu galima perkelti \u012f auk\u0161t\u012f 38 mm \u017eingsniu. Drabu\u017ei\u0173 skyriuje yra lentyna skryb\u0117l\u0117ms ir skersinis pakaboms. Spinta rakinama ir turi skersin\u0119 dur\u0173 u\u017erakinimo sistem\u0105. Spinta &#8211; biuro spintel\u0117 pagaminta i\u0161 auk\u0161tos kokyb\u0117s lak\u0161tinio plieno, nuda\u017eyta atsparia milteline emale RAL7035.<\/p>\n<p><img decoding=\"async\" class=\"alignnone size-medium wp-image-9056\" src=\"https:\/\/hugas.lt\/wp-content\/uploads\/2021\/08\/biuro-spinta-su-lentynomis-1-257x300.jpeg\" alt=\"biuro spinta\" width=\"257\" height=\"300\" srcset=\"https:\/\/hugas.lt\/wp-content\/uploads\/2021\/08\/biuro-spinta-su-lentynomis-1-257x300.jpeg 257w, https:\/\/hugas.lt\/wp-content\/uploads\/2021\/08\/biuro-spinta-su-lentynomis-1-510x595.jpeg 510w, https:\/\/hugas.lt\/wp-content\/uploads\/2021\/08\/biuro-spinta-su-lentynomis-1-64x75.jpeg 64w, https:\/\/hugas.lt\/wp-content\/uploads\/2021\/08\/biuro-spinta-su-lentynomis-1.jpeg 600w\" sizes=\"(max-width: 257px) 100vw, 257px\" \/> <img decoding=\"async\" class=\"alignnone size-medium wp-image-9055\" src=\"https:\/\/hugas.lt\/wp-content\/uploads\/2021\/08\/biuro-spinta-su-lentynomis-uzdara-1-257x300.jpeg\" alt=\"biuro spinta\" width=\"257\" height=\"300\" srcset=\"https:\/\/hugas.lt\/wp-content\/uploads\/2021\/08\/biuro-spinta-su-lentynomis-uzdara-1-257x300.jpeg 257w, https:\/\/hugas.lt\/wp-content\/uploads\/2021\/08\/biuro-spinta-su-lentynomis-uzdara-1-510x595.jpeg 510w, https:\/\/hugas.lt\/wp-content\/uploads\/2021\/08\/biuro-spinta-su-lentynomis-uzdara-1-64x75.jpeg 64w, https:\/\/hugas.lt\/wp-content\/uploads\/2021\/08\/biuro-spinta-su-lentynomis-uzdara-1.jpeg 600w\" sizes=\"(max-width: 257px) 100vw, 257px\" \/><img decoding=\"async\" class=\"alignnone size-medium wp-image-9051\" style=\"color: #333333;\" src=\"https:\/\/hugas.lt\/wp-content\/uploads\/2021\/08\/biuro-spinta-su-lentynomis-vidus-300x225.jpeg\" alt=\"biuro spinta\" width=\"300\" height=\"225\" srcset=\"https:\/\/hugas.lt\/wp-content\/uploads\/2021\/08\/biuro-spinta-su-lentynomis-vidus-300x225.jpeg 300w, https:\/\/hugas.lt\/wp-content\/uploads\/2021\/08\/biuro-spinta-su-lentynomis-vidus-768x576.jpeg 768w, https:\/\/hugas.lt\/wp-content\/uploads\/2021\/08\/biuro-spinta-su-lentynomis-vidus-510x383.jpeg 510w, https:\/\/hugas.lt\/wp-content\/uploads\/2021\/08\/biuro-spinta-su-lentynomis-vidus-64x48.jpeg 64w, https:\/\/hugas.lt\/wp-content\/uploads\/2021\/08\/biuro-spinta-su-lentynomis-vidus.jpeg 800w\" sizes=\"(max-width: 300px) 100vw, 300px\" \/><\/p>","protected":false},"excerpt":{"rendered":"<p>Matmenys:<\/p>\n<p>Auk\u0161tis &#8211; 1970mm;<\/p>\n<p>Plotis &#8211; 1000mm;<\/p>\n<p>Gylis &#8211; 450mm;<\/p>\n<p>Svoris &#8211; 71,65kg;<\/p>\n<p>Padengimas &#8211; miltelinis, RAL7035.<\/p>","protected":false},"featured_media":9054,"comment_status":"open","ping_status":"closed","template":"","meta":[],"product_cat":[18,83],"product_tag":[],"_links":{"self":[{"href":"https:\/\/hugas.lt\/en\/wp-json\/wp\/v2\/product\/9053"}],"collection":[{"href":"https:\/\/hugas.lt\/en\/wp-json\/wp\/v2\/product"}],"about":[{"href":"https:\/\/hugas.lt\/en\/wp-json\/wp\/v2\/types\/product"}],"replies":[{"embeddable":true,"href":"https:\/\/hugas.lt\/en\/wp-json\/wp\/v2\/comments?post=9053"}],"wp:featuredmedia":[{"embeddable":true,"href":"https:\/\/hugas.lt\/en\/wp-json\/wp\/v2\/media\/9054"}],"wp:attachment":[{"href":"https:\/\/hugas.lt\/en\/wp-json\/wp\/v2\/media?parent=9053"}],"wp:term":[{"taxonomy":"product_cat","embeddable":true,"href":"https:\/\/hugas.lt\/en\/wp-json\/wp\/v2\/product_cat?post=9053"},{"taxonomy":"product_tag","embeddable":true,"href":"https:\/\/hugas.lt\/en\/wp-json\/wp\/v2\/product_tag?post=9053"}],"curies":[{"name":"wp","href":"https:\/\/api.w.org\/{rel}","templated":true}]}}