{"id":8831,"date":"2021-08-06T08:20:42","date_gmt":"2021-08-06T06:20:42","guid":{"rendered":"https:\/\/hugas.lt\/?post_type=product&#038;p=8831"},"modified":"2026-03-20T13:16:03","modified_gmt":"2026-03-20T11:16:03","slug":"nerudijancio-plieno-spinta-1800x800x500-universali-rakinama","status":"publish","type":"product","link":"https:\/\/hugas.lt\/en\/product\/nerudijancio-plieno-spinta-1800x800x500-universali-rakinama\/","title":{"rendered":"Ner\u016bdijan\u010dio plieno spinta 1800x800x500 universali, rakinama"},"content":{"rendered":"<h3>Ner\u016bdijan\u010dio plieno spinta 1800x800x500 universali, rakinama<\/h3>\n<p>AISI 430.<\/p>\n<p>Prana\u0161umai:<\/p>\n<ul>\n<li>ner\u016bdijan\u010dio plieno naudojimas apsaugo pavir\u0161ius nuo korozijos;<\/li>\n<li>si\u016bl\u0117s ir kampai yra patikimai apsaugoti, neturi \u012fpjov\u0173 ar a\u0161tri\u0173 briaun\u0173;<\/li>\n<li>ma\u017eas korpuso gylis sutaupys siauras ir ilgas patalpas;<\/li>\n<li>galimas u\u017erakinimo kodu, spyna ar bekontak\u010diu u\u017eraktu variantas;<\/li>\n<li>reguliariai naudojant, durys nesisuka d\u0117l sujungimo vyri\u0173.<\/li>\n<\/ul>\n<p>Vienoje spintos pus\u0117je lentynos, o kitoje vieta r\u016bbams pasikabinti.<\/p>\n<p><img decoding=\"async\" class=\"alignnone size-medium wp-image-8834\" src=\"https:\/\/hugas.lt\/wp-content\/uploads\/2021\/08\/nerudijancio-plieno-spinta-257x300.jpeg\" alt=\"Ner\u016bdijan\u010dio plieno spinta\" width=\"257\" height=\"300\" srcset=\"https:\/\/hugas.lt\/wp-content\/uploads\/2021\/08\/nerudijancio-plieno-spinta-257x300.jpeg 257w, https:\/\/hugas.lt\/wp-content\/uploads\/2021\/08\/nerudijancio-plieno-spinta-510x595.jpeg 510w, https:\/\/hugas.lt\/wp-content\/uploads\/2021\/08\/nerudijancio-plieno-spinta-64x75.jpeg 64w, https:\/\/hugas.lt\/wp-content\/uploads\/2021\/08\/nerudijancio-plieno-spinta.jpeg 600w\" sizes=\"(max-width: 257px) 100vw, 257px\" \/> <img decoding=\"async\" class=\"alignnone size-medium wp-image-8833\" src=\"https:\/\/hugas.lt\/wp-content\/uploads\/2021\/08\/nerudijancio-plieno-spinta-atvira-257x300.jpeg\" alt=\"Ner\u016bdijan\u010dio plieno spinta\" width=\"257\" height=\"300\" srcset=\"https:\/\/hugas.lt\/wp-content\/uploads\/2021\/08\/nerudijancio-plieno-spinta-atvira-257x300.jpeg 257w, https:\/\/hugas.lt\/wp-content\/uploads\/2021\/08\/nerudijancio-plieno-spinta-atvira-510x595.jpeg 510w, https:\/\/hugas.lt\/wp-content\/uploads\/2021\/08\/nerudijancio-plieno-spinta-atvira-64x75.jpeg 64w, https:\/\/hugas.lt\/wp-content\/uploads\/2021\/08\/nerudijancio-plieno-spinta-atvira.jpeg 600w\" sizes=\"(max-width: 257px) 100vw, 257px\" \/><\/p>","protected":false},"excerpt":{"rendered":"<p>Ner\u016bdijan\u010dio plieno spinta.<\/p>\n<p>Auk\u0161tis &#8211; 1800 mm.<\/p>\n<p>Plotis &#8211; 800 mm.<\/p>\n<p>Gylis &#8211; 500 mm,<\/p>\n<p>Svoris &#8211; 60 kg.<\/p>\n<p>AISI 430.<\/p>","protected":false},"featured_media":8832,"comment_status":"open","ping_status":"closed","template":"","meta":[],"product_cat":[19,83],"product_tag":[],"_links":{"self":[{"href":"https:\/\/hugas.lt\/en\/wp-json\/wp\/v2\/product\/8831"}],"collection":[{"href":"https:\/\/hugas.lt\/en\/wp-json\/wp\/v2\/product"}],"about":[{"href":"https:\/\/hugas.lt\/en\/wp-json\/wp\/v2\/types\/product"}],"replies":[{"embeddable":true,"href":"https:\/\/hugas.lt\/en\/wp-json\/wp\/v2\/comments?post=8831"}],"wp:featuredmedia":[{"embeddable":true,"href":"https:\/\/hugas.lt\/en\/wp-json\/wp\/v2\/media\/8832"}],"wp:attachment":[{"href":"https:\/\/hugas.lt\/en\/wp-json\/wp\/v2\/media?parent=8831"}],"wp:term":[{"taxonomy":"product_cat","embeddable":true,"href":"https:\/\/hugas.lt\/en\/wp-json\/wp\/v2\/product_cat?post=8831"},{"taxonomy":"product_tag","embeddable":true,"href":"https:\/\/hugas.lt\/en\/wp-json\/wp\/v2\/product_tag?post=8831"}],"curies":[{"name":"wp","href":"https:\/\/api.w.org\/{rel}","templated":true}]}}