{"id":8820,"date":"2021-08-05T13:40:14","date_gmt":"2021-08-05T11:40:14","guid":{"rendered":"https:\/\/hugas.lt\/?post_type=product&#038;p=8820"},"modified":"2023-09-19T10:42:05","modified_gmt":"2023-09-19T08:42:05","slug":"spinta-duju-balionams-1800x800x500-metaline-rakinama","status":"publish","type":"product","link":"https:\/\/hugas.lt\/en\/product\/spinta-duju-balionams-1800x800x500-metaline-rakinama\/","title":{"rendered":"Spinta duj\u0173 balionams 1800x800x500 metalin\u0117, rakinama"},"content":{"rendered":"<h3>Spinta duj\u0173 balionams 1800x800x500 metalin\u0117, rakinama<\/h3>\n<p>Auk\u0161tis 1800mm.<\/p>\n<p>Plotis 800 mm.<\/p>\n<p>Gylis 500 mm.<\/p>\n<p>Da\u017eyta milteliniu b\u016bdu RAL7035 spalva.<\/p>\n<p>Konstrukcijos ypatyb\u0117s:<\/p>\n<ul>\n<li>fiksuota grandin\u0117 suteikia papildom\u0105 tvirtinim\u0105;<\/li>\n<li>metalini\u0173 korpuso sien\u0173 perforacija neleid\u017eia kauptis dujoms ir reguliuoja vidin\u012f mikroklimat\u0105;<\/li>\n<li>ry\u0161i\u0173 prijungimo technologini\u0173 ang\u0173 prieinamumas;<\/li>\n<li>sutvirtinta apatin\u0117 spintel\u0117s dalis pagaminta i\u0161 med\u017eio dro\u017eli\u0173 plok\u0161t\u0117s, kad cilindro svoris nepa\u017eeist\u0173 grind\u0173.<\/li>\n<\/ul>\n<p><img decoding=\"async\" class=\"alignnone size-medium wp-image-8823\" src=\"https:\/\/hugas.lt\/wp-content\/uploads\/2021\/08\/Spinta-duju-balionams-1-257x300.jpeg\" alt=\"\" width=\"257\" height=\"300\" srcset=\"https:\/\/hugas.lt\/wp-content\/uploads\/2021\/08\/Spinta-duju-balionams-1-257x300.jpeg 257w, https:\/\/hugas.lt\/wp-content\/uploads\/2021\/08\/Spinta-duju-balionams-1-510x595.jpeg 510w, https:\/\/hugas.lt\/wp-content\/uploads\/2021\/08\/Spinta-duju-balionams-1-64x75.jpeg 64w, https:\/\/hugas.lt\/wp-content\/uploads\/2021\/08\/Spinta-duju-balionams-1.jpeg 600w\" sizes=\"(max-width: 257px) 100vw, 257px\" \/> <img decoding=\"async\" class=\"alignnone size-medium wp-image-8821\" src=\"https:\/\/hugas.lt\/wp-content\/uploads\/2021\/08\/Spinta-duju-balionams-a-1-257x300.png\" alt=\"Spinta duj\u0173 balionams \u0105a\" width=\"257\" height=\"300\" srcset=\"https:\/\/hugas.lt\/wp-content\/uploads\/2021\/08\/Spinta-duju-balionams-a-1-257x300.png 257w, https:\/\/hugas.lt\/wp-content\/uploads\/2021\/08\/Spinta-duju-balionams-a-1-510x595.png 510w, https:\/\/hugas.lt\/wp-content\/uploads\/2021\/08\/Spinta-duju-balionams-a-1-64x75.png 64w, https:\/\/hugas.lt\/wp-content\/uploads\/2021\/08\/Spinta-duju-balionams-a-1.png 600w\" sizes=\"(max-width: 257px) 100vw, 257px\" \/><\/p>","protected":false},"excerpt":{"rendered":"<p>Spinta skirta dviems duj\u0173 balionams laikyti.<\/p>\n<p>Auk\u0161tis 1800mm.<\/p>\n<p>Plotis 800 mm.<\/p>\n<p>Gylis 500 mm.<\/p>\n<p>Da\u017eyta milteliniu b\u016bdu RAL7035 spalva.<\/p>","protected":false},"featured_media":8822,"comment_status":"open","ping_status":"closed","template":"","meta":[],"product_cat":[20,39],"product_tag":[],"_links":{"self":[{"href":"https:\/\/hugas.lt\/en\/wp-json\/wp\/v2\/product\/8820"}],"collection":[{"href":"https:\/\/hugas.lt\/en\/wp-json\/wp\/v2\/product"}],"about":[{"href":"https:\/\/hugas.lt\/en\/wp-json\/wp\/v2\/types\/product"}],"replies":[{"embeddable":true,"href":"https:\/\/hugas.lt\/en\/wp-json\/wp\/v2\/comments?post=8820"}],"wp:featuredmedia":[{"embeddable":true,"href":"https:\/\/hugas.lt\/en\/wp-json\/wp\/v2\/media\/8822"}],"wp:attachment":[{"href":"https:\/\/hugas.lt\/en\/wp-json\/wp\/v2\/media?parent=8820"}],"wp:term":[{"taxonomy":"product_cat","embeddable":true,"href":"https:\/\/hugas.lt\/en\/wp-json\/wp\/v2\/product_cat?post=8820"},{"taxonomy":"product_tag","embeddable":true,"href":"https:\/\/hugas.lt\/en\/wp-json\/wp\/v2\/product_tag?post=8820"}],"curies":[{"name":"wp","href":"https:\/\/api.w.org\/{rel}","templated":true}]}}