{"id":8809,"date":"2021-08-05T10:28:05","date_gmt":"2021-08-05T08:28:05","guid":{"rendered":"https:\/\/hugas.lt\/?post_type=product&#038;p=8809"},"modified":"2022-04-25T12:25:12","modified_gmt":"2022-04-25T10:25:12","slug":"spinta-stiklinemis-durimis-1970x900x455-metaline-rakinama","status":"publish","type":"product","link":"https:\/\/hugas.lt\/en\/product\/spinta-stiklinemis-durimis-1970x900x455-metaline-rakinama\/","title":{"rendered":"Spinta stiklin\u0117mis durimis 1970x900x455 metalin\u0117, rakinama"},"content":{"rendered":"<h3>Spinta stiklin\u0117mis durimis 1970x900x455<\/h3>\n<p>Auk\u0161tis 1970 mm. Gylis 455 mm. Plotis 900 mm. Viduje 4 reguliuojamo auk\u0161\u010dio lentynos. Spinta tinka laboratorijose, vaistin\u0117se, biuruose, kur reikalinga matyti sud\u0117tus daiktus.<\/p>\n<p>&nbsp;<\/p>\n<p><img decoding=\"async\" class=\"alignnone size-medium wp-image-8811 aligncenter\" src=\"https:\/\/hugas.lt\/wp-content\/uploads\/2021\/08\/spinta-stiklinemis-durimis-257x300.jpeg\" alt=\"Spinta stiklin\u0117mis durimis\" width=\"257\" height=\"300\" srcset=\"https:\/\/hugas.lt\/wp-content\/uploads\/2021\/08\/spinta-stiklinemis-durimis-257x300.jpeg 257w, https:\/\/hugas.lt\/wp-content\/uploads\/2021\/08\/spinta-stiklinemis-durimis-510x595.jpeg 510w, https:\/\/hugas.lt\/wp-content\/uploads\/2021\/08\/spinta-stiklinemis-durimis-64x75.jpeg 64w, https:\/\/hugas.lt\/wp-content\/uploads\/2021\/08\/spinta-stiklinemis-durimis.jpeg 600w\" sizes=\"(max-width: 257px) 100vw, 257px\" \/><\/p>","protected":false},"excerpt":{"rendered":"<p>Metalin\u0117 spinta su stiklin\u0117mis durimis. Auk\u0161tis 1970 mm. Gylis 455 mm. Plotis 900 mm. Viduje 4 reguliuojamo auk\u0161\u010dio lentynos.<\/p>","protected":false},"featured_media":8810,"comment_status":"open","ping_status":"closed","template":"","meta":[],"product_cat":[19,18,65],"product_tag":[],"_links":{"self":[{"href":"https:\/\/hugas.lt\/en\/wp-json\/wp\/v2\/product\/8809"}],"collection":[{"href":"https:\/\/hugas.lt\/en\/wp-json\/wp\/v2\/product"}],"about":[{"href":"https:\/\/hugas.lt\/en\/wp-json\/wp\/v2\/types\/product"}],"replies":[{"embeddable":true,"href":"https:\/\/hugas.lt\/en\/wp-json\/wp\/v2\/comments?post=8809"}],"wp:featuredmedia":[{"embeddable":true,"href":"https:\/\/hugas.lt\/en\/wp-json\/wp\/v2\/media\/8810"}],"wp:attachment":[{"href":"https:\/\/hugas.lt\/en\/wp-json\/wp\/v2\/media?parent=8809"}],"wp:term":[{"taxonomy":"product_cat","embeddable":true,"href":"https:\/\/hugas.lt\/en\/wp-json\/wp\/v2\/product_cat?post=8809"},{"taxonomy":"product_tag","embeddable":true,"href":"https:\/\/hugas.lt\/en\/wp-json\/wp\/v2\/product_tag?post=8809"}],"curies":[{"name":"wp","href":"https:\/\/api.w.org\/{rel}","templated":true}]}}