{"id":8802,"date":"2021-08-05T09:52:59","date_gmt":"2021-08-05T07:52:59","guid":{"rendered":"https:\/\/hugas.lt\/?post_type=product&#038;p=8802"},"modified":"2023-01-22T13:29:50","modified_gmt":"2023-01-22T11:29:50","slug":"laboratorijos-spinta-1970x900x455-metaline-rakinama","status":"publish","type":"product","link":"https:\/\/hugas.lt\/en\/product\/laboratorijos-spinta-1970x900x455-metaline-rakinama\/","title":{"rendered":"Laboratorijos spinta 1970x900x455 metalin\u0117, rakinama"},"content":{"rendered":"<h3>Laboratorijos spinta 1970x900x455 metalin\u0117, rakinama<\/h3>\n<p>Spintel\u0117 skirta patalpinti vaistin\u0117se, laboratorijose, ligonin\u0117se ir vaistin\u0117se. Specializuoti baldai kuriami atsi\u017evelgiant \u012f laboratorijos \u012frangos saugos, funkcionalumo ir prakti\u0161kumo reikalavimus. Spinta padeda optimizuoti darbo zon\u0105, taupo nauding\u0105 kambario plot\u0105, u\u017etikrina atsarg\u0173 saugum\u0105. Produktas yra sertifikuotas ir atitinka tarptautinius kokyb\u0117s standartus.<\/p>\n<p>Dizaino matmenys leid\u017eia \u012fd\u0117ti spint\u0105 \u012f nedidelio ploto kambar\u012f. \u012erangos r\u0117mas pagamintas i\u0161 metalo. Med\u017eiaga yra atspari mechaniniams pa\u017eeidimams, pasi\u017eymi stiprumu ir atsparumu greitam nusid\u0117v\u0117jimui. Pavir\u0161iai yra termi\u0161kai apdorojami, o po to padengiami milteliniais da\u017eais RAL 7035. Med\u017eiagos apdorojimas apsaugo nuo korozijos bei dr\u0117gm\u0117s poveikio, taip pat pagerina spintel\u0117s i\u0161vaizd\u0105. \u0160viesiai pilka gaminio spalva tinka laboratorij\u0173 interjerui.<\/p>\n<p>Spintos privalumai:<\/p>\n<ul>\n<li>paprasta prie\u017ei\u016bra;<\/li>\n<li>prakti\u0161kumas;<\/li>\n<li>patikimumas.<\/li>\n<\/ul>\n<p>&nbsp;<\/p>\n<p><img decoding=\"async\" class=\"alignnone size-medium wp-image-8805\" src=\"https:\/\/hugas.lt\/wp-content\/uploads\/2021\/08\/laboratorijos-spinta-257x300.png\" alt=\"laboratorijos spinta\" width=\"257\" height=\"300\" srcset=\"https:\/\/hugas.lt\/wp-content\/uploads\/2021\/08\/laboratorijos-spinta-257x300.png 257w, https:\/\/hugas.lt\/wp-content\/uploads\/2021\/08\/laboratorijos-spinta-510x595.png 510w, https:\/\/hugas.lt\/wp-content\/uploads\/2021\/08\/laboratorijos-spinta-64x75.png 64w, https:\/\/hugas.lt\/wp-content\/uploads\/2021\/08\/laboratorijos-spinta.png 600w\" sizes=\"(max-width: 257px) 100vw, 257px\" \/> <img decoding=\"async\" class=\"alignnone size-medium wp-image-8804\" src=\"https:\/\/hugas.lt\/wp-content\/uploads\/2021\/08\/laboratorijos-spinta-1-257x300.jpeg\" alt=\"laboratorijos spinta\" width=\"257\" height=\"300\" srcset=\"https:\/\/hugas.lt\/wp-content\/uploads\/2021\/08\/laboratorijos-spinta-1-257x300.jpeg 257w, https:\/\/hugas.lt\/wp-content\/uploads\/2021\/08\/laboratorijos-spinta-1-510x595.jpeg 510w, https:\/\/hugas.lt\/wp-content\/uploads\/2021\/08\/laboratorijos-spinta-1-64x75.jpeg 64w, https:\/\/hugas.lt\/wp-content\/uploads\/2021\/08\/laboratorijos-spinta-1.jpeg 600w\" sizes=\"(max-width: 257px) 100vw, 257px\" \/><\/p>","protected":false},"excerpt":{"rendered":"<p>Metalin\u0117 laboratorijos spinta.<\/p>\n<p>Matmenys:<\/p>\n<p>Auk\u0161tis 1970mm.<\/p>\n<p>Plotis 900mm.<\/p>\n<p>Gylis 455mm.<\/p>\n<p>Padengimas &#8211; miltelinis, da\u017eyta RAL7035 spalva.<\/p>","protected":false},"featured_media":8808,"comment_status":"open","ping_status":"closed","template":"","meta":[],"product_cat":[65,19],"product_tag":[],"_links":{"self":[{"href":"https:\/\/hugas.lt\/en\/wp-json\/wp\/v2\/product\/8802"}],"collection":[{"href":"https:\/\/hugas.lt\/en\/wp-json\/wp\/v2\/product"}],"about":[{"href":"https:\/\/hugas.lt\/en\/wp-json\/wp\/v2\/types\/product"}],"replies":[{"embeddable":true,"href":"https:\/\/hugas.lt\/en\/wp-json\/wp\/v2\/comments?post=8802"}],"wp:featuredmedia":[{"embeddable":true,"href":"https:\/\/hugas.lt\/en\/wp-json\/wp\/v2\/media\/8808"}],"wp:attachment":[{"href":"https:\/\/hugas.lt\/en\/wp-json\/wp\/v2\/media?parent=8802"}],"wp:term":[{"taxonomy":"product_cat","embeddable":true,"href":"https:\/\/hugas.lt\/en\/wp-json\/wp\/v2\/product_cat?post=8802"},{"taxonomy":"product_tag","embeddable":true,"href":"https:\/\/hugas.lt\/en\/wp-json\/wp\/v2\/product_tag?post=8802"}],"curies":[{"name":"wp","href":"https:\/\/api.w.org\/{rel}","templated":true}]}}