{"id":8781,"date":"2021-07-27T15:05:45","date_gmt":"2021-07-27T13:05:45","guid":{"rendered":"https:\/\/hugas.lt\/?post_type=product&#038;p=8781"},"modified":"2021-07-27T15:11:04","modified_gmt":"2021-07-27T13:11:04","slug":"stelazas-padangoms-1500x1800x500-2-lygiai","status":"publish","type":"product","link":"https:\/\/hugas.lt\/en\/product\/stelazas-padangoms-1500x1800x500-2-lygiai\/","title":{"rendered":"Stela\u017eas padangoms 1500x1800x500 2 lygiai"},"content":{"rendered":"<h3>Stela\u017eas padangoms 1500x1800x500 2 lygiai<\/h3>\n<p>Tvirtas, patikimas, metalinis stela\u017eas padangoms puikiai tiks tiek servise, tiek padang\u0173 parduotuv\u0117je, tiek gara\u017ee. Susid\u0117kite padangas bei ratlankius tvarkingai. Stela\u017eas surenkamas var\u017etais. Pristatomas nesurinktas. Surinkimas paprastas &#8211; pridedama instrukcija.<\/p>\n<p>Matmenys:<\/p>\n<p>Auk\u0161tis 1500mm<\/p>\n<p>Gylis 500mm<\/p>\n<p>Ilgis 1800mm<\/p>\n<p>Spalva RAL7035<\/p>\n<p>Miltelinis da\u017eymas<\/p>\n<p><img decoding=\"async\" class=\"alignnone size-full wp-image-8777\" src=\"https:\/\/hugas.lt\/wp-content\/uploads\/2021\/07\/stelazas-padangoms.jpeg\" alt=\"Stela\u017eas padangoms\" width=\"188\" height=\"220\" srcset=\"https:\/\/hugas.lt\/wp-content\/uploads\/2021\/07\/stelazas-padangoms.jpeg 188w, https:\/\/hugas.lt\/wp-content\/uploads\/2021\/07\/stelazas-padangoms-64x75.jpeg 64w\" sizes=\"(max-width: 188px) 100vw, 188px\" \/> <img decoding=\"async\" class=\"alignnone size-medium wp-image-8776\" src=\"https:\/\/hugas.lt\/wp-content\/uploads\/2021\/07\/stelazas-padangoms-bb-300x200.jpeg\" alt=\"Stela\u017eas padangoms\" width=\"300\" height=\"200\" srcset=\"https:\/\/hugas.lt\/wp-content\/uploads\/2021\/07\/stelazas-padangoms-bb-300x200.jpeg 300w, https:\/\/hugas.lt\/wp-content\/uploads\/2021\/07\/stelazas-padangoms-bb-768x512.jpeg 768w, https:\/\/hugas.lt\/wp-content\/uploads\/2021\/07\/stelazas-padangoms-bb-510x340.jpeg 510w, https:\/\/hugas.lt\/wp-content\/uploads\/2021\/07\/stelazas-padangoms-bb-64x43.jpeg 64w, https:\/\/hugas.lt\/wp-content\/uploads\/2021\/07\/stelazas-padangoms-bb.jpeg 900w\" sizes=\"(max-width: 300px) 100vw, 300px\" \/> <img decoding=\"async\" class=\"alignnone size-medium wp-image-8775\" src=\"https:\/\/hugas.lt\/wp-content\/uploads\/2021\/07\/stelazas-padangoms-b-300x200.jpeg\" alt=\"Stela\u017eas padangoms\" width=\"300\" height=\"200\" srcset=\"https:\/\/hugas.lt\/wp-content\/uploads\/2021\/07\/stelazas-padangoms-b-300x200.jpeg 300w, https:\/\/hugas.lt\/wp-content\/uploads\/2021\/07\/stelazas-padangoms-b-768x512.jpeg 768w, https:\/\/hugas.lt\/wp-content\/uploads\/2021\/07\/stelazas-padangoms-b-510x340.jpeg 510w, https:\/\/hugas.lt\/wp-content\/uploads\/2021\/07\/stelazas-padangoms-b-64x43.jpeg 64w, https:\/\/hugas.lt\/wp-content\/uploads\/2021\/07\/stelazas-padangoms-b.jpeg 900w\" sizes=\"(max-width: 300px) 100vw, 300px\" \/><\/p>","protected":false},"excerpt":{"rendered":"<p>Stela\u017eas padangoms.<\/p>\n<p>Auk\u0161tis 1500mm<\/p>\n<p>Gylis 500mm<\/p>\n<p>Ilgis 1800mm<\/p>\n<p>Spalva RAL7035<\/p>\n<p>Miltelinis da\u017eymas<\/p>","protected":false},"featured_media":8782,"comment_status":"open","ping_status":"closed","template":"","meta":[],"product_cat":[27,17],"product_tag":[],"_links":{"self":[{"href":"https:\/\/hugas.lt\/en\/wp-json\/wp\/v2\/product\/8781"}],"collection":[{"href":"https:\/\/hugas.lt\/en\/wp-json\/wp\/v2\/product"}],"about":[{"href":"https:\/\/hugas.lt\/en\/wp-json\/wp\/v2\/types\/product"}],"replies":[{"embeddable":true,"href":"https:\/\/hugas.lt\/en\/wp-json\/wp\/v2\/comments?post=8781"}],"wp:featuredmedia":[{"embeddable":true,"href":"https:\/\/hugas.lt\/en\/wp-json\/wp\/v2\/media\/8782"}],"wp:attachment":[{"href":"https:\/\/hugas.lt\/en\/wp-json\/wp\/v2\/media?parent=8781"}],"wp:term":[{"taxonomy":"product_cat","embeddable":true,"href":"https:\/\/hugas.lt\/en\/wp-json\/wp\/v2\/product_cat?post=8781"},{"taxonomy":"product_tag","embeddable":true,"href":"https:\/\/hugas.lt\/en\/wp-json\/wp\/v2\/product_tag?post=8781"}],"curies":[{"name":"wp","href":"https:\/\/api.w.org\/{rel}","templated":true}]}}