{"id":8765,"date":"2021-07-27T11:56:54","date_gmt":"2021-07-27T09:56:54","guid":{"rendered":"https:\/\/hugas.lt\/?post_type=product&#038;p=8765"},"modified":"2023-01-22T13:30:44","modified_gmt":"2023-01-22T11:30:44","slug":"stelazas-su-dezutemis-1800x1000x400-metalinis-2","status":"publish","type":"product","link":"https:\/\/hugas.lt\/en\/product\/stelazas-su-dezutemis-1800x1000x400-metalinis-2\/","title":{"rendered":"Stela\u017eas su d\u0117\u017eut\u0117mis 1800x1000x400 metalinis"},"content":{"rendered":"<h3>Stela\u017eas su d\u0117\u017eut\u0117mis 1800x1000x400<\/h3>\n<p>Matmenys:<\/p>\n<p>Auk\u0161tis 1800mm<\/p>\n<p>Gylis 400mm<\/p>\n<p>Ilgis 1000mm<\/p>\n<p>Stela\u017eas su 13 lentyn\u0173.<\/p>\n<p>D\u0117\u017eut\u0117s:<\/p>\n<p>125\u0445145\u0445230 mm &#8211; 36 vnt;<\/p>\n<p>75\u0445100\u0445155 mm &#8211; 27 vnt;<\/p>\n<p>50\u044590\u0445100 mm &#8211; 27 vnt.<\/p>\n<p><img decoding=\"async\" class=\"alignnone size-medium wp-image-8766\" src=\"https:\/\/hugas.lt\/wp-content\/uploads\/2021\/07\/stelazas-su-dezutemis-2-257x300.jpg\" alt=\"stela\u017eas su d\u0117\u017eut\u0117mis\" width=\"257\" height=\"300\" srcset=\"https:\/\/hugas.lt\/wp-content\/uploads\/2021\/07\/stelazas-su-dezutemis-2-257x300.jpg 257w, https:\/\/hugas.lt\/wp-content\/uploads\/2021\/07\/stelazas-su-dezutemis-2-510x595.jpg 510w, https:\/\/hugas.lt\/wp-content\/uploads\/2021\/07\/stelazas-su-dezutemis-2-64x75.jpg 64w, https:\/\/hugas.lt\/wp-content\/uploads\/2021\/07\/stelazas-su-dezutemis-2.jpg 600w\" sizes=\"(max-width: 257px) 100vw, 257px\" \/>\u00a0<img decoding=\"async\" class=\"alignnone size-medium wp-image-8759\" src=\"https:\/\/hugas.lt\/wp-content\/uploads\/2021\/07\/stelazas-su-dezutemis-arti-257x300.jpg\" alt=\"stela\u017eas su d\u0117\u017eut\u0117mis\" width=\"257\" height=\"300\" srcset=\"https:\/\/hugas.lt\/wp-content\/uploads\/2021\/07\/stelazas-su-dezutemis-arti-257x300.jpg 257w, https:\/\/hugas.lt\/wp-content\/uploads\/2021\/07\/stelazas-su-dezutemis-arti-510x595.jpg 510w, https:\/\/hugas.lt\/wp-content\/uploads\/2021\/07\/stelazas-su-dezutemis-arti-64x75.jpg 64w, https:\/\/hugas.lt\/wp-content\/uploads\/2021\/07\/stelazas-su-dezutemis-arti.jpg 600w\" sizes=\"(max-width: 257px) 100vw, 257px\" \/><\/p>","protected":false},"excerpt":{"rendered":"<p>Stela\u017eas su d\u0117\u017eut\u0117mis.<\/p>\n<p>Auk\u0161tis 1800mm<\/p>\n<p>Gylis 400mm<\/p>\n<p>Ilgis 1000mm<\/p>\n<p>Stela\u017eas su 13 lentyn\u0173.<\/p>\n<p>D\u0117\u017eut\u0117s:<\/p>\n<p>125\u0445145\u0445230 mm &#8211; 36 vnt;<\/p>\n<p>75\u0445100\u0445155 mm &#8211; 27 vnt;<\/p>\n<p>50\u044590\u0445100 mm &#8211; 27 vnt.<\/p>","protected":false},"featured_media":8768,"comment_status":"open","ping_status":"closed","template":"","meta":[],"product_cat":[89],"product_tag":[],"_links":{"self":[{"href":"https:\/\/hugas.lt\/en\/wp-json\/wp\/v2\/product\/8765"}],"collection":[{"href":"https:\/\/hugas.lt\/en\/wp-json\/wp\/v2\/product"}],"about":[{"href":"https:\/\/hugas.lt\/en\/wp-json\/wp\/v2\/types\/product"}],"replies":[{"embeddable":true,"href":"https:\/\/hugas.lt\/en\/wp-json\/wp\/v2\/comments?post=8765"}],"wp:featuredmedia":[{"embeddable":true,"href":"https:\/\/hugas.lt\/en\/wp-json\/wp\/v2\/media\/8768"}],"wp:attachment":[{"href":"https:\/\/hugas.lt\/en\/wp-json\/wp\/v2\/media?parent=8765"}],"wp:term":[{"taxonomy":"product_cat","embeddable":true,"href":"https:\/\/hugas.lt\/en\/wp-json\/wp\/v2\/product_cat?post=8765"},{"taxonomy":"product_tag","embeddable":true,"href":"https:\/\/hugas.lt\/en\/wp-json\/wp\/v2\/product_tag?post=8765"}],"curies":[{"name":"wp","href":"https:\/\/api.w.org\/{rel}","templated":true}]}}