{"id":8752,"date":"2021-07-27T11:39:55","date_gmt":"2021-07-27T09:39:55","guid":{"rendered":"https:\/\/hugas.lt\/?post_type=product&#038;p=8752"},"modified":"2023-01-21T13:03:27","modified_gmt":"2023-01-21T11:03:27","slug":"metaline-spinta-1800x500x500-rakinama","status":"publish","type":"product","link":"https:\/\/hugas.lt\/en\/product\/metaline-spinta-1800x500x500-rakinama\/","title":{"rendered":"Metalin\u0117 spinta 1800x500x500 rakinama"},"content":{"rendered":"<h3>Metalin\u0117 spinta 1800x500x500 rakinama<\/h3>\n<p>Matmenys:<\/p>\n<p>Auk\u0161tis 1800mm<\/p>\n<p>Gylis 500mm<\/p>\n<p>Plotis 500mm<\/p>\n<p>Spalva RAL7035<\/p>\n<p>Miltelinis da\u017eymas<\/p>\n<p>Spintel\u0117 pagaminta i\u0161 tvirto 0,8mm plieno milteliniu b\u016bd\u0173 da\u017eyto plieno.<\/p>","protected":false},"excerpt":{"rendered":"<p>Auk\u0161tis 1800mm<\/p>\n<p>Gylis 500mm<\/p>\n<p>Plotis 500mm<\/p>\n<p>Spalva RAL7035<\/p>\n<p>Miltelinis da\u017eymas<\/p>","protected":false},"featured_media":9129,"comment_status":"open","ping_status":"closed","template":"","meta":[],"product_cat":[19,83],"product_tag":[],"_links":{"self":[{"href":"https:\/\/hugas.lt\/en\/wp-json\/wp\/v2\/product\/8752"}],"collection":[{"href":"https:\/\/hugas.lt\/en\/wp-json\/wp\/v2\/product"}],"about":[{"href":"https:\/\/hugas.lt\/en\/wp-json\/wp\/v2\/types\/product"}],"replies":[{"embeddable":true,"href":"https:\/\/hugas.lt\/en\/wp-json\/wp\/v2\/comments?post=8752"}],"wp:featuredmedia":[{"embeddable":true,"href":"https:\/\/hugas.lt\/en\/wp-json\/wp\/v2\/media\/9129"}],"wp:attachment":[{"href":"https:\/\/hugas.lt\/en\/wp-json\/wp\/v2\/media?parent=8752"}],"wp:term":[{"taxonomy":"product_cat","embeddable":true,"href":"https:\/\/hugas.lt\/en\/wp-json\/wp\/v2\/product_cat?post=8752"},{"taxonomy":"product_tag","embeddable":true,"href":"https:\/\/hugas.lt\/en\/wp-json\/wp\/v2\/product_tag?post=8752"}],"curies":[{"name":"wp","href":"https:\/\/api.w.org\/{rel}","templated":true}]}}