{"id":8740,"date":"2021-07-26T13:47:24","date_gmt":"2021-07-26T11:47:24","guid":{"rendered":"https:\/\/hugas.lt\/?post_type=product&#038;p=8740"},"modified":"2024-11-10T02:23:12","modified_gmt":"2024-11-10T00:23:12","slug":"kabykla-rubams-1700x1700x550-su-ratukais","status":"publish","type":"product","link":"https:\/\/hugas.lt\/en\/product\/kabykla-rubams-1700x1700x550-su-ratukais\/","title":{"rendered":"Kabykla r\u016bbams 1700x1700x550 su ratukais"},"content":{"rendered":"<h3>Kabykla r\u016bbams 1700x1700x550 su ratukais<\/h3>\n<div>Paprasta, bet prakti\u0161ka drabu\u017ei\u0173 kabykla parduotuv\u0117ms, r\u016bbin\u0117ms, konferencij\u0173 patalpoms ir pan. Ji ypa\u010d naudinga, jei reikia laikyti kelias kabyklas ma\u017eoje erdv\u0117je, kai jos nenaudojamos. I\u0161manus T formos r\u0117mas leid\u017eia kelias kabyklas sustumti vien\u0105 \u012f kit\u0105. Taip sukuriamas efektyvaus sand\u0117liavimo sprendimas.<\/div>\n<div><\/div>\n<div>Drabu\u017ei\u0173 kabykl\u0105 su ratukais lengva perkelti ir sand\u0117liuoti. Kabykla pagaminta i\u0161 vamzdin\u0117s milteliniu b\u016bdu da\u017eyto plieno konstrukcijos. Paprastas konstrukcijos dizainas tinka daugumoje erdvi\u0173.<\/div>\n<div>\u00a0<img decoding=\"async\" class=\"alignnone size-medium wp-image-8742\" src=\"https:\/\/hugas.lt\/wp-content\/uploads\/2021\/07\/kabykla-rubams-aa-300x169.jpg\" alt=\"kabykla r\u016bbams\" width=\"300\" height=\"169\" srcset=\"https:\/\/hugas.lt\/wp-content\/uploads\/2021\/07\/kabykla-rubams-aa-300x169.jpg 300w, https:\/\/hugas.lt\/wp-content\/uploads\/2021\/07\/kabykla-rubams-aa-1024x576.jpg 1024w, https:\/\/hugas.lt\/wp-content\/uploads\/2021\/07\/kabykla-rubams-aa-768x432.jpg 768w, https:\/\/hugas.lt\/wp-content\/uploads\/2021\/07\/kabykla-rubams-aa-1536x864.jpg 1536w, https:\/\/hugas.lt\/wp-content\/uploads\/2021\/07\/kabykla-rubams-aa-510x287.jpg 510w, https:\/\/hugas.lt\/wp-content\/uploads\/2021\/07\/kabykla-rubams-aa-64x36.jpg 64w, https:\/\/hugas.lt\/wp-content\/uploads\/2021\/07\/kabykla-rubams-aa.jpg 1920w\" sizes=\"(max-width: 300px) 100vw, 300px\" \/><img decoding=\"async\" class=\"alignnone size-medium wp-image-8736\" src=\"https:\/\/hugas.lt\/wp-content\/uploads\/2021\/07\/kabykla-rubams-ratukai-300x169.jpg\" alt=\"kabykla r\u016bbams\" width=\"300\" height=\"169\" srcset=\"https:\/\/hugas.lt\/wp-content\/uploads\/2021\/07\/kabykla-rubams-ratukai-300x169.jpg 300w, https:\/\/hugas.lt\/wp-content\/uploads\/2021\/07\/kabykla-rubams-ratukai-1024x576.jpg 1024w, https:\/\/hugas.lt\/wp-content\/uploads\/2021\/07\/kabykla-rubams-ratukai-768x432.jpg 768w, https:\/\/hugas.lt\/wp-content\/uploads\/2021\/07\/kabykla-rubams-ratukai-1536x864.jpg 1536w, https:\/\/hugas.lt\/wp-content\/uploads\/2021\/07\/kabykla-rubams-ratukai-510x287.jpg 510w, https:\/\/hugas.lt\/wp-content\/uploads\/2021\/07\/kabykla-rubams-ratukai-64x36.jpg 64w, https:\/\/hugas.lt\/wp-content\/uploads\/2021\/07\/kabykla-rubams-ratukai.jpg 1920w\" sizes=\"(max-width: 300px) 100vw, 300px\" \/><img decoding=\"async\" class=\"alignnone size-medium wp-image-8741\" src=\"https:\/\/hugas.lt\/wp-content\/uploads\/2021\/07\/kabykla-rubams-a-257x300.jpg\" alt=\"kabykla r\u016bbams\" width=\"257\" height=\"300\" srcset=\"https:\/\/hugas.lt\/wp-content\/uploads\/2021\/07\/kabykla-rubams-a-257x300.jpg 257w, https:\/\/hugas.lt\/wp-content\/uploads\/2021\/07\/kabykla-rubams-a-877x1024.jpg 877w, https:\/\/hugas.lt\/wp-content\/uploads\/2021\/07\/kabykla-rubams-a-768x897.jpg 768w, https:\/\/hugas.lt\/wp-content\/uploads\/2021\/07\/kabykla-rubams-a-510x595.jpg 510w, https:\/\/hugas.lt\/wp-content\/uploads\/2021\/07\/kabykla-rubams-a-64x75.jpg 64w, https:\/\/hugas.lt\/wp-content\/uploads\/2021\/07\/kabykla-rubams-a.jpg 925w\" sizes=\"(max-width: 257px) 100vw, 257px\" \/><\/div>","protected":false},"excerpt":{"rendered":"<p>Kabykla r\u016bbams:<\/p>\n<p>Auk\u0161tis 1700mm<\/p>\n<p>Gylis 550mm<\/p>\n<p>Ilgis 1700mm<\/p>\n<p>Viso 32 vnt kabliuk\u0173.<\/p>\n<p>Dvipusis.<\/p>","protected":false},"featured_media":8744,"comment_status":"open","ping_status":"closed","template":"","meta":[],"product_cat":[82],"product_tag":[],"_links":{"self":[{"href":"https:\/\/hugas.lt\/en\/wp-json\/wp\/v2\/product\/8740"}],"collection":[{"href":"https:\/\/hugas.lt\/en\/wp-json\/wp\/v2\/product"}],"about":[{"href":"https:\/\/hugas.lt\/en\/wp-json\/wp\/v2\/types\/product"}],"replies":[{"embeddable":true,"href":"https:\/\/hugas.lt\/en\/wp-json\/wp\/v2\/comments?post=8740"}],"wp:featuredmedia":[{"embeddable":true,"href":"https:\/\/hugas.lt\/en\/wp-json\/wp\/v2\/media\/8744"}],"wp:attachment":[{"href":"https:\/\/hugas.lt\/en\/wp-json\/wp\/v2\/media?parent=8740"}],"wp:term":[{"taxonomy":"product_cat","embeddable":true,"href":"https:\/\/hugas.lt\/en\/wp-json\/wp\/v2\/product_cat?post=8740"},{"taxonomy":"product_tag","embeddable":true,"href":"https:\/\/hugas.lt\/en\/wp-json\/wp\/v2\/product_tag?post=8740"}],"curies":[{"name":"wp","href":"https:\/\/api.w.org\/{rel}","templated":true}]}}