{"id":8667,"date":"2021-07-16T13:29:53","date_gmt":"2021-07-16T11:29:53","guid":{"rendered":"https:\/\/hugas.lt\/?post_type=product&#038;p=8667"},"modified":"2021-07-16T13:31:08","modified_gmt":"2021-07-16T11:31:08","slug":"ligoniu-transportavimo-vezimelis-2100x600x850h","status":"publish","type":"product","link":"https:\/\/hugas.lt\/en\/product\/ligoniu-transportavimo-vezimelis-2100x600x850h\/","title":{"rendered":"Ligoni\u0173 transportavimo ve\u017eim\u0117lis 2100x600x850h"},"content":{"rendered":"<h3>Ligoni\u0173 transportavimo ve\u017eim\u0117lis<\/h3>\n<p>Ve\u017eim\u0117lis skirtas pacientams medicinos \u012fstaigose perkelti, \u012fskaitant ir laiptin\u0117se, taip pat pristatyti juos greitosios pagalbos automobiliams. Ve\u017eim\u0117l\u012f patogu ir lengva jud\u0117ti d\u0117l sukam\u0173 rat\u0173, kuri\u0173 skersmuo yra 160 mm. Krep\u0161elyje yra apsauginiai buferiai. Medicinos personalo patogumui ne\u0161tuvuose yra stacionarios kojos ir gumin\u0117s rankenos. Be to, ne\u0161tuvuose yra patogus galvos atrama su atskiru k\u0117limo mechanizmu. Ve\u017eim\u0117lio r\u0117mas ir ne\u0161tuvai pagaminti i\u0161 profilinio plieno ir da\u017eyti milteliniais da\u017eais, tod\u0117l ve\u017eim\u0117lis yra patvarus ir leid\u017eia pakartotinai j\u012f apdoroti bet kokiais dezinfekuojan\u010diais tirpalais.<\/p>\n<p><img decoding=\"async\" class=\"size-medium wp-image-8668 aligncenter\" src=\"https:\/\/hugas.lt\/wp-content\/uploads\/2021\/07\/Ligoniu-transportavimo-vezimelis-300x187.jpeg\" alt=\"ligoni\u0173 transportavimo ve\u017eim\u0117lis\" width=\"300\" height=\"187\" srcset=\"https:\/\/hugas.lt\/wp-content\/uploads\/2021\/07\/Ligoniu-transportavimo-vezimelis-300x187.jpeg 300w, https:\/\/hugas.lt\/wp-content\/uploads\/2021\/07\/Ligoniu-transportavimo-vezimelis-64x40.jpeg 64w, https:\/\/hugas.lt\/wp-content\/uploads\/2021\/07\/Ligoniu-transportavimo-vezimelis.jpeg 500w\" sizes=\"(max-width: 300px) 100vw, 300px\" \/><\/p>","protected":false},"excerpt":{"rendered":"<p>Matmenys:<\/p>\n<p>Auk\u0161tis &#8211; 850mm;<\/p>\n<p>Plotis &#8211; 600mm;<\/p>\n<p>Ilgis &#8211; 2100mm.<\/p>","protected":false},"featured_media":8671,"comment_status":"open","ping_status":"closed","template":"","meta":[],"product_cat":[19,65],"product_tag":[],"_links":{"self":[{"href":"https:\/\/hugas.lt\/en\/wp-json\/wp\/v2\/product\/8667"}],"collection":[{"href":"https:\/\/hugas.lt\/en\/wp-json\/wp\/v2\/product"}],"about":[{"href":"https:\/\/hugas.lt\/en\/wp-json\/wp\/v2\/types\/product"}],"replies":[{"embeddable":true,"href":"https:\/\/hugas.lt\/en\/wp-json\/wp\/v2\/comments?post=8667"}],"wp:featuredmedia":[{"embeddable":true,"href":"https:\/\/hugas.lt\/en\/wp-json\/wp\/v2\/media\/8671"}],"wp:attachment":[{"href":"https:\/\/hugas.lt\/en\/wp-json\/wp\/v2\/media?parent=8667"}],"wp:term":[{"taxonomy":"product_cat","embeddable":true,"href":"https:\/\/hugas.lt\/en\/wp-json\/wp\/v2\/product_cat?post=8667"},{"taxonomy":"product_tag","embeddable":true,"href":"https:\/\/hugas.lt\/en\/wp-json\/wp\/v2\/product_tag?post=8667"}],"curies":[{"name":"wp","href":"https:\/\/api.w.org\/{rel}","templated":true}]}}