{"id":8661,"date":"2021-07-16T13:05:24","date_gmt":"2021-07-16T11:05:24","guid":{"rendered":"https:\/\/hugas.lt\/?post_type=product&#038;p=8661"},"modified":"2024-07-24T09:51:42","modified_gmt":"2024-07-24T07:51:42","slug":"medicinine-sirma-1480x1810h-sulankstoma","status":"publish","type":"product","link":"https:\/\/hugas.lt\/en\/product\/medicinine-sirma-1480x1810h-sulankstoma\/","title":{"rendered":"Medicinin\u0117 \u0161irma 1480x1810h sulankstoma"},"content":{"rendered":"<h3>Medicinin\u0117 \u0161irma 2220 x 1810h sulankstoma<\/h3>\n<p>Kai pacientui reikia nusirengti, pasiruo\u0161ti medicininei proced\u016brai, patogiau tai padaryti u\u017e pertvaros, kuri slepiasi nuo smalsi\u0173 aki\u0173. \u0160irm\u0173 naudojimas bendrose palatose padidina medicinini\u0173 proced\u016br\u0173 patogum\u0105. Asmuo yra ma\u017eiau nervingas, taip pat gauna asmenin\u0119 erdv\u0119.<\/p>\n<p>Patalpos, kuriose labai pravers \u0161ios \u0161irmos:<\/p>\n<ul>\n<li>operacin\u0117se;<\/li>\n<li>bendrosios medicinos palatos;<\/li>\n<li>skiepijimo ir manipuliavimo kambariai;<\/li>\n<li>proced\u016brinis (inhaliatoriai, UHF terapijos kambarys);<\/li>\n<li>funkcin\u0117s diagnostikos kabinetai (ultragarsas, rentgenas, kardiograma);<\/li>\n<li>ap\u017ei\u016bros kabinetai (ginekologiniai, proktologiniai, urologiniai).<\/li>\n<\/ul>\n<p>Metalin\u0117s \u0161irmos dalys buvo i\u0161 anksto apdorotos, tod\u0117l jos atsparios korozijai. Milteli\u0173 da\u017eymas suteikia atsparum\u0105 dr\u0117gmei. Tai apsaugo \u012frang\u0105 nuo ankstyvo nusid\u0117v\u0117jimo. Pavir\u0161ius galima dezinfekuoti naudojant ne\u0161lifuojan\u010dias med\u017eiagas. Audinio elementus galima pa\u0161alinti. Jie gali atlaikyti pakartotin\u012f plovim\u0105 ir balinim\u0105.<\/p>\n<p>\u0160irma gali b\u016bti naudojama dalinai, arba pusiau u\u017etverta. Ji lengvai susilanksto ir neu\u017eima daug vietos, o tai labai svarbu taupant viet\u0105.<\/p>\n<p><img decoding=\"async\" class=\"size-medium wp-image-8662 aligncenter\" src=\"https:\/\/hugas.lt\/wp-content\/uploads\/2021\/07\/medicinine-sirma-2-257x300.jpeg\" alt=\"medicinin\u0117 \u0161irma\" width=\"257\" height=\"300\" srcset=\"https:\/\/hugas.lt\/wp-content\/uploads\/2021\/07\/medicinine-sirma-2-257x300.jpeg 257w, https:\/\/hugas.lt\/wp-content\/uploads\/2021\/07\/medicinine-sirma-2-10x12.jpeg 10w, https:\/\/hugas.lt\/wp-content\/uploads\/2021\/07\/medicinine-sirma-2-510x595.jpeg 510w, https:\/\/hugas.lt\/wp-content\/uploads\/2021\/07\/medicinine-sirma-2-64x75.jpeg 64w, https:\/\/hugas.lt\/wp-content\/uploads\/2021\/07\/medicinine-sirma-2.jpeg 600w\" sizes=\"(max-width: 257px) 100vw, 257px\" \/><\/p>","protected":false},"excerpt":{"rendered":"<p>Matmenys:<\/p>\n<p>Auk\u0161tis &#8211; 1810mm<\/p>\n<p>Ilgis &#8211; 1480mm.<\/p>","protected":false},"featured_media":8662,"comment_status":"open","ping_status":"closed","template":"","meta":[],"product_cat":[19,65],"product_tag":[],"_links":{"self":[{"href":"https:\/\/hugas.lt\/en\/wp-json\/wp\/v2\/product\/8661"}],"collection":[{"href":"https:\/\/hugas.lt\/en\/wp-json\/wp\/v2\/product"}],"about":[{"href":"https:\/\/hugas.lt\/en\/wp-json\/wp\/v2\/types\/product"}],"replies":[{"embeddable":true,"href":"https:\/\/hugas.lt\/en\/wp-json\/wp\/v2\/comments?post=8661"}],"wp:featuredmedia":[{"embeddable":true,"href":"https:\/\/hugas.lt\/en\/wp-json\/wp\/v2\/media\/8662"}],"wp:attachment":[{"href":"https:\/\/hugas.lt\/en\/wp-json\/wp\/v2\/media?parent=8661"}],"wp:term":[{"taxonomy":"product_cat","embeddable":true,"href":"https:\/\/hugas.lt\/en\/wp-json\/wp\/v2\/product_cat?post=8661"},{"taxonomy":"product_tag","embeddable":true,"href":"https:\/\/hugas.lt\/en\/wp-json\/wp\/v2\/product_tag?post=8661"}],"curies":[{"name":"wp","href":"https:\/\/api.w.org\/{rel}","templated":true}]}}