{"id":8632,"date":"2021-07-16T09:19:25","date_gmt":"2021-07-16T07:19:25","guid":{"rendered":"https:\/\/hugas.lt\/?post_type=product&#038;p=8632"},"modified":"2022-04-25T12:30:19","modified_gmt":"2022-04-25T10:30:19","slug":"biuro-spinta-1200x455x1970-slankiosiomis-durimis-metaline-rakinama","status":"publish","type":"product","link":"https:\/\/hugas.lt\/en\/product\/biuro-spinta-1200x455x1970-slankiosiomis-durimis-metaline-rakinama\/","title":{"rendered":"Biuro spinta 1200x455x1970 slankiosiomis durimis, metalin\u0117, rakinama"},"content":{"rendered":"<h2>Biuro spinta 1200x455x1970 slankiosiomis durimis<\/h2>\n<p>&nbsp;<\/p>\n<p>Metalin\u0117 biuro spinta su slankiosiomis durimis pagaminta i\u0161 0,8-1,0 mm storio plieno ir nuda\u017eyta korozijai atsparia milteline emale RAL7035. Spintos viduje 4 reguliuojamo auk\u0161\u010dio lentynos. Duryse \u012fmontuotos standumo briaunos ir tripusis u\u017eraktas su dviem raktais. Spintos dugne &#8211; guminiai padai, apsaugantys spint\u0105 nuo pa\u017eeidim\u0173.<\/p>\n<p>Spintos matmenys:<\/p>\n<p>Auk\u0161tis &#8211; 1970mm;<\/p>\n<p>Gylis &#8211; 455mm;<\/p>\n<p>Plotis &#8211; 1200mm.<\/p>\n<p>Svoris &#8211; 82 kg.<\/p>\n<p>Metaliniai baldai \u2013 vienas populiariausi\u0173 m\u016bs\u0173 si\u016blom\u0173 produkt\u0173. \u012evairi\u0173 dyd\u017ei\u0173 dokument\u0173 spintos naudojamos biur\u0173, ugdymo ir gydymo \u012fstaig\u0173, gamybos ir prekybos \u012fmoni\u0173 svarbiems dokumentams, asmeniniams ir vertingesniems daiktams laikyti. \u0160ios metalin\u0117s spintos yra tvirtos, lengvai valomos ir eksploatuojamos. Durel\u0117s rakinamos, tad u\u017etikrinamas dokument\u0173 saugumas.<\/p>\n<p><img decoding=\"async\" class=\"alignnone size-medium wp-image-8630\" src=\"https:\/\/hugas.lt\/wp-content\/uploads\/2021\/07\/biuro-spinta-257x300.jpeg\" alt=\"biuro spinta\" width=\"257\" height=\"300\" srcset=\"https:\/\/hugas.lt\/wp-content\/uploads\/2021\/07\/biuro-spinta-257x300.jpeg 257w, https:\/\/hugas.lt\/wp-content\/uploads\/2021\/07\/biuro-spinta-510x595.jpeg 510w, https:\/\/hugas.lt\/wp-content\/uploads\/2021\/07\/biuro-spinta-64x75.jpeg 64w, https:\/\/hugas.lt\/wp-content\/uploads\/2021\/07\/biuro-spinta.jpeg 600w\" sizes=\"(max-width: 257px) 100vw, 257px\" \/> <img decoding=\"async\" class=\"alignnone size-medium wp-image-8628\" src=\"https:\/\/hugas.lt\/wp-content\/uploads\/2021\/07\/biuro-spinta-atvira-257x300.jpeg\" alt=\"biuro spinta\" width=\"257\" height=\"300\" srcset=\"https:\/\/hugas.lt\/wp-content\/uploads\/2021\/07\/biuro-spinta-atvira-257x300.jpeg 257w, https:\/\/hugas.lt\/wp-content\/uploads\/2021\/07\/biuro-spinta-atvira-510x595.jpeg 510w, https:\/\/hugas.lt\/wp-content\/uploads\/2021\/07\/biuro-spinta-atvira-64x75.jpeg 64w, https:\/\/hugas.lt\/wp-content\/uploads\/2021\/07\/biuro-spinta-atvira.jpeg 600w\" sizes=\"(max-width: 257px) 100vw, 257px\" \/> <img decoding=\"async\" class=\"alignnone size-medium wp-image-8629\" src=\"https:\/\/hugas.lt\/wp-content\/uploads\/2021\/07\/biuro-spinta-vidus-257x300.jpeg\" alt=\"biuro spinta\" width=\"257\" height=\"300\" srcset=\"https:\/\/hugas.lt\/wp-content\/uploads\/2021\/07\/biuro-spinta-vidus-257x300.jpeg 257w, https:\/\/hugas.lt\/wp-content\/uploads\/2021\/07\/biuro-spinta-vidus-510x595.jpeg 510w, https:\/\/hugas.lt\/wp-content\/uploads\/2021\/07\/biuro-spinta-vidus-64x75.jpeg 64w, https:\/\/hugas.lt\/wp-content\/uploads\/2021\/07\/biuro-spinta-vidus.jpeg 600w\" sizes=\"(max-width: 257px) 100vw, 257px\" \/><\/p>\n<p>&nbsp;<\/p>","protected":false},"excerpt":{"rendered":"<p>Auk\u0161tis &#8211; 1970mm;<\/p>\n<p>Gylis &#8211; 455mm;<\/p>\n<p>Plotis &#8211; 1200mm.<\/p>\n<p>Svoris &#8211; 82 kg.<\/p>\n<p>Med\u017eiaga &#8211; plienas.<\/p>\n<p>Padengimas &#8211; miltelinis da\u017eymas.<\/p>\n<p>Spalva &#8211; RAL7035.<\/p>","protected":false},"featured_media":8631,"comment_status":"open","ping_status":"closed","template":"","meta":[],"product_cat":[18,19],"product_tag":[],"_links":{"self":[{"href":"https:\/\/hugas.lt\/en\/wp-json\/wp\/v2\/product\/8632"}],"collection":[{"href":"https:\/\/hugas.lt\/en\/wp-json\/wp\/v2\/product"}],"about":[{"href":"https:\/\/hugas.lt\/en\/wp-json\/wp\/v2\/types\/product"}],"replies":[{"embeddable":true,"href":"https:\/\/hugas.lt\/en\/wp-json\/wp\/v2\/comments?post=8632"}],"wp:featuredmedia":[{"embeddable":true,"href":"https:\/\/hugas.lt\/en\/wp-json\/wp\/v2\/media\/8631"}],"wp:attachment":[{"href":"https:\/\/hugas.lt\/en\/wp-json\/wp\/v2\/media?parent=8632"}],"wp:term":[{"taxonomy":"product_cat","embeddable":true,"href":"https:\/\/hugas.lt\/en\/wp-json\/wp\/v2\/product_cat?post=8632"},{"taxonomy":"product_tag","embeddable":true,"href":"https:\/\/hugas.lt\/en\/wp-json\/wp\/v2\/product_tag?post=8632"}],"curies":[{"name":"wp","href":"https:\/\/api.w.org\/{rel}","templated":true}]}}