{"id":8618,"date":"2021-07-15T13:44:32","date_gmt":"2021-07-15T11:44:32","guid":{"rendered":"https:\/\/hugas.lt\/?post_type=product&#038;p=8618"},"modified":"2023-01-21T14:01:14","modified_gmt":"2023-01-21T12:01:14","slug":"sustiprinta-biuro-spinta-1970x1000x465-metaline-rakinama","status":"publish","type":"product","link":"https:\/\/hugas.lt\/en\/product\/sustiprinta-biuro-spinta-1970x1000x465-metaline-rakinama\/","title":{"rendered":"Sustiprinta biuro spinta 1970x1000x465 metalin\u0117, rakinama"},"content":{"rendered":"<h3>Sustiprinta biuro spinta 1970x1000x465 metalin\u0117, rakinama<\/h3>\n<p>Matmenys:<\/p>\n<p>Auk\u0161tis 1970mm.<\/p>\n<p>Plotis 1000mm.<\/p>\n<p>Gylis 465mm.<\/p>\n<p>Padengimas &#8211; miltelinis RAL7035 splava.<\/p>\n<p>Konstrukcija &#8211; suvirinta.<\/p>\n<p>Med\u017eiagi\u0161kumas &#8211; 1,2mm plienas.<\/p>\n<p>\u0160i spinta puikiai tiks slaptiems dokumentams saugoti j\u016bs\u0173 biure ar namuose. Spinta pagamina i\u0161 1,2mm plieno lak\u0161t\u0173, kurie da\u017eyti korozijai atsparia milteline emale RAL 7035. Spintoje \u012fmontuotas seifinis A klas\u0117s raktinis u\u017eraktas. Komplekte 2 raktai. Viduje yra 4 lentynos, i\u0161 kuri\u0173 vir\u0161utin\u0117 lentyna pritvirtinta prie korpuso, o likusios lentynos laisvai kei\u010diamo auk\u0161\u010dio.<\/p>\n<p>U\u017etikrinkite savo dokument\u0173 bei vertybi\u0173 saugum\u0105 \u012fsigydami \u0161i\u0105 tvirt\u0105, ilgaam\u017e\u0119 spint\u0105.<\/p>\n<p><img decoding=\"async\" class=\"alignnone size-medium wp-image-8624\" style=\"color: #333333;\" src=\"https:\/\/hugas.lt\/wp-content\/uploads\/2021\/07\/shkg_10_us_3-257x300.jpg\" alt=\"\" width=\"257\" height=\"300\" srcset=\"https:\/\/hugas.lt\/wp-content\/uploads\/2021\/07\/shkg_10_us_3-257x300.jpg 257w, https:\/\/hugas.lt\/wp-content\/uploads\/2021\/07\/shkg_10_us_3-877x1024.jpg 877w, https:\/\/hugas.lt\/wp-content\/uploads\/2021\/07\/shkg_10_us_3-768x897.jpg 768w, https:\/\/hugas.lt\/wp-content\/uploads\/2021\/07\/shkg_10_us_3-510x595.jpg 510w, https:\/\/hugas.lt\/wp-content\/uploads\/2021\/07\/shkg_10_us_3-64x75.jpg 64w, https:\/\/hugas.lt\/wp-content\/uploads\/2021\/07\/shkg_10_us_3.jpg 925w\" sizes=\"(max-width: 257px) 100vw, 257px\" \/><img decoding=\"async\" class=\"alignnone size-medium wp-image-8622\" src=\"https:\/\/hugas.lt\/wp-content\/uploads\/2021\/07\/shkg_10_us_1-257x300.jpg\" alt=\"\" width=\"257\" height=\"300\" srcset=\"https:\/\/hugas.lt\/wp-content\/uploads\/2021\/07\/shkg_10_us_1-257x300.jpg 257w, https:\/\/hugas.lt\/wp-content\/uploads\/2021\/07\/shkg_10_us_1-877x1024.jpg 877w, https:\/\/hugas.lt\/wp-content\/uploads\/2021\/07\/shkg_10_us_1-768x897.jpg 768w, https:\/\/hugas.lt\/wp-content\/uploads\/2021\/07\/shkg_10_us_1-510x595.jpg 510w, https:\/\/hugas.lt\/wp-content\/uploads\/2021\/07\/shkg_10_us_1-64x75.jpg 64w, https:\/\/hugas.lt\/wp-content\/uploads\/2021\/07\/shkg_10_us_1.jpg 925w\" sizes=\"(max-width: 257px) 100vw, 257px\" \/>\u00a0<img decoding=\"async\" class=\"alignnone size-medium wp-image-8625\" style=\"color: #333333;\" src=\"https:\/\/hugas.lt\/wp-content\/uploads\/2021\/07\/shkg_10_us_4-257x300.jpg\" alt=\"\" width=\"257\" height=\"300\" srcset=\"https:\/\/hugas.lt\/wp-content\/uploads\/2021\/07\/shkg_10_us_4-257x300.jpg 257w, https:\/\/hugas.lt\/wp-content\/uploads\/2021\/07\/shkg_10_us_4-877x1024.jpg 877w, https:\/\/hugas.lt\/wp-content\/uploads\/2021\/07\/shkg_10_us_4-768x897.jpg 768w, https:\/\/hugas.lt\/wp-content\/uploads\/2021\/07\/shkg_10_us_4-510x595.jpg 510w, https:\/\/hugas.lt\/wp-content\/uploads\/2021\/07\/shkg_10_us_4-64x75.jpg 64w, https:\/\/hugas.lt\/wp-content\/uploads\/2021\/07\/shkg_10_us_4.jpg 925w\" sizes=\"(max-width: 257px) 100vw, 257px\" \/><img decoding=\"async\" class=\"alignnone size-medium wp-image-8623\" src=\"https:\/\/hugas.lt\/wp-content\/uploads\/2021\/07\/shkg_10_us_2-300x169.jpg\" alt=\"\" width=\"300\" height=\"169\" srcset=\"https:\/\/hugas.lt\/wp-content\/uploads\/2021\/07\/shkg_10_us_2-300x169.jpg 300w, https:\/\/hugas.lt\/wp-content\/uploads\/2021\/07\/shkg_10_us_2-1024x576.jpg 1024w, https:\/\/hugas.lt\/wp-content\/uploads\/2021\/07\/shkg_10_us_2-768x432.jpg 768w, https:\/\/hugas.lt\/wp-content\/uploads\/2021\/07\/shkg_10_us_2-1536x864.jpg 1536w, https:\/\/hugas.lt\/wp-content\/uploads\/2021\/07\/shkg_10_us_2-510x287.jpg 510w, https:\/\/hugas.lt\/wp-content\/uploads\/2021\/07\/shkg_10_us_2-64x36.jpg 64w, https:\/\/hugas.lt\/wp-content\/uploads\/2021\/07\/shkg_10_us_2.jpg 1920w\" sizes=\"(max-width: 300px) 100vw, 300px\" \/> \u00a0\u00a0<img decoding=\"async\" class=\"alignnone size-medium wp-image-8626\" src=\"https:\/\/hugas.lt\/wp-content\/uploads\/2021\/07\/shkg_10_us_5-300x169.jpg\" alt=\"\" width=\"300\" height=\"169\" srcset=\"https:\/\/hugas.lt\/wp-content\/uploads\/2021\/07\/shkg_10_us_5-300x169.jpg 300w, https:\/\/hugas.lt\/wp-content\/uploads\/2021\/07\/shkg_10_us_5-1024x576.jpg 1024w, https:\/\/hugas.lt\/wp-content\/uploads\/2021\/07\/shkg_10_us_5-768x432.jpg 768w, https:\/\/hugas.lt\/wp-content\/uploads\/2021\/07\/shkg_10_us_5-1536x864.jpg 1536w, https:\/\/hugas.lt\/wp-content\/uploads\/2021\/07\/shkg_10_us_5-510x287.jpg 510w, https:\/\/hugas.lt\/wp-content\/uploads\/2021\/07\/shkg_10_us_5-64x36.jpg 64w, https:\/\/hugas.lt\/wp-content\/uploads\/2021\/07\/shkg_10_us_5.jpg 1920w\" sizes=\"(max-width: 300px) 100vw, 300px\" \/><\/p>","protected":false},"excerpt":{"rendered":"<p>Sustiprinta biuro spinta, apsauganti j\u016bs\u0173 dokumentus bei vertybes. Matmenys:<\/p>\n<p>Auk\u0161tis 1970mm.<\/p>\n<p>Plotis 1000mm.<\/p>\n<p>Gylis 465mm.<\/p>\n<p>Padengimas &#8211; miltelinis RAL7035 splava.<\/p>\n<p>Konstrukcija &#8211; suvirinta.<\/p>\n<p>Med\u017eiagi\u0161kumas &#8211; 1,2mm plienas.<\/p>","protected":false},"featured_media":8619,"comment_status":"open","ping_status":"closed","template":"","meta":[],"product_cat":[19,18],"product_tag":[],"_links":{"self":[{"href":"https:\/\/hugas.lt\/en\/wp-json\/wp\/v2\/product\/8618"}],"collection":[{"href":"https:\/\/hugas.lt\/en\/wp-json\/wp\/v2\/product"}],"about":[{"href":"https:\/\/hugas.lt\/en\/wp-json\/wp\/v2\/types\/product"}],"replies":[{"embeddable":true,"href":"https:\/\/hugas.lt\/en\/wp-json\/wp\/v2\/comments?post=8618"}],"wp:featuredmedia":[{"embeddable":true,"href":"https:\/\/hugas.lt\/en\/wp-json\/wp\/v2\/media\/8619"}],"wp:attachment":[{"href":"https:\/\/hugas.lt\/en\/wp-json\/wp\/v2\/media?parent=8618"}],"wp:term":[{"taxonomy":"product_cat","embeddable":true,"href":"https:\/\/hugas.lt\/en\/wp-json\/wp\/v2\/product_cat?post=8618"},{"taxonomy":"product_tag","embeddable":true,"href":"https:\/\/hugas.lt\/en\/wp-json\/wp\/v2\/product_tag?post=8618"}],"curies":[{"name":"wp","href":"https:\/\/api.w.org\/{rel}","templated":true}]}}