{"id":8564,"date":"2021-07-01T10:18:38","date_gmt":"2021-07-01T08:18:38","guid":{"rendered":"https:\/\/hugas.lt\/?post_type=product&#038;p=8564"},"modified":"2024-05-20T09:35:15","modified_gmt":"2024-05-20T07:35:15","slug":"spintele-su-dezutemis-metaline-4","status":"publish","type":"product","link":"https:\/\/hugas.lt\/en\/product\/spintele-su-dezutemis-metaline-4\/","title":{"rendered":"Spintel\u0117 su d\u0117\u017eut\u0117mis 1800x920x230, metalin\u0117"},"content":{"rendered":"<h3>Spintel\u0117 su d\u0117\u017eut\u0117mis 1800x920x230, metalin\u0117<\/h3>\n<p>Matmenys:<\/p>\n<p>Auk\u0161tis &#8211; 1800mm.<\/p>\n<p>Plotis -920mm.<\/p>\n<p>Gylis &#8211; 230mm.<\/p>\n<p>Spalva RAL7035.<\/p>\n<p>D\u0117\u017eu\u010di\u0173 matmenys &#8211; 80x123x200mm.<\/p>\n<p>Metalinio korpuso spintel\u0117 skirta smulkios \u012frangos saugojimui. Jie naudojami dirbtuv\u0117se, gamybos ir prekybos \u012fmon\u0117se. \u012eranga padeda \u012fd\u0117ti specialisto \u012frankius, dalis ir \u012fvairi\u0105 \u012frang\u0105. Da\u017enai specialistai dirbdami su smulkia furnit\u016bra ar var\u017etukais susiduria su nepatogumais laikydami smulkius daiktus. M\u016bs\u0173 si\u016bloma spintel\u0117 i\u0161spr\u0119s \u0161i\u0105 problem\u0105.<\/p>\n<p>Vienas i\u0161 \u012franki\u0173 spinteli\u0173 reikalavim\u0173 yra patikimumas. \u012eranga da\u017enai dedama \u012f kolektyvinio pri\u0117jimo vietas ir turi b\u016bti atspari ankstyvam nusid\u0117v\u0117jimui. Nor\u0117dami tai padaryti, gamintojas naudoja metal\u0105, kuris apsaugo spintel\u0119 nuo greito deformacij\u0173 atsiradimo. Spintel\u0117s konstrukcija yra sunki, tai garantuoja, kad spintel\u0117 nenuvirs. Papildomai vir\u0161utin\u0117je korpuso dalyje yra angos tvirtinimui prie sienos. Bet gamin\u012f galima sumontuoti patalpos viduryje, nes jis dedamas ant stabili\u0173 kojeli\u0173. Siekiant apsaugoti metalinius pavir\u0161ius nuo aplinkos, naudojamas specialus apdorojimas. Tai apsaugo nuo r\u016bd\u017ei\u0173 susidarymo, o milteliniai da\u017eai pagerina bald\u0173 i\u0161vaizd\u0105.<\/p>\n<p>Priekin\u0117je spintel\u0117s dalyje yra plastikin\u0117s d\u0117\u017eut\u0117s. Jie veikia kaip \u012fvairios technin\u0117s \u012frangos, susijusios su \u012fmon\u0117s darbu, saugykla. Indo med\u017eiaga yra permatomas plastikas. Tai supaprastina \u012frangos paie\u0161k\u0105, nes nereikia kaskart traukti d\u0117\u017eut\u0117s. D\u0117\u017eut\u0117se yra rankenos, o tai supaprastina \u012frangos naudojim\u0105. Ant j\u0173 perimetro tvirtinami stabilumo juostel\u0117s, apsaugan\u010dios nuo \u012ftr\u016bkim\u0173. Nor\u0117dami gauti i\u0161sami\u0105 konsultacij\u0105 apie produkt\u0105, susisiekite su vadybininku.<\/p>\n<p>&nbsp;<\/p>\n<p><img decoding=\"async\" class=\"alignnone size-medium wp-image-8567\" src=\"https:\/\/hugas.lt\/wp-content\/uploads\/2021\/07\/oshm_18_154_0-257x300.jpeg\" alt=\"spinta su d\u0117\u017eut\u0117mis\" width=\"257\" height=\"300\" srcset=\"https:\/\/hugas.lt\/wp-content\/uploads\/2021\/07\/oshm_18_154_0-257x300.jpeg 257w, https:\/\/hugas.lt\/wp-content\/uploads\/2021\/07\/oshm_18_154_0-510x595.jpeg 510w, https:\/\/hugas.lt\/wp-content\/uploads\/2021\/07\/oshm_18_154_0-64x75.jpeg 64w, https:\/\/hugas.lt\/wp-content\/uploads\/2021\/07\/oshm_18_154_0.jpeg 600w\" sizes=\"(max-width: 257px) 100vw, 257px\" \/> <img decoding=\"async\" class=\"alignnone size-medium wp-image-8565\" src=\"https:\/\/hugas.lt\/wp-content\/uploads\/2021\/07\/oshm_18_154-257x300.jpeg\" alt=\"spinta su d\u0117\u017eut\u0117mis\" width=\"257\" height=\"300\" srcset=\"https:\/\/hugas.lt\/wp-content\/uploads\/2021\/07\/oshm_18_154-257x300.jpeg 257w, https:\/\/hugas.lt\/wp-content\/uploads\/2021\/07\/oshm_18_154-510x595.jpeg 510w, https:\/\/hugas.lt\/wp-content\/uploads\/2021\/07\/oshm_18_154-64x75.jpeg 64w, https:\/\/hugas.lt\/wp-content\/uploads\/2021\/07\/oshm_18_154.jpeg 600w\" sizes=\"(max-width: 257px) 100vw, 257px\" \/> <img decoding=\"async\" class=\"alignnone size-medium wp-image-8568\" src=\"https:\/\/hugas.lt\/wp-content\/uploads\/2021\/07\/oshm_18_154_1-300x200.jpeg\" alt=\"spinta su d\u0117\u017eut\u0117mis\" width=\"300\" height=\"200\" srcset=\"https:\/\/hugas.lt\/wp-content\/uploads\/2021\/07\/oshm_18_154_1-300x200.jpeg 300w, https:\/\/hugas.lt\/wp-content\/uploads\/2021\/07\/oshm_18_154_1-768x512.jpeg 768w, https:\/\/hugas.lt\/wp-content\/uploads\/2021\/07\/oshm_18_154_1-510x340.jpeg 510w, https:\/\/hugas.lt\/wp-content\/uploads\/2021\/07\/oshm_18_154_1-64x43.jpeg 64w, https:\/\/hugas.lt\/wp-content\/uploads\/2021\/07\/oshm_18_154_1.jpeg 900w\" sizes=\"(max-width: 300px) 100vw, 300px\" \/><\/p>","protected":false},"excerpt":{"rendered":"<p>Auk\u0161tis &#8211; 1800mm.<\/p>\n<p>Plotis -920mm.<\/p>\n<p>Gylis &#8211; 230mm.<\/p>\n<p>Spalva RAL7035.<\/p>\n<p>D\u0117\u017eu\u010di\u0173 matmenys &#8211; 80x123x200mm.<\/p>","protected":false},"featured_media":8569,"comment_status":"open","ping_status":"closed","template":"","meta":[],"product_cat":[90],"product_tag":[],"_links":{"self":[{"href":"https:\/\/hugas.lt\/en\/wp-json\/wp\/v2\/product\/8564"}],"collection":[{"href":"https:\/\/hugas.lt\/en\/wp-json\/wp\/v2\/product"}],"about":[{"href":"https:\/\/hugas.lt\/en\/wp-json\/wp\/v2\/types\/product"}],"replies":[{"embeddable":true,"href":"https:\/\/hugas.lt\/en\/wp-json\/wp\/v2\/comments?post=8564"}],"wp:featuredmedia":[{"embeddable":true,"href":"https:\/\/hugas.lt\/en\/wp-json\/wp\/v2\/media\/8569"}],"wp:attachment":[{"href":"https:\/\/hugas.lt\/en\/wp-json\/wp\/v2\/media?parent=8564"}],"wp:term":[{"taxonomy":"product_cat","embeddable":true,"href":"https:\/\/hugas.lt\/en\/wp-json\/wp\/v2\/product_cat?post=8564"},{"taxonomy":"product_tag","embeddable":true,"href":"https:\/\/hugas.lt\/en\/wp-json\/wp\/v2\/product_tag?post=8564"}],"curies":[{"name":"wp","href":"https:\/\/api.w.org\/{rel}","templated":true}]}}