{"id":8548,"date":"2021-06-30T10:42:36","date_gmt":"2021-06-30T08:42:36","guid":{"rendered":"https:\/\/hugas.lt\/?post_type=product&#038;p=8548"},"modified":"2023-01-22T13:32:27","modified_gmt":"2023-01-22T11:32:27","slug":"ugniai-atspari-cheminiu-medziagu-spinta-1970x1000x520","status":"publish","type":"product","link":"https:\/\/hugas.lt\/en\/product\/ugniai-atspari-cheminiu-medziagu-spinta-1970x1000x520\/","title":{"rendered":"Ugniai atspari chemini\u0173 med\u017eiag\u0173 spinta 1970x1000x520"},"content":{"rendered":"<h3>Ugniai atspari chemini\u0173 med\u017eiag\u0173 spinta 1970x1000x520<\/h3>\n<p>Konstrukcijoje yra \u012frengtas ventiliacijos kanalas su reguliuojamais ventiliacijos vo\u017etuvais vir\u0161uje ir apa\u010dioje. Nedideli tarpai tarp ventiliacijos ang\u0173 u\u017etikrina, kad visos spintos lentynos yra tinkamai ventiliuojamos. Spinta buvo testuojama stabilumui, patvarumui bei konstrukcijos tvirtumui nustatyti. Tarp dvigub\u0173 dur\u0173 plok\u0161\u010di\u0173, vir\u0161aus bei apa\u010dios plok\u0161\u010di\u0173 ir konstrukcijos \u0161onuose sumontuota ugniai atsparia izoliacija. Visa spintos konstrukcija yra dengta ugniai atspariais milteliniais da\u017eais. Chemini\u0173 med\u017eiag\u0173 saugojimo spintos komplektuojamos su raktiniu u\u017eraktu. Jos erdv\u0119 lengvai pritaikysite savo reikm\u0117ms reguliuodami keturias, kei\u010diamo auk\u0161\u010dio lentynas. Lentynos apr\u016bpintos borteliais ir u\u017edarai kampais, kurie apsaugo skys\u010di\u0173 pratek\u0117jimo.<\/p>","protected":false},"excerpt":{"rendered":"<p>Atspari ugniai chemini\u0173 med\u017eiag\u0173 spinta, degioms chemin\u0117ms med\u017eiagoms laikyti. Matmenys &#8211;\u00a01970x1000x520.<\/p>","protected":false},"featured_media":9689,"comment_status":"open","ping_status":"closed","template":"","meta":[],"product_cat":[32],"product_tag":[],"_links":{"self":[{"href":"https:\/\/hugas.lt\/en\/wp-json\/wp\/v2\/product\/8548"}],"collection":[{"href":"https:\/\/hugas.lt\/en\/wp-json\/wp\/v2\/product"}],"about":[{"href":"https:\/\/hugas.lt\/en\/wp-json\/wp\/v2\/types\/product"}],"replies":[{"embeddable":true,"href":"https:\/\/hugas.lt\/en\/wp-json\/wp\/v2\/comments?post=8548"}],"wp:featuredmedia":[{"embeddable":true,"href":"https:\/\/hugas.lt\/en\/wp-json\/wp\/v2\/media\/9689"}],"wp:attachment":[{"href":"https:\/\/hugas.lt\/en\/wp-json\/wp\/v2\/media?parent=8548"}],"wp:term":[{"taxonomy":"product_cat","embeddable":true,"href":"https:\/\/hugas.lt\/en\/wp-json\/wp\/v2\/product_cat?post=8548"},{"taxonomy":"product_tag","embeddable":true,"href":"https:\/\/hugas.lt\/en\/wp-json\/wp\/v2\/product_tag?post=8548"}],"curies":[{"name":"wp","href":"https:\/\/api.w.org\/{rel}","templated":true}]}}