{"id":8542,"date":"2021-06-30T10:31:24","date_gmt":"2021-06-30T08:31:24","guid":{"rendered":"https:\/\/hugas.lt\/?post_type=product&#038;p=8542"},"modified":"2023-09-25T16:06:35","modified_gmt":"2023-09-25T14:06:35","slug":"cheminiu-medziagu-spinta-1970x1000x455","status":"publish","type":"product","link":"https:\/\/hugas.lt\/en\/product\/cheminiu-medziagu-spinta-1970x1000x455\/","title":{"rendered":"Chemini\u0173 med\u017eiag\u0173 spinta 1970x1000x455"},"content":{"rendered":"<h3>Chemini\u0173 med\u017eiag\u0173 spinta<\/h3>\n<p>Matmenys:<\/p>\n<p>Auk\u0161tis 1970mm;<\/p>\n<p>Plotis 1000mm;<\/p>\n<p>Gylis 455mm.<\/p>\n<p>\u0160i spinta skirta saugoti aplinkai pavojingus, nedegius skys\u010dius.<\/p>\n<p>Chemini\u0173 med\u017eiag\u0173 saugojimo spinta pagaminta i\u0161 ypatingai patvaraus, milteliniu b\u016bdu da\u017eyto lak\u0161tinio metalo.<\/p>\n<p>Komplektuojama su keturiomis lentynomis.<\/p>\n<p>Lentynos montuojamos su prakti\u0161kais perforuotais lak\u0161tinio metalo indais, per kuriuos i\u0161sipyl\u0119s skystis nuteka ir kaupiasi ant lentynos.<\/p>\n<p>Maksimali kiekvienos lentynos apkrova \u2013 70 kg.<\/p>\n<p>Chemini\u0173 med\u017eiag\u0173 spintoje sumontuota maksimal\u0173 turinio saugum\u0105 u\u017etikrinanti trij\u0173 rakinimo ta\u0161k\u0173 spyna. Komplektuojama su dviem raktais.<\/p>","protected":false},"excerpt":{"rendered":"<p>Chemini\u0173 med\u017eiag\u0173 spinta.\u00a0Matmenys &#8211; 1970x1000x455mm. Spinta skirta saugoti aplinkai pavojingus, nedegius skys\u010dius.<\/p>","protected":false},"featured_media":8547,"comment_status":"open","ping_status":"closed","template":"","meta":[],"product_cat":[39],"product_tag":[],"_links":{"self":[{"href":"https:\/\/hugas.lt\/en\/wp-json\/wp\/v2\/product\/8542"}],"collection":[{"href":"https:\/\/hugas.lt\/en\/wp-json\/wp\/v2\/product"}],"about":[{"href":"https:\/\/hugas.lt\/en\/wp-json\/wp\/v2\/types\/product"}],"replies":[{"embeddable":true,"href":"https:\/\/hugas.lt\/en\/wp-json\/wp\/v2\/comments?post=8542"}],"wp:featuredmedia":[{"embeddable":true,"href":"https:\/\/hugas.lt\/en\/wp-json\/wp\/v2\/media\/8547"}],"wp:attachment":[{"href":"https:\/\/hugas.lt\/en\/wp-json\/wp\/v2\/media?parent=8542"}],"wp:term":[{"taxonomy":"product_cat","embeddable":true,"href":"https:\/\/hugas.lt\/en\/wp-json\/wp\/v2\/product_cat?post=8542"},{"taxonomy":"product_tag","embeddable":true,"href":"https:\/\/hugas.lt\/en\/wp-json\/wp\/v2\/product_tag?post=8542"}],"curies":[{"name":"wp","href":"https:\/\/api.w.org\/{rel}","templated":true}]}}