{"id":8539,"date":"2021-06-30T10:09:58","date_gmt":"2021-06-30T08:09:58","guid":{"rendered":"https:\/\/hugas.lt\/?post_type=product&#038;p=8539"},"modified":"2022-05-31T09:15:49","modified_gmt":"2022-05-31T07:15:49","slug":"metalinis-konteineris-1200x800x690-5","status":"publish","type":"product","link":"https:\/\/hugas.lt\/en\/product\/metalinis-konteineris-1200x800x690-5\/","title":{"rendered":"Metalinis konteineris 1200x800x690"},"content":{"rendered":"<h3>Metalinis konteineris<\/h3>\n<p>Tai efektyvus sprendimas sand\u0117liuose, dirbtuv\u0117se ir pana\u0161iose erdv\u0117se, kuriose krovini\u0173 transportavimo ir saugojimo procesai ypa\u010d svarb\u016bs. \u0160is krovini\u0173 transportavim\u0105 palengvinantis palet\u0117s konteineris apr\u016bpintas ypatingai tvirtu plieno r\u0117mu ir labai patvariu metaliniu dugnu. Maksimali pad\u0117klo konteinerio apkrova \u2013 3000 kg. Jis yra pritaikytas dideliems ir sunkiems kroviniams.<\/p>\n<p>Matmenys:<\/p>\n<p>Ilgis 1200mm.<\/p>\n<p>Plotis 800mm.<\/p>\n<p>Auk\u0161tis 690mm.<\/p>\n<p><img decoding=\"async\" class=\"alignnone size-medium wp-image-8540\" src=\"https:\/\/hugas.lt\/wp-content\/uploads\/2021\/06\/PBM_4S_12h8-257x300.jpg\" alt=\"Metalinis konteineris\" width=\"257\" height=\"300\" srcset=\"https:\/\/hugas.lt\/wp-content\/uploads\/2021\/06\/PBM_4S_12h8-257x300.jpg 257w, https:\/\/hugas.lt\/wp-content\/uploads\/2021\/06\/PBM_4S_12h8-510x595.jpg 510w, https:\/\/hugas.lt\/wp-content\/uploads\/2021\/06\/PBM_4S_12h8-64x75.jpg 64w, https:\/\/hugas.lt\/wp-content\/uploads\/2021\/06\/PBM_4S_12h8.jpg 600w\" sizes=\"(max-width: 257px) 100vw, 257px\" \/><\/p>\n<p>&nbsp;<\/p>","protected":false},"excerpt":{"rendered":"<p>Metalinis, tvirtas konteineris daiktams laikyti. Galima apkrova iki 3000kg.<\/p>","protected":false},"featured_media":8541,"comment_status":"open","ping_status":"closed","template":"","meta":[],"product_cat":[64],"product_tag":[],"_links":{"self":[{"href":"https:\/\/hugas.lt\/en\/wp-json\/wp\/v2\/product\/8539"}],"collection":[{"href":"https:\/\/hugas.lt\/en\/wp-json\/wp\/v2\/product"}],"about":[{"href":"https:\/\/hugas.lt\/en\/wp-json\/wp\/v2\/types\/product"}],"replies":[{"embeddable":true,"href":"https:\/\/hugas.lt\/en\/wp-json\/wp\/v2\/comments?post=8539"}],"wp:featuredmedia":[{"embeddable":true,"href":"https:\/\/hugas.lt\/en\/wp-json\/wp\/v2\/media\/8541"}],"wp:attachment":[{"href":"https:\/\/hugas.lt\/en\/wp-json\/wp\/v2\/media?parent=8539"}],"wp:term":[{"taxonomy":"product_cat","embeddable":true,"href":"https:\/\/hugas.lt\/en\/wp-json\/wp\/v2\/product_cat?post=8539"},{"taxonomy":"product_tag","embeddable":true,"href":"https:\/\/hugas.lt\/en\/wp-json\/wp\/v2\/product_tag?post=8539"}],"curies":[{"name":"wp","href":"https:\/\/api.w.org\/{rel}","templated":true}]}}