{"id":8489,"date":"2021-06-09T09:05:50","date_gmt":"2021-06-09T07:05:50","guid":{"rendered":"https:\/\/hugas.lt\/?post_type=product&#038;p=8489"},"modified":"2026-03-16T15:28:20","modified_gmt":"2026-03-16T13:28:20","slug":"z-formos-duru-persirengimo-spintele-1800x400x500","status":"publish","type":"product","link":"https:\/\/hugas.lt\/en\/product\/z-formos-duru-persirengimo-spintele-1800x400x500\/","title":{"rendered":"L formos dur\u0173 persirengimo spintel\u0117 1800x400x500"},"content":{"rendered":"<h2>L formos dur\u0173 persirengimo spintel\u0117 1800x400x500<\/h2>\n<p>&nbsp;<\/p>\n<p>Metalin\u0117 persirengimo spintel\u0117 SOM-Z-400\/1-2 pagaminta i\u0161 storasienio 0,8mm lak\u0161tinio plieno ir nuda\u017eyta korozijai atsparia milteline emale, pilka spalva (RAL 7035). Tvirta ir patikima korpuso ir dureli\u0173 konstrukcija. Durel\u0117s suvirintos konstrukcijos ir papildomai sustiprintos standumo briaunomis. Unikalaus dizaino ventiliacin\u0117s angos dureli\u0173 vir\u0161uje ir apa\u010dioje. Sumontuoti guminiai amortizatoriai tyliam dureli\u0173 u\u017edarymui. Guminiai padeliai po spintos cokoliu. Centrinis u\u017eraktas (2 raktai). Kiekvienas spintel\u0117s skyrius turi lentyn\u0117l\u0119 ir skersin\u012f pakaboms.<\/p>\n<p>Metaliniai baldai \u2013 vienas populiariausi\u0173 m\u016bs\u0173 si\u016blom\u0173 produkt\u0173. Persirengimo spintos naudojamos r\u016bbin\u0117se darbuotoj\u0173 r\u016bbams ir asmeniniams daiktams laikyti. \u0160ias persirengimo spinteles naudoja \u012fvairi\u0173 sri\u010di\u0173 m\u016bs\u0173 klientai, tai maisto pramon\u0117s, sand\u0117li\u0173, gamybini\u0173, prekybini\u0173 \u012fmoni\u0173 patalpose. \u0160ios r\u016bb\u0173 spintel\u0117s yra tvirtos, lengvai valomos ir eksploatuojamos. Durel\u0117se \u012fmontuotos angos ventiliacijai u\u017etikrina oro cirkuliacij\u0105, Jei tenka persirengimo spintel\u0117je vienu metu kabinti darbinius ir \u0161varius kasdienius drabu\u017eius, o pergyvenate, kad nepageidaujami kvapai ar purvas gali persiduoti, rekomenduojame rinktis https:\/\/hugas.lt\/produktas\/persirengimo-spintele-1800x400x500\/\u00a0Vienoje persirengimo spintel\u0117s sekcijoje tur\u0117site dvi ertmes, \u0161variems ir darbiniams drabu\u017eiams laikyti.<\/p>\n<p><img decoding=\"async\" class=\"size-medium wp-image-7818 aligncenter\" src=\"https:\/\/hugas.lt\/wp-content\/uploads\/2020\/08\/L-formos-spinta-3-205x300.jpeg\" alt=\"z formos dureli\u0173 persirengimo spintel\u0117\" width=\"205\" height=\"300\" srcset=\"https:\/\/hugas.lt\/wp-content\/uploads\/2020\/08\/L-formos-spinta-3-205x300.jpeg 205w, https:\/\/hugas.lt\/wp-content\/uploads\/2020\/08\/L-formos-spinta-3-698x1024.jpeg 698w, https:\/\/hugas.lt\/wp-content\/uploads\/2020\/08\/L-formos-spinta-3-510x748.jpeg 510w, https:\/\/hugas.lt\/wp-content\/uploads\/2020\/08\/L-formos-spinta-3-64x94.jpeg 64w, https:\/\/hugas.lt\/wp-content\/uploads\/2020\/08\/L-formos-spinta-3.jpeg 724w\" sizes=\"(max-width: 205px) 100vw, 205px\" \/><\/p>","protected":false},"excerpt":{"rendered":"<p>Auk\u0161tis \u2013 1800mm;<\/p>\n<p>Gylis \u2013 500mm;<\/p>\n<p>Plotis \u2013 400mm;<\/p>\n<p>Med\u017eiaga \u2013 0,8 mm. plienas;<\/p>\n<p>Padengimas \u2013 miltelinis.<\/p>\n<p>Spalva \u2013 RAL7035<\/p>\n<p>Svoris \u2013 24,85kg.<\/p>\n<p>U\u017eraktas \u2013 cilindrinis, 2 raktai komplekte.<\/p>","protected":false},"featured_media":9703,"comment_status":"open","ping_status":"closed","template":"","meta":[],"product_cat":[19,74,35],"product_tag":[],"_links":{"self":[{"href":"https:\/\/hugas.lt\/en\/wp-json\/wp\/v2\/product\/8489"}],"collection":[{"href":"https:\/\/hugas.lt\/en\/wp-json\/wp\/v2\/product"}],"about":[{"href":"https:\/\/hugas.lt\/en\/wp-json\/wp\/v2\/types\/product"}],"replies":[{"embeddable":true,"href":"https:\/\/hugas.lt\/en\/wp-json\/wp\/v2\/comments?post=8489"}],"wp:featuredmedia":[{"embeddable":true,"href":"https:\/\/hugas.lt\/en\/wp-json\/wp\/v2\/media\/9703"}],"wp:attachment":[{"href":"https:\/\/hugas.lt\/en\/wp-json\/wp\/v2\/media?parent=8489"}],"wp:term":[{"taxonomy":"product_cat","embeddable":true,"href":"https:\/\/hugas.lt\/en\/wp-json\/wp\/v2\/product_cat?post=8489"},{"taxonomy":"product_tag","embeddable":true,"href":"https:\/\/hugas.lt\/en\/wp-json\/wp\/v2\/product_tag?post=8489"}],"curies":[{"name":"wp","href":"https:\/\/api.w.org\/{rel}","templated":true}]}}