{"id":8275,"date":"2021-05-25T13:21:07","date_gmt":"2021-05-25T11:21:07","guid":{"rendered":"https:\/\/hugas.lt\/?post_type=product&#038;p=8275"},"modified":"2025-11-26T15:12:58","modified_gmt":"2025-11-26T13:12:58","slug":"avalynes-dziovykle-ssv-18","status":"publish","type":"product","link":"https:\/\/hugas.lt\/en\/product\/avalynes-dziovykle-ssv-18\/","title":{"rendered":"Avalyn\u0117s d\u017eiovykl\u0117 SSV-18"},"content":{"rendered":"<h2>Avalyn\u0117s d\u017eiovykl\u0117<\/h2>\n<p>&nbsp;<\/p>\n<p>Matmenys:<\/p>\n<p>Auk\u0161tis &#8211; 2030mm.<\/p>\n<p>Plotis &#8211; 910mm.<\/p>\n<p>Gylis 505mm.<\/p>\n<p>\u0160lapi\u0173 bat\u0173 problema yra \u017einoma daugeliui specializuot\u0173 strukt\u016br\u0173 darbuotoj\u0173. Batai su\u0161lampa sportuojant ar atliekant profesines pareigas. Jis tur\u0117t\u0173 b\u016bti greitai i\u0161d\u017eiovintas, o tai pad\u0117s lentynoms d\u017eiovinti SSV-18. \u201eHugas\u201c kompanija si\u016blo asortimento naujov\u0119 prieinama kaina. \u012erangos veikimo principas yra tiekti oro sraut\u0105 per vamzd\u012f. Bat\u0173 viduje pa\u0161alinamas dr\u0117gm\u0117s perteklius, kvapai ir patogenai. Stovas gali b\u016bti naudojamas batams, sportba\u010diams, ir kitai avalynei. \u012eranga yra saugi naudoti, puikiai tinka dr\u0117gmei pa\u0161alinti i\u0161 nat\u016brali\u0173 ir dirbtini\u0173 med\u017eiag\u0173.<\/p>\n<p>Avalyn\u0117s d\u017eiovykl\u0117 yra metalin\u0117s konstrukcijos, su kabliukais, kurios auk\u0161tis yra 2030 mm. Speciali i\u0161lenkta forma leid\u017eia pastoviai d\u0117ti personalo avalyn\u0119. Produkto talpa nuo 18 por\u0173. Modelis pla\u010diai naudojamas didel\u0117se \u012fmon\u0117se, pramonin\u0117se ir komercin\u0117se patalpose. Tai yra pakaitinis prietaisas skubios pagalbos tarnyb\u0173 darbe. Kad veikt\u0173 d\u017eiovinimo stovas SSV-18, reikia prijungti prie tinklo, o jo re\u017eimus valdo jungiklis. \u012eranga turi LED indikatori\u0173.<\/p>\n<p>Drabu\u017ei\u0173 d\u017eiovinimo stovo prana\u0161umai:<\/p>\n<ul>\n<li>suma\u017eina nemalonaus kvapo atsiradim\u0105;<\/li>\n<li>jo nedeformuoja ir nepa\u017eeid\u017eia bato formos;<\/li>\n<li>termin\u0117 bat\u0173 vidin\u0117s dalies dezinfekcija.<\/li>\n<\/ul>\n<p>Ventiliatoriaus buvimas u\u017etikrina optimal\u0173 prietaiso veikim\u0105. Su jo pagalba kar\u0161tas oras greitai patenka \u012f batus. Jis praeina per sistem\u0105 ir pa\u0161ildomas iki nustatytos temperat\u016bros. Konstrukcija pagaminta suvirinant, o si\u016bl\u0117s darbe beveik nematomos. Bat\u0173 lentynos pagrindas yra sta\u010diakampio formos, prie kurio tvirtinami vamzd\u017eiai (oro kanalai). Kiekvienu gamybos etapu prietaisas kontroliuojamas kokybe. Naudojamas metalas yra i\u0161 anksto apdorotas, o tai pa\u0161alina korozij\u0105. Tai leis jums \u012fdiegti \u012frang\u0105 daugumoje kambari\u0173. \u012emon\u0117s tinklalapyje pateikiami produktai atitinka auk\u0161\u010diausius reikalavimus.<\/p>\n<p><img decoding=\"async\" class=\"size-medium wp-image-8279 aligncenter\" src=\"https:\/\/hugas.lt\/wp-content\/uploads\/2021\/05\/Avalynes-dziovykle-2-\u2013-kopija-3-188x300.jpg\" alt=\"Avalyn\u0117s d\u017eiovykl\u0117\" width=\"188\" height=\"300\" srcset=\"https:\/\/hugas.lt\/wp-content\/uploads\/2021\/05\/Avalynes-dziovykle-2-\u2013-kopija-3-188x300.jpg 188w, https:\/\/hugas.lt\/wp-content\/uploads\/2021\/05\/Avalynes-dziovykle-2-\u2013-kopija-3-642x1024.jpg 642w, https:\/\/hugas.lt\/wp-content\/uploads\/2021\/05\/Avalynes-dziovykle-2-\u2013-kopija-3-768x1226.jpg 768w, https:\/\/hugas.lt\/wp-content\/uploads\/2021\/05\/Avalynes-dziovykle-2-\u2013-kopija-3-963x1536.jpg 963w, https:\/\/hugas.lt\/wp-content\/uploads\/2021\/05\/Avalynes-dziovykle-2-\u2013-kopija-3-8x12.jpg 8w, https:\/\/hugas.lt\/wp-content\/uploads\/2021\/05\/Avalynes-dziovykle-2-\u2013-kopija-3-510x814.jpg 510w, https:\/\/hugas.lt\/wp-content\/uploads\/2021\/05\/Avalynes-dziovykle-2-\u2013-kopija-3-64x102.jpg 64w, https:\/\/hugas.lt\/wp-content\/uploads\/2021\/05\/Avalynes-dziovykle-2-\u2013-kopija-3.jpg 1138w\" sizes=\"(max-width: 188px) 100vw, 188px\" \/><\/p>","protected":false},"excerpt":{"rendered":"<p>Avalyn\u0117s d\u017eiovykl\u0117 | Auk\u0161ta kokyb\u0117 | Greitas pristatymas | Metaliniai baldai | I\u0161sirinkite Jums tinkam\u0105 variant\u0105 |<\/p>","protected":false},"featured_media":8279,"comment_status":"open","ping_status":"closed","template":"","meta":[],"product_cat":[38,78],"product_tag":[],"_links":{"self":[{"href":"https:\/\/hugas.lt\/en\/wp-json\/wp\/v2\/product\/8275"}],"collection":[{"href":"https:\/\/hugas.lt\/en\/wp-json\/wp\/v2\/product"}],"about":[{"href":"https:\/\/hugas.lt\/en\/wp-json\/wp\/v2\/types\/product"}],"replies":[{"embeddable":true,"href":"https:\/\/hugas.lt\/en\/wp-json\/wp\/v2\/comments?post=8275"}],"wp:featuredmedia":[{"embeddable":true,"href":"https:\/\/hugas.lt\/en\/wp-json\/wp\/v2\/media\/8279"}],"wp:attachment":[{"href":"https:\/\/hugas.lt\/en\/wp-json\/wp\/v2\/media?parent=8275"}],"wp:term":[{"taxonomy":"product_cat","embeddable":true,"href":"https:\/\/hugas.lt\/en\/wp-json\/wp\/v2\/product_cat?post=8275"},{"taxonomy":"product_tag","embeddable":true,"href":"https:\/\/hugas.lt\/en\/wp-json\/wp\/v2\/product_tag?post=8275"}],"curies":[{"name":"wp","href":"https:\/\/api.w.org\/{rel}","templated":true}]}}