{"id":8259,"date":"2021-05-25T12:34:24","date_gmt":"2021-05-25T10:34:24","guid":{"rendered":"https:\/\/hugas.lt\/?post_type=product&#038;p=8259"},"modified":"2025-11-26T15:20:54","modified_gmt":"2025-11-26T13:20:54","slug":"dziovinimo-spinta","status":"publish","type":"product","link":"https:\/\/hugas.lt\/en\/product\/dziovinimo-spinta\/","title":{"rendered":"D\u017eiovinimo spinta drabu\u017eiams d\u017eiovinti SHSO-10 V"},"content":{"rendered":"<h2>D\u017eiovinimo spinta drabu\u017eiams d\u017eiovinti<\/h2>\n<p>&nbsp;<\/p>\n<p>Matmenys:<\/p>\n<p>Auk\u0161tis &#8211; 2055mm.<\/p>\n<p>Plotis &#8211; 1000mm.<\/p>\n<p>Gylis &#8211; 625mm.<\/p>\n<p>Svoris &#8211; 148kg.<\/p>\n<p><span class=\"HwtZe\" lang=\"lt\"><span class=\"jCAhz ChMk0b\"><span class=\"ryNqvb\">ShSO-10B drabu\u017ei\u0173 d\u017eiovinimo spinta yra moderni \u012franga, u\u017etikrinanti greit\u0105 \u0161lapi\u0173 drabu\u017ei\u0173 d\u017eiovinim\u0105 u\u017edarame d\u0117kle.<\/span><\/span> <span class=\"jCAhz ChMk0b\"><span class=\"ryNqvb\">Spintel\u0117s \u012frengiamos sporto objektuose, greitojo reagavimo tarnybose ir \u012fmon\u0117se, kurios naudojasi kei\u010diamomis uniformomis.<\/span><\/span> <span class=\"jCAhz ChMk0b\"><span class=\"ryNqvb\">J\u0173 d\u0117ka daiktai greitai i\u0161d\u017ei\u016bsta, tod\u0117l drabu\u017eiai bus sausi prie\u0161 kit\u0105 naudojim\u0105.<\/span><\/span> <\/span><\/p>\n<p><span class=\"HwtZe\" lang=\"lt\"><span class=\"jCAhz ChMk0b\"><span class=\"ryNqvb\">D\u017eiovinimo \u012frangos ypatyb\u0117: <\/span><\/span><\/span><\/p>\n<p><span class=\"HwtZe\" lang=\"lt\"><span class=\"jCAhz ChMk0b\"><span class=\"ryNqvb\">\u012e<\/span><\/span><span class=\"jCAhz ChMk0b\"><span class=\"ryNqvb\">rangos korpusas pagamintas i\u0161 metalo, tod\u0117l padid\u0117ja atsparumas apkrovoms ir prie\u0161laikiniam nusid\u0117v\u0117jimui.<\/span><\/span><\/span><\/p>\n<p><span class=\"HwtZe\" lang=\"lt\"> <span class=\"jCAhz ChMk0b\"><span class=\"ryNqvb\">D\u017eiovinimo spinta veikia p\u016btimo arba \u0161ildymo re\u017eimu, priklausomai nuo nustatyto re\u017eimo.<\/span><\/span> <\/span><\/p>\n<p><span class=\"HwtZe\" lang=\"lt\"><span class=\"jCAhz ChMk0b\"><span class=\"ryNqvb\">Energijos s\u0105naudos yra 1 kW arba 2 kW (pirmas arba antras veikimo re\u017eimas).<\/span><\/span> <\/span><\/p>\n<p><span class=\"HwtZe\" lang=\"lt\"><span class=\"jCAhz ChMk0b\"><span class=\"ryNqvb\">Valdymo skydelyje yra indikatoriai, kurie supaprastina \u012frenginio nustatym\u0105.<\/span><\/span> <\/span><\/p>\n<p><span class=\"HwtZe\" lang=\"lt\"><span class=\"jCAhz\"><span class=\"ryNqvb\">D\u017eiovinimo procesas vyksta d\u0117l dr\u0117gm\u0117s kaitinimo ir v\u0117lesnio jos pa\u0161alinimo per i\u0161metimo sistem\u0105.<\/span><\/span> <\/span><\/p>\n<p><span class=\"HwtZe\" lang=\"lt\"><span class=\"jCAhz ChMk0b\"><span class=\"ryNqvb\">Po d\u017eiovinimo spintos apa\u010dia sumontuoti kaitinimo elementai, kurie palaiko vartotojo nustatyt\u0105 temperat\u016br\u0105.<\/span><\/span> <\/span><\/p>\n<p><span class=\"HwtZe\" lang=\"lt\"><span class=\"jCAhz\"><span class=\"ryNqvb\">V\u0117dinimo \u012frenginio prijungimas prisideda prie efektyvios oro sraut\u0173 cirkuliacijos.<\/span><\/span> <\/span><\/p>\n<p>&nbsp;<\/p>\n<p><span class=\"HwtZe\" lang=\"lt\"><span class=\"jCAhz ChMk0b\"><span class=\"ryNqvb\">Technin\u0117s charakteristikos: <\/span><\/span> <\/span><\/p>\n<p><span class=\"HwtZe\" lang=\"lt\"><span class=\"jCAhz ChMk0b\"><span class=\"ryNqvb\">Ventiliatoriaus galia, W&#8230; 75. <\/span><\/span><\/span><\/p>\n<p><span class=\"HwtZe\" lang=\"lt\">\u0160<span class=\"jCAhz\"><span class=\"ryNqvb\">ildytuvo galia, W &#8230; 3000. <\/span><\/span> <\/span><\/p>\n<p><span class=\"HwtZe\" lang=\"lt\"><span class=\"jCAhz ChMk0b\"><span class=\"ryNqvb\">Apsauga nuo perkaitimo&#8230; Taip. <\/span><\/span><\/span><\/p>\n<p><span class=\"HwtZe\" lang=\"lt\"> <span class=\"jCAhz\"><span class=\"ryNqvb\">Oro cirkuliacija, m3\/h &#8230; 355. <\/span><\/span><\/span><\/p>\n<p><span class=\"HwtZe\" lang=\"lt\"> <span class=\"jCAhz ChMk0b\"><span class=\"ryNqvb\">Did\u017eiausia d\u017eiovinimo temperat\u016bra yra ne auk\u0161tesn\u0117 kaip&#8230; 60 \u00b0C. <\/span><\/span><\/span><\/p>\n<p><span class=\"HwtZe\" lang=\"lt\"> <span class=\"jCAhz ChMk0b\"><span class=\"ryNqvb\">Prijungimas prie elektros tinklo, faz\u0117 &#8211; 220-240V, 50-60 Hz 1 faz\u0117s elektros tinklo su \u012f\u017eeminimu. <\/span><\/span><\/span><\/p>\n<p><span class=\"HwtZe\" lang=\"lt\"><span class=\"jCAhz ChMk0b\"><span class=\"ryNqvb\">Kad daiktai atrodyt\u0173 gerai, drabu\u017eius galite pakabinti ant pe\u010di\u0173, tai yra j\u0173 nesulankstyti.<\/span><\/span> <span class=\"jCAhz\"><span class=\"ryNqvb\">D\u0117l to nereikia tiesinti ir lyginti audinio.<\/span><\/span> <span class=\"jCAhz ChMk0b\"><span class=\"ryNqvb\">Daugyb\u0117 atbrail\u0173 suteikia daug vietos personalo daiktams d\u017eiovinti.<\/span><\/span> <span class=\"jCAhz ChMk0b\"><span class=\"ryNqvb\">Norint apsaugoti metal\u0105 nuo korozijos, naudojamas i\u0161ankstinis apdorojimas, o v\u0117liau da\u017eymas milteliniais da\u017eais.<\/span><\/span> <span class=\"jCAhz ChMk0b\"><span class=\"ryNqvb\">Taip i\u0161vengiama r\u016bd\u017ei\u0173 atsiradimo, o tai svarbu, nes nuo \u0161lapio audinio gali nuvarv\u0117ti vanduo.<\/span><\/span> <span class=\"jCAhz ChMk0b\"><span class=\"ryNqvb\">Korpuso viduje jis nesusirinks, nes jo apa\u010dioje sumontuotas specialus indas vandeniui surinkti.<\/span><\/span> <span class=\"jCAhz ChMk0b\"><span class=\"ryNqvb\">Drabu\u017ei\u0173 d\u017eiovinimo spinta yra pelningas pirkinys organizacijoms, kuriose uniformos lieka dr\u0117gnos po darbo pamainos, mokym\u0173 ar profesini\u0173 pareig\u0173 atlikimo.<\/span><\/span> <span class=\"jCAhz ChMk0b\"><span class=\"ryNqvb\">D\u017eiovinimo spinta padeda greitai i\u0161d\u017eiovinti daugyb\u0119 daikt\u0173.<\/span><\/span><\/span><\/p>\n<p>&nbsp;<\/p>","protected":false},"excerpt":{"rendered":"<p>D\u017eiovinimo spinta | Auk\u0161ta kokyb\u0117 | Tvirta konstrukcija | Greitas pristatymas | Metaliniai baldai | I\u0161sirinkite Jums tinkam\u0105 gamin\u012f |<\/p>","protected":false},"featured_media":12526,"comment_status":"open","ping_status":"closed","template":"","meta":[],"product_cat":[38,79],"product_tag":[],"_links":{"self":[{"href":"https:\/\/hugas.lt\/en\/wp-json\/wp\/v2\/product\/8259"}],"collection":[{"href":"https:\/\/hugas.lt\/en\/wp-json\/wp\/v2\/product"}],"about":[{"href":"https:\/\/hugas.lt\/en\/wp-json\/wp\/v2\/types\/product"}],"replies":[{"embeddable":true,"href":"https:\/\/hugas.lt\/en\/wp-json\/wp\/v2\/comments?post=8259"}],"wp:featuredmedia":[{"embeddable":true,"href":"https:\/\/hugas.lt\/en\/wp-json\/wp\/v2\/media\/12526"}],"wp:attachment":[{"href":"https:\/\/hugas.lt\/en\/wp-json\/wp\/v2\/media?parent=8259"}],"wp:term":[{"taxonomy":"product_cat","embeddable":true,"href":"https:\/\/hugas.lt\/en\/wp-json\/wp\/v2\/product_cat?post=8259"},{"taxonomy":"product_tag","embeddable":true,"href":"https:\/\/hugas.lt\/en\/wp-json\/wp\/v2\/product_tag?post=8259"}],"curies":[{"name":"wp","href":"https:\/\/api.w.org\/{rel}","templated":true}]}}