{"id":8253,"date":"2021-05-25T10:20:17","date_gmt":"2021-05-25T08:20:17","guid":{"rendered":"https:\/\/hugas.lt\/?post_type=product&#038;p=8253"},"modified":"2021-06-02T11:16:30","modified_gmt":"2021-06-02T09:16:30","slug":"mobilus-staliukas-su-rozetemis-metalinis","status":"publish","type":"product","link":"https:\/\/hugas.lt\/en\/product\/mobilus-staliukas-su-rozetemis-metalinis\/","title":{"rendered":"Mobilus staliukas su rozet\u0117mis, metalinis"},"content":{"rendered":"<h2>Mobilus staliukas su rozet\u0117mis<\/h2>\n<p>&nbsp;<\/p>\n<p>Matmenys &#8211; Auk\u0161tis 790mm, gylis 455mm, plotis 500mm. 3 lentynos.<\/p>\n<p>Montavimo darbai da\u017enai siejami su prietais\u0173 ir pramonini\u0173 \u012franki\u0173 naudojimu. Jie tur\u0117t\u0173 b\u016bti po ranka, ta\u010diau nepatogu kiekvien\u0105 kart\u0105 pasiimti su savimi. Patogiau naudoti SP-3P mobil\u0173 staliuk\u0105, pateikt\u0105 \u201eHugas\u201c svetain\u0117je. Jie skirti matavimo prietaisams laikyti ir gabenti. D\u0117l to specialistas greitai gauna prieig\u0105 prie \u012frangos, o tai teigiamai veikia darbo efektyvum\u0105.<\/p>\n<p>Mobilus staliukas, kurio darbinis pavir\u0161ius susideda i\u0161 trij\u0173 lentyn\u0173. Ant j\u0173 yra \u0161onai, kurie neleid\u017eia \u012frankiams nukristi ant grind\u0173. Lentynos b\u016bna skirtingo dyd\u017eio, tod\u0117l ant j\u0173 patogu u\u017ed\u0117ti bet koki\u0105 \u012frang\u0105. Vidurin\u0117 lentyna yra nuimama ir j\u0105 taip pat galima reguliuoti. Centrin\u0117je stovo dalyje yra trys lizdai, \u012f kuriuos \u012fjungti prietaisai. Juos papildo \u012f\u017eeminimas, jungikli\u0173 ir kabeli\u0173 jungtys. Stovas juda keturiais sukamaisiais ratais. Jis yra labai stiprus, tod\u0117l gali atlaikyti iki 130 kg apkrovas.<\/p>\n<p>Prietaiso konstrukcija turi optimalius matmenis, o 790 mm auk\u0161\u010dio d\u0117ka jis yra patogiai i\u0161d\u0117stytas \u0161alia darbo vietos. \u012eranga pagaminta i\u0161 lak\u0161tinio metalo. Jis i\u0161 anksto apdorotas ir da\u017eomas milteliniais da\u017eais. Tai padidina atsparum\u0105 korozijai ir ma\u017eiems \u012fbr\u0117\u017eimams. Stovas gali b\u016bti naudojamas patalpose, kuriose yra daug dr\u0117gm\u0117s, taip pat tiesiogiai kontaktuojant su skys\u010diais. Jis turi \u0161viesiai pilk\u0105 spalv\u0105, kuri pabr\u0117\u017eia dirbtuv\u0117s interjer\u0105.<\/p>","protected":false},"excerpt":{"rendered":"<p>Mobilus staliukas su rozet\u0117mis | Auk\u0161ta kokyb\u0117 | Tvirta konstrukcija | Miltelinis da\u017eymas | Metaliniai baldai<\/p>","protected":false},"featured_media":8257,"comment_status":"open","ping_status":"closed","template":"","meta":[],"product_cat":[56],"product_tag":[],"_links":{"self":[{"href":"https:\/\/hugas.lt\/en\/wp-json\/wp\/v2\/product\/8253"}],"collection":[{"href":"https:\/\/hugas.lt\/en\/wp-json\/wp\/v2\/product"}],"about":[{"href":"https:\/\/hugas.lt\/en\/wp-json\/wp\/v2\/types\/product"}],"replies":[{"embeddable":true,"href":"https:\/\/hugas.lt\/en\/wp-json\/wp\/v2\/comments?post=8253"}],"wp:featuredmedia":[{"embeddable":true,"href":"https:\/\/hugas.lt\/en\/wp-json\/wp\/v2\/media\/8257"}],"wp:attachment":[{"href":"https:\/\/hugas.lt\/en\/wp-json\/wp\/v2\/media?parent=8253"}],"wp:term":[{"taxonomy":"product_cat","embeddable":true,"href":"https:\/\/hugas.lt\/en\/wp-json\/wp\/v2\/product_cat?post=8253"},{"taxonomy":"product_tag","embeddable":true,"href":"https:\/\/hugas.lt\/en\/wp-json\/wp\/v2\/product_tag?post=8253"}],"curies":[{"name":"wp","href":"https:\/\/api.w.org\/{rel}","templated":true}]}}